{"id":27680,"date":"2024-12-15T07:44:42","date_gmt":"2024-12-15T07:44:42","guid":{"rendered":"https:\/\/avesaguiar.ch\/produit\/euro-premium-derma-salmao-adulto-10kg-sem-cereais-75-proteina\/"},"modified":"2024-12-15T07:44:42","modified_gmt":"2024-12-15T07:44:42","slug":"euro-premium-derma-salmao-adulto-10kg-sem-cereais-75-proteina","status":"publish","type":"product","link":"https:\/\/avesaguiar.ch\/pt-pt\/produit\/euro-premium-derma-salmao-adulto-10kg-sem-cereais-75-proteina\/","title":{"rendered":"Euro Premium- Derma+ (Salm\u00e3o) Adulto 10kg (Sem cereais) 75% Prote\u00edna"},"content":{"rendered":"<p>Euro-Premium Derma+ Ra\u00e7as Grandes e M\u00e9dias Adultos<\/p>\n<p><strong>Prote\u00ednas animais: 75%.<\/strong><\/p>\n<p>Functional \u00e9 o alimento sem cereais perfeito para c\u00e3es adultos com necessidades especiais, quer estas resultem de uma digest\u00e3o dif\u00edcil, de problemas de pele e de pelagem ou de esteriliza\u00e7\u00e3o\/neutraliza\u00e7\u00e3o.<\/p>\n<p>Como o nome da nossa gama sugere, os alimentos Functionnal cont\u00eam ingredientes funcionais que tratam certos problemas e melhoram a sa\u00fade geral do teu c\u00e3o. Por isso, estes alimentos tamb\u00e9m podem ser dados ao teu animal de estima\u00e7\u00e3o como medida preventiva. <\/p>\n<p>Os produtos Functionnal cont\u00eam antioxidantes naturais e uma mistura \u00fanica de extractos de plantas. Estes antioxidantes, derivados da curcuma, do alecrim, do cravinho, da videira e dos citrinos, ajudam a equilibrar e a fortalecer o sistema imunit\u00e1rio do teu c\u00e3o. <\/p>\n<p>A gama Funcional cont\u00e9m igualmente uma mistura potente de probi\u00f3ticos como FOS, MOS e XOS. Esta mistura de fibras sol\u00faveis e insol\u00faveis garante uma digest\u00e3o \u00f3ptima dos alimentos. <\/p>\n<p>O principal ingrediente dos produtos funcionais? Carne ou peixe, fontes importantes de amino\u00e1cidos que tamb\u00e9m ajudam a digest\u00e3o. <\/p>\n<p>Por \u00faltimo, os alimentos funcionais n\u00e3o cont\u00eam cereais. Estes s\u00e3o substitu\u00eddos por batatas e legumes, que fornecem uma quantidade equivalente de energia. Porqu\u00ea retirar os cereais da nossa alimenta\u00e7\u00e3o? Porque alguns c\u00e3es s\u00e3o intolerantes a eles, ao passo que as batatas e os legumes n\u00e3o representam um risco compar\u00e1vel. Al\u00e9m disso, estes substitutos dos cereais s\u00e3o naturalmente ricos em vitamina C.    <\/p>\n<p>O teu c\u00e3o tem a pele ou o pelo fr\u00e1geis? Escolhe Derma+. <\/p>\n<p>Para c\u00e3es com pele ou pelagem sens\u00edveis, \u00e9 importante escolher uma fonte de prote\u00edna de alta qualidade com baixo risco de rea\u00e7\u00e3o. Nos alimentos Derma+, esta fonte n\u00e3o \u00e9 outra sen\u00e3o o salm\u00e3o. Combinado com o krill ant\u00e1rtico e o \u00f3leo de peixe, o salm\u00e3o fornece uma propor\u00e7\u00e3o ideal de \u00f3mega 3 e \u00f3mega 6, bem como EPA e DHA suficientes para uma pele e pelo saud\u00e1veis. O zinco, a biotina e a L-tirosina tamb\u00e9m desempenham um papel crucial, uma vez que esta \u00faltima previne a descolora\u00e7\u00e3o do pelo. Derma+ n\u00e3o cont\u00e9m cereais nem produtos l\u00e1cteos.    <\/p>\n<p>Alimento completo super premium para c\u00e3es adultos (&gt;1 ano) de ra\u00e7as m\u00e9dias e grandes (&gt;10kg). &#8211; Recomendado para c\u00e3es com pele e pelo sens\u00edveis. A propor\u00e7\u00e3o ideal de \u00e1cidos gordos \u00f3mega 3 e \u00f3mega 6 e o excelente teor de zinco e biotina devolvem a luminosidade \u00e0 pele e ao pelo. Alguns ingredientes podem causar problemas de est\u00f4mago, digestivos e\/ou cut\u00e2neos. Esta sele\u00e7\u00e3o \u00fanica de ingredientes naturais, salm\u00e3o e batatas minimiza o risco de reac\u00e7\u00f5es al\u00e9rgicas. Este alimento de qualidade \u00e9 tamb\u00e9m enriquecido com extractos de plantas para apoiar o desenvolvimento do sistema imunit\u00e1rio natural. Os prebi\u00f3ticos (FOS, MOS e XOS) e a polpa de beterraba promovem uma boa digest\u00e3o e refor\u00e7am o sistema imunit\u00e1rio.      <\/p>\n<p>Salm\u00e3o (50%, reidratado), batatas, gordura de galinha, ervilhas, f\u00edgado de aves hidrolisado, levedura, polpa de beterraba, salm\u00e3o hidrolisado, carbonato de c\u00e1lcio, krill ant\u00e1rtico, algas marinhas, \u00f3leo de peixe refinado, glucosamina, sulfato de condroitina, FOS, MOS, XOS, lecitina, extractos de plantas (Citrus sp. Syzygium sp., Curcuma sp., Alecrim sp. e Vitis sp.).<\/p>\n<p>Prote\u00edna bruta: 25,5% &#8211; teor de gordura: 15% &#8211; fibra bruta: 2,5% &#8211; cinzas brutas: 7,5% &#8211; c\u00e1lcio: 1,35% &#8211; f\u00f3sforo: 0,9%.<\/p>\n<p>DISPON\u00cdVEL EM -10kg<\/p>\n","protected":false},"excerpt":{"rendered":"<p>Functional \u00e9 o alimento sem cereais perfeito para c\u00e3es adultos com necessidades especiais, quer estas resultem de uma digest\u00e3o dif\u00edcil, de problemas de pele e de pelagem ou de esteriliza\u00e7\u00e3o\/neutraliza\u00e7\u00e3o.<\/p>\n","protected":false},"featured_media":22533,"comment_status":"open","ping_status":"closed","template":"","meta":[],"product_brand":[182],"product_cat":[345,264],"product_tag":[],"class_list":{"0":"post-27680","1":"product","2":"type-product","3":"status-publish","4":"has-post-thumbnail","6":"product_brand-beyers","7":"product_cat-alimentacao-electrica-3","8":"product_cat-cao","11":"first","12":"instock","13":"sale","14":"shipping-taxable","15":"purchasable","16":"product-type-simple"},"jetpack_sharing_enabled":true,"_links":{"self":[{"href":"https:\/\/avesaguiar.ch\/pt-pt\/wp-json\/wp\/v2\/product\/27680","targetHints":{"allow":["GET"]}}],"collection":[{"href":"https:\/\/avesaguiar.ch\/pt-pt\/wp-json\/wp\/v2\/product"}],"about":[{"href":"https:\/\/avesaguiar.ch\/pt-pt\/wp-json\/wp\/v2\/types\/product"}],"replies":[{"embeddable":true,"href":"https:\/\/avesaguiar.ch\/pt-pt\/wp-json\/wp\/v2\/comments?post=27680"}],"wp:featuredmedia":[{"embeddable":true,"href":"https:\/\/avesaguiar.ch\/pt-pt\/wp-json\/wp\/v2\/media\/22533"}],"wp:attachment":[{"href":"https:\/\/avesaguiar.ch\/pt-pt\/wp-json\/wp\/v2\/media?parent=27680"}],"wp:term":[{"taxonomy":"product_brand","embeddable":true,"href":"https:\/\/avesaguiar.ch\/pt-pt\/wp-json\/wp\/v2\/product_brand?post=27680"},{"taxonomy":"product_cat","embeddable":true,"href":"https:\/\/avesaguiar.ch\/pt-pt\/wp-json\/wp\/v2\/product_cat?post=27680"},{"taxonomy":"product_tag","embeddable":true,"href":"https:\/\/avesaguiar.ch\/pt-pt\/wp-json\/wp\/v2\/product_tag?post=27680"}],"curies":[{"name":"wp","href":"https:\/\/api.w.org\/{rel}","templated":true}]}}