{"id":27697,"date":"2025-01-06T18:55:28","date_gmt":"2025-01-06T18:55:28","guid":{"rendered":"https:\/\/avesaguiar.ch\/produit\/lisocur\/"},"modified":"2025-01-06T18:55:28","modified_gmt":"2025-01-06T18:55:28","slug":"lisocur","status":"publish","type":"product","link":"https:\/\/avesaguiar.ch\/pt-pt\/produit\/lisocur\/","title":{"rendered":"Lisocur+"},"content":{"rendered":"<h1 class=\"product-details-product-title\">Lisocur+<\/h1>\n<div class=\"product-description product-details--form-wrapper---below rte\">\n<div class=\"easytabs-text\">\n<div>\n<p><b>Refor\u00e7a o sistema imunit\u00e1rio dos teus pombos e aves com a nossa cura de sa\u00fade de a\u00e7\u00e3o r\u00e1pida.<\/b><\/p>\n<p>Um produto completo \u00e0 base de extractos de plantas, \u00f3leos essenciais e todos os suplementos de que necessitas para manter o teu sistema imunit\u00e1rio.<\/p>\n<p>Assegura a desobstru\u00e7\u00e3o das vias respirat\u00f3rias, apoia o sistema respirat\u00f3rio, estimula a fun\u00e7\u00e3o intestinal, aumenta a flora intestinal e coloca os pombos em boas condi\u00e7\u00f5es no in\u00edcio da \u00e9poca de voo.<\/p>\n<p>Benef\u00edcios<\/p>\n<ul>\n<li>Desobstrui as vias respirat\u00f3rias<\/li>\n<li>Melhora a digest\u00e3o<\/li>\n<li>Refor\u00e7a as defesas naturais<\/li>\n<li>Refor\u00e7a o sistema imunit\u00e1rio<\/li>\n<li>Desempenha um papel na resist\u00eancia a doen\u00e7as<\/li>\n<li>Estimula a fun\u00e7\u00e3o intestinal<\/li>\n<\/ul>\n<\/div>\n<\/div>\n<div id=\"6750356242592\" class=\"easytabs-container tab-widget-6750356242592 easytabs-inited\" data-et-min-width=\"0\" data-et-auto-accordion=\"0\" data-et-cbw=\"1\" data-et-cbr=\"3\" data-et-sta=\"1\" data-et-amp=\"0\" data-et-flx=\"0\" data-et-wt=\"0\" data-et-ao=\"1\" data-et-tabs-width=\"178\">\n<div class=\"easytabs-holder easytabs-accordion\">\n<ul class=\"easytabs-tabs\" role=\"tablist\">\n<li class=\"easytabs-tab-item easytabs-active\" tabindex=\"0\" role=\"tab\" data-et-marker=\"tabs-lisocur-pigeon-2\" data-et-handle=\"tabs-usage\" aria-labelledby=\"easytabs-tab-label-6750356242592-0\" aria-selected=\"true\">\n<\/li>\n<\/ul>\n<div class=\"easytabs-contents\" role=\"tablist\">\n<div class=\"easytabs-content-item easytabs-active\" data-et-marker=\"tabs-lisocur-pigeon-2\" data-et-handle=\"tabs-usage\">\n<div class=\"easytabs-accordion-item\" tabindex=\"0\" role=\"tab\" aria-labelledby=\"easytabs-slide-label-6750356242592-0\" aria-selected=\"true\"><strong><span id=\"easytabs-slide-label-6750356242592-0\" class=\"easytabs-header-text ui-tabs-anchor js-no-transition\">Utiliza\u00e7\u00e3o<\/span><\/strong><\/div>\n<div class=\"easytabs-content-holder\" role=\"tabpanel\" aria-labelledby=\"easytabs-slide-label-6750356242592-0\" aria-expanded=\"true\" aria-hidden=\"false\">\n<p>15 ml por 2 l de \u00e1gua de bebida (misturar bem para dissolver) ou por 1 kg de alimento durante a \u00e9poca de reprodu\u00e7\u00e3o e de competi\u00e7\u00e3o (pombos jovens) (aves 5 ml por 0,5 litro)<\/p>\n<p>Em caso de problemas com os pombos jovens, administrar durante 5 dias com <b><i>Roni<\/i><\/b>.<\/p>\n<p>Recomenda-se a utiliza\u00e7\u00e3o simult\u00e2nea: <b><i>Lisocur Col\u00edrio<\/i><\/b> e <i><b>Lisocur Loftspray.<\/b><\/i><\/p>\n<\/div>\n<\/div>\n<\/div>\n<\/div>\n<\/div>\n<\/div>\n","protected":false},"excerpt":{"rendered":"<ul>\n<li>Desobstrui as vias respirat\u00f3rias<\/li>\n<li>Melhora a digest\u00e3o<\/li>\n<li>Refor\u00e7a as defesas naturais<\/li>\n<li>Refor\u00e7a o sistema imunit\u00e1rio<\/li>\n<li>Desempenha um papel na resist\u00eancia a doen\u00e7as<\/li>\n<li>Estimula a fun\u00e7\u00e3o intestinal<\/li>\n<\/ul>\n","protected":false},"featured_media":23247,"comment_status":"open","ping_status":"closed","template":"","meta":[],"product_brand":[186],"product_cat":[251,256,222,248],"product_tag":[],"class_list":{"0":"post-27697","1":"product","2":"type-product","3":"status-publish","4":"has-post-thumbnail","6":"product_brand-comed-nv","7":"product_cat-aves","8":"product_cat-pombos","9":"product_cat-suplementos-alimentares","10":"product_cat-suplementos-alimentares-2","11":"product_shipping_class-postpac-economia-2kg","14":"first","15":"instock","16":"sale","17":"shipping-taxable","18":"purchasable","19":"product-type-variable","20":"has-default-attributes"},"jetpack_sharing_enabled":true,"_links":{"self":[{"href":"https:\/\/avesaguiar.ch\/pt-pt\/wp-json\/wp\/v2\/product\/27697","targetHints":{"allow":["GET"]}}],"collection":[{"href":"https:\/\/avesaguiar.ch\/pt-pt\/wp-json\/wp\/v2\/product"}],"about":[{"href":"https:\/\/avesaguiar.ch\/pt-pt\/wp-json\/wp\/v2\/types\/product"}],"replies":[{"embeddable":true,"href":"https:\/\/avesaguiar.ch\/pt-pt\/wp-json\/wp\/v2\/comments?post=27697"}],"wp:featuredmedia":[{"embeddable":true,"href":"https:\/\/avesaguiar.ch\/pt-pt\/wp-json\/wp\/v2\/media\/23247"}],"wp:attachment":[{"href":"https:\/\/avesaguiar.ch\/pt-pt\/wp-json\/wp\/v2\/media?parent=27697"}],"wp:term":[{"taxonomy":"product_brand","embeddable":true,"href":"https:\/\/avesaguiar.ch\/pt-pt\/wp-json\/wp\/v2\/product_brand?post=27697"},{"taxonomy":"product_cat","embeddable":true,"href":"https:\/\/avesaguiar.ch\/pt-pt\/wp-json\/wp\/v2\/product_cat?post=27697"},{"taxonomy":"product_tag","embeddable":true,"href":"https:\/\/avesaguiar.ch\/pt-pt\/wp-json\/wp\/v2\/product_tag?post=27697"}],"curies":[{"name":"wp","href":"https:\/\/api.w.org\/{rel}","templated":true}]}}