{"id":27759,"date":"2025-01-10T20:12:45","date_gmt":"2025-01-10T20:12:45","guid":{"rendered":"https:\/\/avesaguiar.ch\/produit\/cacho-chines-amarelo\/"},"modified":"2025-01-10T20:12:45","modified_gmt":"2025-01-10T20:12:45","slug":"cacho-chines-amarelo","status":"publish","type":"product","link":"https:\/\/avesaguiar.ch\/pt-pt\/produit\/cacho-chines-amarelo\/","title":{"rendered":"Cacho chin\u00eas amarelo"},"content":{"rendered":"<p>Chinese Yellow Millet<\/p>\n<p>O pain\u00e7o \u00e9 um alimento natural para todos os p\u00e1ssaros.<\/p>\n<p>\u00c9 rico em prote\u00ednas e hidratos de carbono e cont\u00e9m tamb\u00e9m um grande n\u00famero de amino\u00e1cidos.<\/p>\n<p>O pain\u00e7o \u00e9 ideal para entreter os teus p\u00e1ssaros e evitar que eles arranquem as penas.<\/p>\n<p>O pain\u00e7o \u00e9 ideal para p\u00e1ssaros ex\u00f3ticos como can\u00e1rios e periquitos.<\/p>\n<p>Alterna com pain\u00e7o vermelho, que \u00e9 mais adequado para alimentar o tentilh\u00e3o de Gould.<\/p>\n<p>&nbsp;<\/p>\n","protected":false},"excerpt":{"rendered":"<p>Chinese Yellow Millet O pain\u00e7o \u00e9 um alimento natural para todos os p\u00e1ssaros. \u00c9 rico em prote\u00ednas e hidratos de carbono e cont\u00e9m tamb\u00e9m um grande n\u00famero de amino\u00e1cidos. O pain\u00e7o \u00e9 ideal para entreter os teus p\u00e1ssaros e evitar que eles arranquem as penas. O pain\u00e7o \u00e9 ideal para p\u00e1ssaros ex\u00f3ticos como can\u00e1rios e [&hellip;]<\/p>\n","protected":false},"featured_media":28599,"comment_status":"open","ping_status":"closed","template":"","meta":[],"product_brand":[182],"product_cat":[243,251,248],"product_tag":[],"class_list":{"0":"post-27759","1":"product","2":"type-product","3":"status-publish","4":"has-post-thumbnail","6":"product_brand-beyers","7":"product_cat-alimentacao-electrica-2","8":"product_cat-aves","9":"product_cat-suplementos-alimentares-2","12":"first","13":"instock","14":"shipping-taxable","15":"purchasable","16":"product-type-variable"},"jetpack_sharing_enabled":true,"_links":{"self":[{"href":"https:\/\/avesaguiar.ch\/pt-pt\/wp-json\/wp\/v2\/product\/27759","targetHints":{"allow":["GET"]}}],"collection":[{"href":"https:\/\/avesaguiar.ch\/pt-pt\/wp-json\/wp\/v2\/product"}],"about":[{"href":"https:\/\/avesaguiar.ch\/pt-pt\/wp-json\/wp\/v2\/types\/product"}],"replies":[{"embeddable":true,"href":"https:\/\/avesaguiar.ch\/pt-pt\/wp-json\/wp\/v2\/comments?post=27759"}],"wp:featuredmedia":[{"embeddable":true,"href":"https:\/\/avesaguiar.ch\/pt-pt\/wp-json\/wp\/v2\/media\/28599"}],"wp:attachment":[{"href":"https:\/\/avesaguiar.ch\/pt-pt\/wp-json\/wp\/v2\/media?parent=27759"}],"wp:term":[{"taxonomy":"product_brand","embeddable":true,"href":"https:\/\/avesaguiar.ch\/pt-pt\/wp-json\/wp\/v2\/product_brand?post=27759"},{"taxonomy":"product_cat","embeddable":true,"href":"https:\/\/avesaguiar.ch\/pt-pt\/wp-json\/wp\/v2\/product_cat?post=27759"},{"taxonomy":"product_tag","embeddable":true,"href":"https:\/\/avesaguiar.ch\/pt-pt\/wp-json\/wp\/v2\/product_tag?post=27759"}],"curies":[{"name":"wp","href":"https:\/\/api.w.org\/{rel}","templated":true}]}}