{"id":27760,"date":"2025-01-09T20:31:19","date_gmt":"2025-01-09T20:31:19","guid":{"rendered":"https:\/\/avesaguiar.ch\/produit\/pro-smoke-3-pastilhas-de-fumo\/"},"modified":"2025-01-09T20:31:19","modified_gmt":"2025-01-09T20:31:19","slug":"pro-smoke-3-pastilhas-de-fumo","status":"publish","type":"product","link":"https:\/\/avesaguiar.ch\/pt-pt\/produit\/pro-smoke-3-pastilhas-de-fumo\/","title":{"rendered":"Pro-Smoke &#8211; 3 pastilhas de fumo"},"content":{"rendered":"<p>Pro-Smoke: 3 pastilhas de fumo<\/p>\n<p>Repele parasitas como moscas, tra\u00e7as, piolhos, etc.<\/p>\n<p>Cont\u00e9m apenas ingredientes naturais, plantas e \u00f3leos essenciais.<\/p>\n<p>Pro-Smoke tem um duplo efeito para melhorar o bem-estar das aves, pombos e aves dom\u00e9sticas. Repele os parasitas, tais como moscas, \u00e1caros, piolhos, etc. O produto tem um efeito positivo, uma vez que purifica as vias respirat\u00f3rias. As aves, os pombos e as aves dom\u00e9sticas podem seguir o tratamento com fumo de forma f\u00e1cil e segura. Gra\u00e7as \u00e0 composi\u00e7\u00e3o \u00fanica do Pro-Smoke, forma uma nuvem flutuante de cerca de 75m\u00b3.    <\/p>\n<p>Instru\u00e7\u00f5es de seguran\u00e7a :<\/p>\n<p>Coloca a prateleira sobre uma superf\u00edcie de pedra ou de terracota para evitar queimar ou queimar materiais inflam\u00e1veis. Mant\u00e9m a chama em contacto com a prateleira o tempo suficiente para que a combust\u00e3o ocorra sem se apagar. Evita o contacto com a cinza extinta durante pelo menos 15 minutos para evitar ferimentos e garantir que a cinza extinta pode ser transportada em seguran\u00e7a. Manuseia o produto com cuidado e mant\u00e9m-no afastado das crian\u00e7as. Pro-Smoke cont\u00e9m apenas ingredientes naturais, plantas e \u00f3leos essenciais.    <\/p>\n<p>&nbsp;<\/p>\n","protected":false},"excerpt":{"rendered":"<p>Repele parasitas como moscas, tra\u00e7as, piolhos, etc.<\/p>\n","protected":false},"featured_media":23777,"comment_status":"open","ping_status":"closed","template":"","meta":[],"product_brand":[182],"product_cat":[251,319,320,256],"product_tag":[],"class_list":{"0":"post-27760","1":"product","2":"type-product","3":"status-publish","4":"has-post-thumbnail","6":"product_brand-beyers","7":"product_cat-aves","8":"product_cat-limpeza-higiene","9":"product_cat-limpeza-higiene-2","10":"product_cat-pombos","13":"first","14":"onbackorder","15":"shipping-taxable","16":"purchasable","17":"product-type-simple"},"jetpack_sharing_enabled":true,"_links":{"self":[{"href":"https:\/\/avesaguiar.ch\/pt-pt\/wp-json\/wp\/v2\/product\/27760","targetHints":{"allow":["GET"]}}],"collection":[{"href":"https:\/\/avesaguiar.ch\/pt-pt\/wp-json\/wp\/v2\/product"}],"about":[{"href":"https:\/\/avesaguiar.ch\/pt-pt\/wp-json\/wp\/v2\/types\/product"}],"replies":[{"embeddable":true,"href":"https:\/\/avesaguiar.ch\/pt-pt\/wp-json\/wp\/v2\/comments?post=27760"}],"wp:featuredmedia":[{"embeddable":true,"href":"https:\/\/avesaguiar.ch\/pt-pt\/wp-json\/wp\/v2\/media\/23777"}],"wp:attachment":[{"href":"https:\/\/avesaguiar.ch\/pt-pt\/wp-json\/wp\/v2\/media?parent=27760"}],"wp:term":[{"taxonomy":"product_brand","embeddable":true,"href":"https:\/\/avesaguiar.ch\/pt-pt\/wp-json\/wp\/v2\/product_brand?post=27760"},{"taxonomy":"product_cat","embeddable":true,"href":"https:\/\/avesaguiar.ch\/pt-pt\/wp-json\/wp\/v2\/product_cat?post=27760"},{"taxonomy":"product_tag","embeddable":true,"href":"https:\/\/avesaguiar.ch\/pt-pt\/wp-json\/wp\/v2\/product_tag?post=27760"}],"curies":[{"name":"wp","href":"https:\/\/api.w.org\/{rel}","templated":true}]}}