{"id":27764,"date":"2025-01-09T21:55:21","date_gmt":"2025-01-09T21:55:21","guid":{"rendered":"https:\/\/avesaguiar.ch\/produit\/couvresol-po-branco-para-pombais\/"},"modified":"2025-01-09T21:55:21","modified_gmt":"2025-01-09T21:55:21","slug":"couvresol-po-branco-para-pombais","status":"publish","type":"product","link":"https:\/\/avesaguiar.ch\/pt-pt\/produit\/couvresol-po-branco-para-pombais\/","title":{"rendered":"Couvresol, p\u00f3 branco para pombais"},"content":{"rendered":"<p><span style=\"font-family: Calibri;\">Couvresol, p\u00f3 branco para casas de pombos. 5Kg <\/span><\/p>\n<p><span style=\"font-family: Calibri;\">  Espalha-se no ch\u00e3o, nos poleiros e nas caixas de nidifica\u00e7\u00e3o.<\/span><\/p>\n<p><span style=\"font-family: Calibri;\">&#8211; Ideal para secar o s\u00f3t\u00e3o<\/span><\/p>\n<p><span style=\"font-family: Calibri;\">&#8211; Higi\u00e9nico<\/span><\/p>\n<p><span style=\"font-family: Calibri;\">&#8211; Bom cheiro<\/span><\/p>\n<p><span style=\"font-family: Calibri;\">&#8211; F\u00e1cil de limpar<\/span><\/p>\n","protected":false},"excerpt":{"rendered":"<p><span style=\"font-family: Calibri;\">-Dispersa no solo, nos poleiros e nas caixas-ninho.<\/span><\/p>\n<p><span style=\"font-family: Calibri;\">&#8211; Ideal para secar o s\u00f3t\u00e3o<\/span><\/p>\n<p><span style=\"font-family: Calibri;\">&#8211; Higi\u00e9nico<\/span><\/p>\n<p><span style=\"font-family: Calibri;\">&#8211; Cheira bem<\/span><\/p>\n<p><span style=\"font-family: Calibri;\">&#8211; F\u00e1cil de limpar<\/span><\/p>\n","protected":false},"featured_media":23843,"comment_status":"open","ping_status":"closed","template":"","meta":[],"product_brand":[182],"product_cat":[319,256],"product_tag":[],"class_list":{"0":"post-27764","1":"product","2":"type-product","3":"status-publish","4":"has-post-thumbnail","6":"product_brand-beyers","7":"product_cat-limpeza-higiene","8":"product_cat-pombos","11":"first","12":"instock","13":"shipping-taxable","14":"purchasable","15":"product-type-simple"},"jetpack_sharing_enabled":true,"_links":{"self":[{"href":"https:\/\/avesaguiar.ch\/pt-pt\/wp-json\/wp\/v2\/product\/27764","targetHints":{"allow":["GET"]}}],"collection":[{"href":"https:\/\/avesaguiar.ch\/pt-pt\/wp-json\/wp\/v2\/product"}],"about":[{"href":"https:\/\/avesaguiar.ch\/pt-pt\/wp-json\/wp\/v2\/types\/product"}],"replies":[{"embeddable":true,"href":"https:\/\/avesaguiar.ch\/pt-pt\/wp-json\/wp\/v2\/comments?post=27764"}],"wp:featuredmedia":[{"embeddable":true,"href":"https:\/\/avesaguiar.ch\/pt-pt\/wp-json\/wp\/v2\/media\/23843"}],"wp:attachment":[{"href":"https:\/\/avesaguiar.ch\/pt-pt\/wp-json\/wp\/v2\/media?parent=27764"}],"wp:term":[{"taxonomy":"product_brand","embeddable":true,"href":"https:\/\/avesaguiar.ch\/pt-pt\/wp-json\/wp\/v2\/product_brand?post=27764"},{"taxonomy":"product_cat","embeddable":true,"href":"https:\/\/avesaguiar.ch\/pt-pt\/wp-json\/wp\/v2\/product_cat?post=27764"},{"taxonomy":"product_tag","embeddable":true,"href":"https:\/\/avesaguiar.ch\/pt-pt\/wp-json\/wp\/v2\/product_tag?post=27764"}],"curies":[{"name":"wp","href":"https:\/\/api.w.org\/{rel}","templated":true}]}}