{"id":27794,"date":"2025-01-09T19:57:54","date_gmt":"2025-01-09T19:57:54","guid":{"rendered":"https:\/\/avesaguiar.ch\/produit\/licefree-liquido-para-traca-das-aves-500ml\/"},"modified":"2025-01-09T19:57:54","modified_gmt":"2025-01-09T19:57:54","slug":"licefree-liquido-para-traca-das-aves-500ml","status":"publish","type":"product","link":"https:\/\/avesaguiar.ch\/pt-pt\/produit\/licefree-liquido-para-traca-das-aves-500ml\/","title":{"rendered":"Licefree L\u00edquido para tra\u00e7a das aves 500ml"},"content":{"rendered":"<p><span style=\"font-family: Calibri;\">Licefree Liquid 500ml<\/span><\/p>\n<p><span style=\"font-family: Calibri;\">Concentrado \u00e9 uma solu\u00e7\u00e3o pronta a usar para controlar os \u00e1caros das aves ou \u00e1caros em gaiolas de aves, pombos e aves dom\u00e9sticas.<\/span><\/p>\n<p><span style=\"font-family: Calibri;\">Contra \u00e1caros, piolhos do sangue e pulgas para pombos, p\u00e1ssaros e aves dom\u00e9sticas!<\/span><\/p>\n<p><span style=\"font-family: Calibri;\">Ingredientes:<\/span><\/p>\n<p><span style=\"font-family: Calibri;\">Silicone.<\/span><\/p>\n<p><span style=\"font-family: Calibri;\">Produto natural eficaz e de alta qualidade, cujo principal componente \u00e9 o sil\u00edcio.<\/span><\/p>\n<p><span style=\"font-family: Calibri;\">Actua por desidrata\u00e7\u00e3o mec\u00e2nica dos piolhos e das l\u00eandeas.<\/span><\/p>\n<p><span style=\"font-family: Calibri;\">Tra\u00e7a a camada protetora dos piolhos para os fazer secar e morrer.<\/span><\/p>\n<p><span style=\"font-family: Calibri;\">Como utilizar :<\/span><\/p>\n<p><span style=\"font-family: Calibri;\">&#8211; 50 ml por litro de \u00e1gua<\/span><\/p>\n<p><span style=\"font-family: Calibri;\">&#8211; Retira todas as aves da gaiola ou do avi\u00e1rio<\/span><\/p>\n<p><span style=\"font-family: Calibri;\">&#8211; Retira a entrada e todos os comedouros e bebedouros<\/span><\/p>\n<p><span style=\"font-family: Calibri;\">&#8211; Pulveriza lecefree com um chuveiro de m\u00e3o em todas as partes da gaiola ou do avi\u00e1rio<\/span><\/p>\n<p><span style=\"font-family: Calibri;\">&#8211; Ap\u00f3s o tratamento, os animais podem ser imediatamente libertados<\/span><\/p>\n","protected":false},"excerpt":{"rendered":"<p>Licefree Liquid 500ml Concentrado \u00e9 uma solu\u00e7\u00e3o pronta a usar para controlar os \u00e1caros das aves ou \u00e1caros em gaiolas de aves, pombos e aves dom\u00e9sticas. Contra \u00e1caros, piolhos do sangue e pulgas para pombos, p\u00e1ssaros e aves dom\u00e9sticas! Ingredientes: Silicone. Produto natural eficaz e de alta qualidade, cujo principal componente \u00e9 o sil\u00edcio. Actua [&hellip;]<\/p>\n","protected":false},"featured_media":23790,"comment_status":"open","ping_status":"closed","template":"","meta":[],"product_brand":[62],"product_cat":[251,320],"product_tag":[],"class_list":{"0":"post-27794","1":"product","2":"type-product","3":"status-publish","4":"has-post-thumbnail","6":"product_brand-benelux","7":"product_cat-aves","8":"product_cat-limpeza-higiene-2","11":"first","12":"instock","13":"shipping-taxable","14":"purchasable","15":"product-type-simple"},"jetpack_sharing_enabled":true,"_links":{"self":[{"href":"https:\/\/avesaguiar.ch\/pt-pt\/wp-json\/wp\/v2\/product\/27794","targetHints":{"allow":["GET"]}}],"collection":[{"href":"https:\/\/avesaguiar.ch\/pt-pt\/wp-json\/wp\/v2\/product"}],"about":[{"href":"https:\/\/avesaguiar.ch\/pt-pt\/wp-json\/wp\/v2\/types\/product"}],"replies":[{"embeddable":true,"href":"https:\/\/avesaguiar.ch\/pt-pt\/wp-json\/wp\/v2\/comments?post=27794"}],"wp:featuredmedia":[{"embeddable":true,"href":"https:\/\/avesaguiar.ch\/pt-pt\/wp-json\/wp\/v2\/media\/23790"}],"wp:attachment":[{"href":"https:\/\/avesaguiar.ch\/pt-pt\/wp-json\/wp\/v2\/media?parent=27794"}],"wp:term":[{"taxonomy":"product_brand","embeddable":true,"href":"https:\/\/avesaguiar.ch\/pt-pt\/wp-json\/wp\/v2\/product_brand?post=27794"},{"taxonomy":"product_cat","embeddable":true,"href":"https:\/\/avesaguiar.ch\/pt-pt\/wp-json\/wp\/v2\/product_cat?post=27794"},{"taxonomy":"product_tag","embeddable":true,"href":"https:\/\/avesaguiar.ch\/pt-pt\/wp-json\/wp\/v2\/product_tag?post=27794"}],"curies":[{"name":"wp","href":"https:\/\/api.w.org\/{rel}","templated":true}]}}