{"id":27804,"date":"2025-01-09T12:12:14","date_gmt":"2025-01-09T12:12:14","guid":{"rendered":"https:\/\/avesaguiar.ch\/produit\/frango-adulto-esterilizado\/"},"modified":"2025-01-09T12:12:14","modified_gmt":"2025-01-09T12:12:14","slug":"frango-adulto-esterilizado","status":"publish","type":"product","link":"https:\/\/avesaguiar.ch\/pt-pt\/produit\/frango-adulto-esterilizado\/","title":{"rendered":"FRANGO ADULTO ESTERILIZADO"},"content":{"rendered":"<div class=\"product__headings\">\n<p>FRANGO ADULTO ESTERILIZADO<\/p>\n<\/div>\n<div class=\"product__description\">\n<p>Os gatos esterilizados necessitam de uma alimenta\u00e7\u00e3o menos energ\u00e9tica devido \u00e0 altera\u00e7\u00e3o do seu metabolismo. O ps\u00edlio e a polpa de beterraba proporcionam uma maior sensa\u00e7\u00e3o de saciedade e ajudam tamb\u00e9m a reduzir a forma\u00e7\u00e3o de bolas de pelo. Adiciona L-carnitina para estimular a queima de gorduras. A mistura \u00fanica de plantas secas &#8211; naturalmente ricas em antioxidantes &#8211; contribui para uma boa imunidade. Estudos cl\u00ednicos mostram que a forma\u00e7\u00e3o da placa dent\u00e1ria e do t\u00e1rtaro \u00e9 limitada pela vitamina C fosforilada. A quantidade de minerais \u00e9 adaptada para contribuir para uma boa sa\u00fade do trato urin\u00e1rio. O \u00f3leo de peixe promove uma pele e um pelo saud\u00e1veis. Por fim, foram tamb\u00e9m adicionados elementos para apoiar as articula\u00e7\u00f5es. N\u00e3o cont\u00e9m milho nem trigo.        <\/p>\n<h1>Dispon\u00edvel em 2kg<\/h1>\n<\/div>\n","protected":false},"excerpt":{"rendered":"<p>(Gatos com excesso de peso e problemas urin\u00e1rios)<\/p>\n<p>Dispon\u00edvel 2kg<\/p>\n","protected":false},"featured_media":23680,"comment_status":"open","ping_status":"closed","template":"","meta":[],"product_brand":[182],"product_cat":[348,272],"product_tag":[],"class_list":{"0":"post-27804","1":"product","2":"type-product","3":"status-publish","4":"has-post-thumbnail","6":"product_brand-beyers","7":"product_cat-alimentacao-electrica-4","8":"product_cat-gatos","11":"first","12":"instock","13":"shipping-taxable","14":"purchasable","15":"product-type-simple"},"jetpack_sharing_enabled":true,"_links":{"self":[{"href":"https:\/\/avesaguiar.ch\/pt-pt\/wp-json\/wp\/v2\/product\/27804","targetHints":{"allow":["GET"]}}],"collection":[{"href":"https:\/\/avesaguiar.ch\/pt-pt\/wp-json\/wp\/v2\/product"}],"about":[{"href":"https:\/\/avesaguiar.ch\/pt-pt\/wp-json\/wp\/v2\/types\/product"}],"replies":[{"embeddable":true,"href":"https:\/\/avesaguiar.ch\/pt-pt\/wp-json\/wp\/v2\/comments?post=27804"}],"wp:featuredmedia":[{"embeddable":true,"href":"https:\/\/avesaguiar.ch\/pt-pt\/wp-json\/wp\/v2\/media\/23680"}],"wp:attachment":[{"href":"https:\/\/avesaguiar.ch\/pt-pt\/wp-json\/wp\/v2\/media?parent=27804"}],"wp:term":[{"taxonomy":"product_brand","embeddable":true,"href":"https:\/\/avesaguiar.ch\/pt-pt\/wp-json\/wp\/v2\/product_brand?post=27804"},{"taxonomy":"product_cat","embeddable":true,"href":"https:\/\/avesaguiar.ch\/pt-pt\/wp-json\/wp\/v2\/product_cat?post=27804"},{"taxonomy":"product_tag","embeddable":true,"href":"https:\/\/avesaguiar.ch\/pt-pt\/wp-json\/wp\/v2\/product_tag?post=27804"}],"curies":[{"name":"wp","href":"https:\/\/api.w.org\/{rel}","templated":true}]}}