{"id":27807,"date":"2025-01-09T13:05:40","date_gmt":"2025-01-09T13:05:40","guid":{"rendered":"https:\/\/avesaguiar.ch\/produit\/mochila-ou-mochila-rapida-e-facil\/"},"modified":"2025-01-09T13:05:40","modified_gmt":"2025-01-09T13:05:40","slug":"mochila-ou-mochila-rapida-e-facil","status":"publish","type":"product","link":"https:\/\/avesaguiar.ch\/pt-pt\/produit\/mochila-ou-mochila-rapida-e-facil\/","title":{"rendered":"MOCHILA OU MOCHILA R\u00c1PIDA E F\u00c1CIL"},"content":{"rendered":"<p>R\u00e1pido e f\u00e1cil de transportar, ombro \u00fanico, 30 x 33 x 26 cm<\/p>\n<p>Confort\u00e1vel de transportar &#8211; Dobr\u00e1vel e leve<\/p>\n<p>Supervis\u00e3o \u00f3ptima do teu animal de estima\u00e7\u00e3o gra\u00e7as \u00e0 posi\u00e7\u00e3o da barriga<\/p>\n<p>O teu c\u00e3o ou gato vai gostar de estar perto de ti<\/p>\n<p>Abertura com fecho de correr na frente e na parte superior do saco<\/p>\n<p>Com malha de ventila\u00e7\u00e3o na frente e na parte superior do saco<\/p>\n","protected":false},"excerpt":{"rendered":"<p>Confort\u00e1vel de usar &#8211; Dobr\u00e1vel e leve<\/p>\n","protected":false},"featured_media":23728,"comment_status":"open","ping_status":"closed","template":"","meta":[],"product_brand":[187],"product_cat":[266,264],"product_tag":[],"class_list":{"0":"post-27807","1":"product","2":"type-product","3":"status-publish","4":"has-post-thumbnail","6":"product_brand-kinlys","7":"product_cat-acessorios","8":"product_cat-cao","11":"first","12":"instock","13":"sale","14":"shipping-taxable","15":"purchasable","16":"product-type-simple"},"jetpack_sharing_enabled":true,"_links":{"self":[{"href":"https:\/\/avesaguiar.ch\/pt-pt\/wp-json\/wp\/v2\/product\/27807","targetHints":{"allow":["GET"]}}],"collection":[{"href":"https:\/\/avesaguiar.ch\/pt-pt\/wp-json\/wp\/v2\/product"}],"about":[{"href":"https:\/\/avesaguiar.ch\/pt-pt\/wp-json\/wp\/v2\/types\/product"}],"replies":[{"embeddable":true,"href":"https:\/\/avesaguiar.ch\/pt-pt\/wp-json\/wp\/v2\/comments?post=27807"}],"wp:featuredmedia":[{"embeddable":true,"href":"https:\/\/avesaguiar.ch\/pt-pt\/wp-json\/wp\/v2\/media\/23728"}],"wp:attachment":[{"href":"https:\/\/avesaguiar.ch\/pt-pt\/wp-json\/wp\/v2\/media?parent=27807"}],"wp:term":[{"taxonomy":"product_brand","embeddable":true,"href":"https:\/\/avesaguiar.ch\/pt-pt\/wp-json\/wp\/v2\/product_brand?post=27807"},{"taxonomy":"product_cat","embeddable":true,"href":"https:\/\/avesaguiar.ch\/pt-pt\/wp-json\/wp\/v2\/product_cat?post=27807"},{"taxonomy":"product_tag","embeddable":true,"href":"https:\/\/avesaguiar.ch\/pt-pt\/wp-json\/wp\/v2\/product_tag?post=27807"}],"curies":[{"name":"wp","href":"https:\/\/api.w.org\/{rel}","templated":true}]}}