{"id":27833,"date":"2025-01-09T12:51:56","date_gmt":"2025-01-09T12:51:56","guid":{"rendered":"https:\/\/avesaguiar.ch\/produit\/moldura-verde-para-cao\/"},"modified":"2025-01-09T12:51:56","modified_gmt":"2025-01-09T12:51:56","slug":"moldura-verde-para-cao","status":"publish","type":"product","link":"https:\/\/avesaguiar.ch\/pt-pt\/produit\/moldura-verde-para-cao\/","title":{"rendered":"Moldura verde para c\u00e3o"},"content":{"rendered":"<p>Descri\u00e7\u00e3o<\/p>\n<p>Moldura elegante com a forma de uma cabe\u00e7a de c\u00e3o.<\/p>\n<p>Ideal para expor uma fotografia dos teus favoritos. Fabricado em melamina, um pl\u00e1stico resistente. <\/p>\n<p>Para fotografias de 10 x 15 cm.<\/p>\n","protected":false},"excerpt":{"rendered":"<p>Ideal para expor uma fotografia dos teus favoritos. Fabricado em melamina, um pl\u00e1stico muito resistente <\/p>\n","protected":false},"featured_media":23708,"comment_status":"open","ping_status":"closed","template":"","meta":[],"product_brand":[187],"product_cat":[266,264],"product_tag":[],"class_list":{"0":"post-27833","1":"product","2":"type-product","3":"status-publish","4":"has-post-thumbnail","6":"product_brand-kinlys","7":"product_cat-acessorios","8":"product_cat-cao","11":"first","12":"instock","13":"shipping-taxable","14":"purchasable","15":"product-type-simple"},"jetpack_sharing_enabled":true,"_links":{"self":[{"href":"https:\/\/avesaguiar.ch\/pt-pt\/wp-json\/wp\/v2\/product\/27833","targetHints":{"allow":["GET"]}}],"collection":[{"href":"https:\/\/avesaguiar.ch\/pt-pt\/wp-json\/wp\/v2\/product"}],"about":[{"href":"https:\/\/avesaguiar.ch\/pt-pt\/wp-json\/wp\/v2\/types\/product"}],"replies":[{"embeddable":true,"href":"https:\/\/avesaguiar.ch\/pt-pt\/wp-json\/wp\/v2\/comments?post=27833"}],"wp:featuredmedia":[{"embeddable":true,"href":"https:\/\/avesaguiar.ch\/pt-pt\/wp-json\/wp\/v2\/media\/23708"}],"wp:attachment":[{"href":"https:\/\/avesaguiar.ch\/pt-pt\/wp-json\/wp\/v2\/media?parent=27833"}],"wp:term":[{"taxonomy":"product_brand","embeddable":true,"href":"https:\/\/avesaguiar.ch\/pt-pt\/wp-json\/wp\/v2\/product_brand?post=27833"},{"taxonomy":"product_cat","embeddable":true,"href":"https:\/\/avesaguiar.ch\/pt-pt\/wp-json\/wp\/v2\/product_cat?post=27833"},{"taxonomy":"product_tag","embeddable":true,"href":"https:\/\/avesaguiar.ch\/pt-pt\/wp-json\/wp\/v2\/product_tag?post=27833"}],"curies":[{"name":"wp","href":"https:\/\/api.w.org\/{rel}","templated":true}]}}