{"id":27877,"date":"2025-01-06T16:54:10","date_gmt":"2025-01-06T16:54:10","guid":{"rendered":"https:\/\/avesaguiar.ch\/produit\/roni-protege-a-flora-intestinal\/"},"modified":"2025-01-06T16:54:10","modified_gmt":"2025-01-06T16:54:10","slug":"roni-protege-a-flora-intestinal","status":"publish","type":"product","link":"https:\/\/avesaguiar.ch\/pt-pt\/produit\/roni-protege-a-flora-intestinal\/","title":{"rendered":"Roni Protege a flora intestinal"},"content":{"rendered":"<h1 class=\"product-details-product-title\">Roni Pombos\/P\u00e1ssaros<\/h1>\n<div class=\"product-description product-details--form-wrapper---below rte\">\n<div class=\"easytabs-text\">\n<p><strong>Protege e refor\u00e7a a sa\u00fade dos teus pombos e aves.<\/strong><\/p>\n<p>A nossa f\u00f3rmula \u00fanica cria uma camada protetora de muco de hidratos de carbono especiais na boca, garganta e sistema digestivo, tornando o pombo mais resistente a infec\u00e7\u00f5es. Tamb\u00e9m apoia uma flora intestinal saud\u00e1vel e uma digest\u00e3o \u00f3ptima. <\/p>\n<p>A composi\u00e7\u00e3o nutre a flora intestinal ben\u00e9fica, ao mesmo tempo que desactiva (mata de fome) os germes nocivos.<\/p>\n<p>\u00c9 um condicionador intestinal ativo e um complemento ideal de <a href=\"https:\/\/comed.be\/fr\/products\/cometose?_pos=1&amp;_sid=f2f63b9ff&amp;_ss=r\">Cometose<\/a>.<\/p>\n<p>Benef\u00edcios<\/p>\n<ul>\n<li>Intestino \u00e1cido &#8211; Intestino saud\u00e1vel<\/li>\n<li>Prote\u00e7\u00e3o das membranas mucosas<\/li>\n<li>Estimula\u00e7\u00e3o da flora intestinal saud\u00e1vel<\/li>\n<li>Melhora a digest\u00e3o<\/li>\n<li>Evita problemas<\/li>\n<li>Desempenha um papel na defesa contra doen\u00e7as<\/li>\n<li>Melhora o bem-estar geral<\/li>\n<\/ul>\n<\/div>\n<div id=\"6012700000416\" class=\"easytabs-container tab-widget-6012700000416 easytabs-inited\" data-et-min-width=\"0\" data-et-auto-accordion=\"0\" data-et-cbw=\"1\" data-et-cbr=\"3\" data-et-sta=\"1\" data-et-amp=\"0\" data-et-flx=\"0\" data-et-wt=\"0\" data-et-ao=\"1\" data-et-tabs-width=\"178\">\n<div class=\"easytabs-holder easytabs-accordion\">\n<ul class=\"easytabs-tabs\" role=\"tablist\">\n<li class=\"easytabs-tab-item easytabs-active\" tabindex=\"0\" role=\"tab\" data-et-marker=\"tabs-roni-pigeon-2\" data-et-handle=\"tabs-usage\" aria-labelledby=\"easytabs-tab-label-6012700000416-0\" aria-selected=\"true\">\n \t<\/li>\n<li class=\"easytabs-tab-item\" tabindex=\"-1\" role=\"tab\" data-et-marker=\"tabs-roni-pigeon-3\" data-et-handle=\"tabs-formule\" aria-labelledby=\"easytabs-tab-label-6012700000416-1\" aria-selected=\"false\">\n<\/li>\n<\/ul>\n<div class=\"easytabs-contents\" role=\"tablist\">\n<div class=\"easytabs-content-item easytabs-active\" data-et-marker=\"tabs-roni-pigeon-2\" data-et-handle=\"tabs-usage\">\n<div class=\"easytabs-accordion-item\" tabindex=\"0\" role=\"tab\" aria-labelledby=\"easytabs-slide-label-6012700000416-0\" aria-selected=\"true\"><span id=\"easytabs-slide-label-6012700000416-0\" class=\"easytabs-header-text ui-tabs-anchor js-no-transition\">Utiliza\u00e7\u00e3o<\/span><\/div>\n<div class=\"easytabs-content-holder\" role=\"tabpanel\" aria-labelledby=\"easytabs-slide-label-6012700000416-0\" aria-expanded=\"true\" aria-hidden=\"false\">\n<p>10 g (1 colher de sopa) por 2 l de \u00e1gua pot\u00e1vel ou por kg de ra\u00e7\u00e3o.<\/p>\n<p>(A solu\u00e7\u00e3o est\u00e1 ligeiramente turva).<\/p>\n<p>Dar diariamente<\/p>\n<\/div>\n<\/div>\n<\/div>\n<\/div>\n<\/div>\n<\/div>\n","protected":false},"excerpt":{"rendered":"<p>A composi\u00e7\u00e3o nutre a flora intestinal ben\u00e9fica, ao mesmo tempo que desactiva (mata de fome) os germes perturbadores.<\/p>\n<p>\u00c9 um condicionador intestinal ativo e um complemento ideal para <a href=\"https:\/\/comed.be\/fr\/products\/cometose?_pos=1&amp;_sid=f2f63b9ff&amp;_ss=r\">Cometose<\/a>.<\/p>\n","protected":false},"featured_media":23231,"comment_status":"open","ping_status":"closed","template":"","meta":[],"product_brand":[186],"product_cat":[251,256,222,248],"product_tag":[],"class_list":{"0":"post-27877","1":"product","2":"type-product","3":"status-publish","4":"has-post-thumbnail","6":"product_brand-comed-nv","7":"product_cat-aves","8":"product_cat-pombos","9":"product_cat-suplementos-alimentares","10":"product_cat-suplementos-alimentares-2","11":"product_shipping_class-postpac-economia-900g","14":"first","15":"instock","16":"sale","17":"shipping-taxable","18":"purchasable","19":"product-type-variable","20":"has-default-attributes"},"jetpack_sharing_enabled":true,"_links":{"self":[{"href":"https:\/\/avesaguiar.ch\/pt-pt\/wp-json\/wp\/v2\/product\/27877","targetHints":{"allow":["GET"]}}],"collection":[{"href":"https:\/\/avesaguiar.ch\/pt-pt\/wp-json\/wp\/v2\/product"}],"about":[{"href":"https:\/\/avesaguiar.ch\/pt-pt\/wp-json\/wp\/v2\/types\/product"}],"replies":[{"embeddable":true,"href":"https:\/\/avesaguiar.ch\/pt-pt\/wp-json\/wp\/v2\/comments?post=27877"}],"wp:featuredmedia":[{"embeddable":true,"href":"https:\/\/avesaguiar.ch\/pt-pt\/wp-json\/wp\/v2\/media\/23231"}],"wp:attachment":[{"href":"https:\/\/avesaguiar.ch\/pt-pt\/wp-json\/wp\/v2\/media?parent=27877"}],"wp:term":[{"taxonomy":"product_brand","embeddable":true,"href":"https:\/\/avesaguiar.ch\/pt-pt\/wp-json\/wp\/v2\/product_brand?post=27877"},{"taxonomy":"product_cat","embeddable":true,"href":"https:\/\/avesaguiar.ch\/pt-pt\/wp-json\/wp\/v2\/product_cat?post=27877"},{"taxonomy":"product_tag","embeddable":true,"href":"https:\/\/avesaguiar.ch\/pt-pt\/wp-json\/wp\/v2\/product_tag?post=27877"}],"curies":[{"name":"wp","href":"https:\/\/api.w.org\/{rel}","templated":true}]}}