{"id":27906,"date":"2024-12-29T22:24:48","date_gmt":"2024-12-29T22:24:48","guid":{"rendered":"https:\/\/avesaguiar.ch\/produit\/chaise-longue-em-pele-castanha\/"},"modified":"2024-12-29T22:24:48","modified_gmt":"2024-12-29T22:24:48","slug":"chaise-longue-em-pele-castanha","status":"publish","type":"product","link":"https:\/\/avesaguiar.ch\/pt-pt\/produit\/chaise-longue-em-pele-castanha\/","title":{"rendered":"Chaise longue em pele castanha"},"content":{"rendered":"<p>DESCRI\u00c7\u00c3O<\/p>\n<p>Espregui\u00e7adeira para c\u00e3es e gatos.<\/p>\n<p>Fecha facilmente. Pelo macio nas extremidades. <\/p>\n<p>Perfeito para quem gosta de se empoleirar! O teu companheiro sentir-se-\u00e1 em casa a ver o seu filme preferido. <\/p>\n<p>Dimens\u00f5es:68x68x42cm<\/p>\n","protected":false},"excerpt":{"rendered":"<p>DESCRI\u00c7\u00c3O Espregui\u00e7adeira para c\u00e3es e gatos. Fecha facilmente. Pelo macio nas extremidades. Perfeito para quem gosta de se empoleirar! O teu companheiro sentir-se-\u00e1 em casa a ver o seu filme preferido. Dimens\u00f5es:68x68x42cm<\/p>\n","protected":false},"featured_media":23103,"comment_status":"open","ping_status":"closed","template":"","meta":[],"product_brand":[61],"product_cat":[266,264],"product_tag":[],"class_list":{"0":"post-27906","1":"product","2":"type-product","3":"status-publish","4":"has-post-thumbnail","6":"product_brand-2gr","7":"product_cat-acessorios","8":"product_cat-cao","9":"product_shipping_class-postpac-economia-10kg","12":"first","13":"instock","14":"sale","15":"shipping-taxable","16":"purchasable","17":"product-type-simple"},"jetpack_sharing_enabled":true,"_links":{"self":[{"href":"https:\/\/avesaguiar.ch\/pt-pt\/wp-json\/wp\/v2\/product\/27906","targetHints":{"allow":["GET"]}}],"collection":[{"href":"https:\/\/avesaguiar.ch\/pt-pt\/wp-json\/wp\/v2\/product"}],"about":[{"href":"https:\/\/avesaguiar.ch\/pt-pt\/wp-json\/wp\/v2\/types\/product"}],"replies":[{"embeddable":true,"href":"https:\/\/avesaguiar.ch\/pt-pt\/wp-json\/wp\/v2\/comments?post=27906"}],"wp:featuredmedia":[{"embeddable":true,"href":"https:\/\/avesaguiar.ch\/pt-pt\/wp-json\/wp\/v2\/media\/23103"}],"wp:attachment":[{"href":"https:\/\/avesaguiar.ch\/pt-pt\/wp-json\/wp\/v2\/media?parent=27906"}],"wp:term":[{"taxonomy":"product_brand","embeddable":true,"href":"https:\/\/avesaguiar.ch\/pt-pt\/wp-json\/wp\/v2\/product_brand?post=27906"},{"taxonomy":"product_cat","embeddable":true,"href":"https:\/\/avesaguiar.ch\/pt-pt\/wp-json\/wp\/v2\/product_cat?post=27906"},{"taxonomy":"product_tag","embeddable":true,"href":"https:\/\/avesaguiar.ch\/pt-pt\/wp-json\/wp\/v2\/product_tag?post=27906"}],"curies":[{"name":"wp","href":"https:\/\/api.w.org\/{rel}","templated":true}]}}