{"id":27912,"date":"2024-12-29T22:13:48","date_gmt":"2024-12-29T22:13:48","guid":{"rendered":"https:\/\/avesaguiar.ch\/produit\/gaiola-de-criacao-galvanizada\/"},"modified":"2024-12-29T22:13:48","modified_gmt":"2024-12-29T22:13:48","slug":"gaiola-de-criacao-galvanizada","status":"publish","type":"product","link":"https:\/\/avesaguiar.ch\/pt-pt\/produit\/gaiola-de-criacao-galvanizada\/","title":{"rendered":"Gaiola de cria\u00e7\u00e3o galvanizada"},"content":{"rendered":"<p><strong>Gaiola de reprodu\u00e7\u00e3o em a\u00e7o galvanizado, 120x40x45 cm<\/strong><\/p>\n<p>Possibilidade de gaiola com outras gaiolas das mesmas dimens\u00f5es<\/p>\n<p>2 gavetas de pl\u00e1stico para uma manuten\u00e7\u00e3o f\u00e1cil<\/p>\n<p>1 Grelha amov\u00edvel em a\u00e7o galvanizado para dividir a gaiola em duas<\/p>\n<p>4 Portas da frente<\/p>\n<p>2 Mini portas para comedouros<\/p>\n<p>2 Recipientes de pl\u00e1stico para interior<\/p>\n<p>4 poleiros<\/p>\n<p>&nbsp;<\/p>\n<p>Dimens\u00f5es :<\/p>\n<p>&#8211; dimens\u00f5es exteriores (CxLxA): 120x40x45cm<\/p>\n<p>&#8211; dimens\u00f5es interiores (LxBxH): ca. 118x38x43cm<\/p>\n<p>&#8211; volume : 0,19m\u00b3<\/p>\n<p><strong>Regulamentos su\u00ed\u00e7os de prote\u00e7\u00e3o dos animais<\/strong><\/p>\n<p>De acordo com as normas de prote\u00e7\u00e3o dos animais, esta gaiola \u00e9 adequada para um m\u00e1ximo de 4 can\u00e1rios ou p\u00e1ssaros do tamanho de agapornis. \u00c9 importante ter em conta que esta informa\u00e7\u00e3o representa o m\u00ednimo legal e n\u00e3o representa de forma alguma uma cria\u00e7\u00e3o \u00f3ptima! <\/p>\n<p>Tem em aten\u00e7\u00e3o que os animais devem ser mantidos em grupos de, pelo menos, 2 e assegura que existe uma instala\u00e7\u00e3o de banho dispon\u00edvel. A disposi\u00e7\u00e3o da gaiola deve ser concebida de modo a satisfazer as diferentes necessidades dos respectivos habitantes. \u00c9 favor prever muitos ramos naturais (apenas para psitac\u00eddeos) para as aves roerem e treparem. Os compartimentos deveriam tamb\u00e9m ser estruturados com uma variedade de poleiros flex\u00edveis de diferentes espessuras e orienta\u00e7\u00f5es, com um ter\u00e7o do volume livre de estruturas. A lei su\u00ed\u00e7a sobre a prote\u00e7\u00e3o dos animais cont\u00e9m outras disposi\u00e7\u00f5es legais que regulam a cria\u00e7\u00e3o de aves de uma forma que respeite os animais. Podes encontrar mais informa\u00e7\u00f5es aqui.     <\/p>\n","protected":false},"excerpt":{"rendered":"<p>Gaiola de reprodu\u00e7\u00e3o em a\u00e7o galvanizado, 120x40x45 cm Possibilidade de gaiola com outras gaiolas das mesmas dimens\u00f5es 2 gavetas de pl\u00e1stico para uma manuten\u00e7\u00e3o f\u00e1cil 1 Grelha amov\u00edvel em a\u00e7o galvanizado para dividir a gaiola em duas 4 Portas da frente 2 Mini portas para comedouros 2 Recipientes de pl\u00e1stico para interior 4 poleiros &nbsp; [&hellip;]<\/p>\n","protected":false},"featured_media":23113,"comment_status":"open","ping_status":"closed","template":"","meta":[],"product_brand":[62],"product_cat":[251,329],"product_tag":[],"class_list":{"0":"post-27912","1":"product","2":"type-product","3":"status-publish","4":"has-post-thumbnail","6":"product_brand-benelux","7":"product_cat-aves","8":"product_cat-gaiolas","9":"product_shipping_class-postpac-economy-30kg","12":"first","13":"onbackorder","14":"shipping-taxable","15":"purchasable","16":"product-type-simple"},"jetpack_sharing_enabled":true,"_links":{"self":[{"href":"https:\/\/avesaguiar.ch\/pt-pt\/wp-json\/wp\/v2\/product\/27912","targetHints":{"allow":["GET"]}}],"collection":[{"href":"https:\/\/avesaguiar.ch\/pt-pt\/wp-json\/wp\/v2\/product"}],"about":[{"href":"https:\/\/avesaguiar.ch\/pt-pt\/wp-json\/wp\/v2\/types\/product"}],"replies":[{"embeddable":true,"href":"https:\/\/avesaguiar.ch\/pt-pt\/wp-json\/wp\/v2\/comments?post=27912"}],"wp:featuredmedia":[{"embeddable":true,"href":"https:\/\/avesaguiar.ch\/pt-pt\/wp-json\/wp\/v2\/media\/23113"}],"wp:attachment":[{"href":"https:\/\/avesaguiar.ch\/pt-pt\/wp-json\/wp\/v2\/media?parent=27912"}],"wp:term":[{"taxonomy":"product_brand","embeddable":true,"href":"https:\/\/avesaguiar.ch\/pt-pt\/wp-json\/wp\/v2\/product_brand?post=27912"},{"taxonomy":"product_cat","embeddable":true,"href":"https:\/\/avesaguiar.ch\/pt-pt\/wp-json\/wp\/v2\/product_cat?post=27912"},{"taxonomy":"product_tag","embeddable":true,"href":"https:\/\/avesaguiar.ch\/pt-pt\/wp-json\/wp\/v2\/product_tag?post=27912"}],"curies":[{"name":"wp","href":"https:\/\/api.w.org\/{rel}","templated":true}]}}