{"id":27928,"date":"2025-01-05T21:02:59","date_gmt":"2025-01-05T21:02:59","guid":{"rendered":"https:\/\/avesaguiar.ch\/produit\/multi-poleiro-de-madeira-para-aviario\/"},"modified":"2025-01-05T21:02:59","modified_gmt":"2025-01-05T21:02:59","slug":"multi-poleiro-de-madeira-para-aviario","status":"publish","type":"product","link":"https:\/\/avesaguiar.ch\/pt-pt\/produit\/multi-poleiro-de-madeira-para-aviario\/","title":{"rendered":"Multi Poleiro de Madeira para Avi\u00e1rio"},"content":{"rendered":"<p>Poleiros de madeira tipo \u00e1rvore Multi poleiros para avi\u00e1rio &#8211; Grande \u00d811 x h 20 cm<\/p>\n<p>Poleiros com v\u00e1rios ramos para pendurar num gancho met\u00e1lico.<\/p>\n<p>Inclui 10 poleiros para aves ex\u00f3ticas, can\u00e1rios e periquitos pequenos.<\/p>\n<p>Ideal para um avi\u00e1rio.<\/p>\n","protected":false},"excerpt":{"rendered":"<p>Poleiro com v\u00e1rios ramos para pendurar num gancho de metal.<\/p>\n","protected":false},"featured_media":24932,"comment_status":"open","ping_status":"closed","template":"","meta":[],"product_brand":[201],"product_cat":[284,251],"product_tag":[],"class_list":{"0":"post-27928","1":"product","2":"type-product","3":"status-publish","4":"has-post-thumbnail","6":"product_brand-fauna","7":"product_cat-acessorios-3","8":"product_cat-aves","9":"product_shipping_class-postpac-economia-900g","12":"first","13":"instock","14":"shipping-taxable","15":"purchasable","16":"product-type-simple"},"jetpack_sharing_enabled":true,"_links":{"self":[{"href":"https:\/\/avesaguiar.ch\/pt-pt\/wp-json\/wp\/v2\/product\/27928","targetHints":{"allow":["GET"]}}],"collection":[{"href":"https:\/\/avesaguiar.ch\/pt-pt\/wp-json\/wp\/v2\/product"}],"about":[{"href":"https:\/\/avesaguiar.ch\/pt-pt\/wp-json\/wp\/v2\/types\/product"}],"replies":[{"embeddable":true,"href":"https:\/\/avesaguiar.ch\/pt-pt\/wp-json\/wp\/v2\/comments?post=27928"}],"wp:featuredmedia":[{"embeddable":true,"href":"https:\/\/avesaguiar.ch\/pt-pt\/wp-json\/wp\/v2\/media\/24932"}],"wp:attachment":[{"href":"https:\/\/avesaguiar.ch\/pt-pt\/wp-json\/wp\/v2\/media?parent=27928"}],"wp:term":[{"taxonomy":"product_brand","embeddable":true,"href":"https:\/\/avesaguiar.ch\/pt-pt\/wp-json\/wp\/v2\/product_brand?post=27928"},{"taxonomy":"product_cat","embeddable":true,"href":"https:\/\/avesaguiar.ch\/pt-pt\/wp-json\/wp\/v2\/product_cat?post=27928"},{"taxonomy":"product_tag","embeddable":true,"href":"https:\/\/avesaguiar.ch\/pt-pt\/wp-json\/wp\/v2\/product_tag?post=27928"}],"curies":[{"name":"wp","href":"https:\/\/api.w.org\/{rel}","templated":true}]}}