{"id":27944,"date":"2024-12-29T19:32:59","date_gmt":"2024-12-29T19:32:59","guid":{"rendered":"https:\/\/avesaguiar.ch\/produit\/deli-nature-perroquets-pantanal\/"},"modified":"2024-12-29T19:32:59","modified_gmt":"2024-12-29T19:32:59","slug":"deli-nature-perroquets-pantanal","status":"publish","type":"product","link":"https:\/\/avesaguiar.ch\/pt-pt\/produit\/deli-nature-perroquets-pantanal\/","title":{"rendered":"Deli Nature-Perroquets Pantanal"},"content":{"rendered":"<h1>23 &#8211; Papagaios do Pantanal<\/h1>\n<div class=\"product__content\">\n<ul>\n<li>Mistura de alta qualidade para todas as esp\u00e9cies de araras, microglosses e Aratinga Guaruba.<\/li>\n<li>Uma grande variedade de 12% de frutos secos (castanhas do Brasil, nozes, nozes de cedro, amendoins descascados).<\/li>\n<li>Para al\u00e9m dos girass\u00f3is pretos (mais ricos em l\u00edpidos), os girass\u00f3is grandes estriados e brancos e&#8230;<\/li>\n<li>Enriquecido com papaia, anan\u00e1s, uvas, &#8230;<\/li>\n<li>Enriquecido com extrudados (contendo vitaminas, amino\u00e1cidos e oligoelementos adicionais).<\/li>\n<li>Enriquecido com gr\u00e3o de aves.<\/li>\n<li>Dispon\u00edvel em 12,5 kg.<\/li>\n<\/ul>\n<\/div>\n<div class=\"product__composition\">\n<div class=\"product__composition-summary\" tabindex=\"0\" role=\"button\" data-groupid=\"composition\" data-target=\"[san-id='open-composition']\" data-state=\"open\" data-classlist=\"open\" aria-expanded=\"false\"><strong>Composi\u00e7\u00e3o<\/strong><\/div>\n<div class=\"product__composition-details open\">Girass\u00f3is pretos, girass\u00f3is grandes \u00e0s riscas, girass\u00f3is brancos, cardi, sorgo branco, trigo mourisco, pipocas, sementes de ab\u00f3bora, nozes de cedro, castanhas do Brasil, trigo, trigo tufado, extrudados, amendoins descascados, gr\u00e3o, frutos de roseira brava, arroz paddy, aveia descascada, peda\u00e7os de cenoura, nozes, cardo mariano, bagas de freixo da montanha, rodelas de banana, anan\u00e1s, papaia, malaguetas<\/div>\n<\/div>\n","protected":false},"excerpt":{"rendered":"<p>23 &#8211; Papagaios do Pantanal Mistura de alta qualidade para todas as esp\u00e9cies de araras, microglosses e Aratinga Guaruba. Uma grande variedade de 12% de frutos secos (castanhas do Brasil, nozes, nozes de cedro, amendoins descascados). Para al\u00e9m dos girass\u00f3is pretos (mais ricos em l\u00edpidos), os girass\u00f3is grandes estriados e brancos e&#8230; Enriquecido com papaia, [&hellip;]<\/p>\n","protected":false},"featured_media":22866,"comment_status":"open","ping_status":"closed","template":"","meta":[],"product_brand":[184],"product_cat":[243,251],"product_tag":[],"class_list":{"0":"post-27944","1":"product","2":"type-product","3":"status-publish","4":"has-post-thumbnail","6":"product_brand-deli-nature","7":"product_cat-alimentacao-electrica-2","8":"product_cat-aves","9":"product_shipping_class-postpac-economy-30kg","12":"first","13":"instock","14":"shipping-taxable","15":"purchasable","16":"product-type-simple"},"jetpack_sharing_enabled":true,"_links":{"self":[{"href":"https:\/\/avesaguiar.ch\/pt-pt\/wp-json\/wp\/v2\/product\/27944","targetHints":{"allow":["GET"]}}],"collection":[{"href":"https:\/\/avesaguiar.ch\/pt-pt\/wp-json\/wp\/v2\/product"}],"about":[{"href":"https:\/\/avesaguiar.ch\/pt-pt\/wp-json\/wp\/v2\/types\/product"}],"replies":[{"embeddable":true,"href":"https:\/\/avesaguiar.ch\/pt-pt\/wp-json\/wp\/v2\/comments?post=27944"}],"wp:featuredmedia":[{"embeddable":true,"href":"https:\/\/avesaguiar.ch\/pt-pt\/wp-json\/wp\/v2\/media\/22866"}],"wp:attachment":[{"href":"https:\/\/avesaguiar.ch\/pt-pt\/wp-json\/wp\/v2\/media?parent=27944"}],"wp:term":[{"taxonomy":"product_brand","embeddable":true,"href":"https:\/\/avesaguiar.ch\/pt-pt\/wp-json\/wp\/v2\/product_brand?post=27944"},{"taxonomy":"product_cat","embeddable":true,"href":"https:\/\/avesaguiar.ch\/pt-pt\/wp-json\/wp\/v2\/product_cat?post=27944"},{"taxonomy":"product_tag","embeddable":true,"href":"https:\/\/avesaguiar.ch\/pt-pt\/wp-json\/wp\/v2\/product_tag?post=27944"}],"curies":[{"name":"wp","href":"https:\/\/api.w.org\/{rel}","templated":true}]}}