{"id":27945,"date":"2024-12-29T19:28:24","date_gmt":"2024-12-29T19:28:24","guid":{"rendered":"https:\/\/avesaguiar.ch\/produit\/deli-nature-perroquetes-amazonia\/"},"modified":"2024-12-29T19:28:24","modified_gmt":"2024-12-29T19:28:24","slug":"deli-nature-perroquetes-amazonia","status":"publish","type":"product","link":"https:\/\/avesaguiar.ch\/pt-pt\/produit\/deli-nature-perroquetes-amazonia\/","title":{"rendered":"Deli Nature-Perroquetes Amaz\u00f3nia"},"content":{"rendered":"<h1>22 &#8211; Papagaios da Amaz\u00f3nia<\/h1>\n<div class=\"product__content\">\n<ul>\n<li>Uma mistura equilibrada para as Amaz\u00f3nias e os Pionus.<\/li>\n<li>Uma mistura rica em fruta (papaia, anan\u00e1s, uvas, peda\u00e7os de ma\u00e7\u00e3, rodelas de banana, etc.).<\/li>\n<li>Enriquecido com bagas de zimbro, bagas de sorveira e pimentos.<\/li>\n<li>Cont\u00e9m uma grande propor\u00e7\u00e3o de pequenas sementes, como a erva can\u00e1ria, o pain\u00e7o, &#8230; e o cardo mariano.<\/li>\n<li>Enriquecido com extrudados (contendo vitaminas, amino\u00e1cidos e oligoelementos adicionais).<\/li>\n<li>Enriquecido com gr\u00e3o de aves.<\/li>\n<li>Dispon\u00edvel em 15kg.<\/li>\n<\/ul>\n<\/div>\n<div class=\"product__composition\">\n<div class=\"product__composition-summary\" tabindex=\"0\" role=\"button\" data-groupid=\"composition\" data-target=\"[san-id='open-composition']\" data-state=\"open\" data-classlist=\"open\" aria-expanded=\"false\"><strong>Composi\u00e7\u00e3o<\/strong><\/div>\n<div class=\"product__composition-details open\">Girass\u00f3is \u00e0s riscas, trigo mourisco, sorgo branco, cardi, aveia descascada, pain\u00e7o amarelo, trigo, arroz paddy, cevada, extrudados, ervilhaca, gr\u00e3o, bagas de zimbro, amendoins descascados, peda\u00e7os de cenoura, rodelas de banana, roseira brava, anan\u00e1s, papaia, uvas, sorgo vermelho, bagas de freixo da montanha, erva can\u00e1ria, cardo de leite, sementes de linho, peda\u00e7os de ma\u00e7\u00e3, pain\u00e7o japon\u00eas, malaguetas.<\/div>\n<\/div>\n","protected":false},"excerpt":{"rendered":"<p>22 &#8211; Papagaios da Amaz\u00f3nia Uma mistura equilibrada para as Amaz\u00f3nias e os Pionus. Uma mistura rica em fruta (papaia, anan\u00e1s, uvas, peda\u00e7os de ma\u00e7\u00e3, rodelas de banana, etc.). Enriquecido com bagas de zimbro, bagas de sorveira e pimentos. Cont\u00e9m uma grande propor\u00e7\u00e3o de pequenas sementes, como a erva can\u00e1ria, o pain\u00e7o, &#8230; e o [&hellip;]<\/p>\n","protected":false},"featured_media":22861,"comment_status":"open","ping_status":"closed","template":"","meta":[],"product_brand":[184],"product_cat":[243,251],"product_tag":[],"class_list":{"0":"post-27945","1":"product","2":"type-product","3":"status-publish","4":"has-post-thumbnail","6":"product_brand-deli-nature","7":"product_cat-alimentacao-electrica-2","8":"product_cat-aves","9":"product_shipping_class-postpac-economy-30kg","12":"first","13":"instock","14":"shipping-taxable","15":"purchasable","16":"product-type-simple"},"jetpack_sharing_enabled":true,"_links":{"self":[{"href":"https:\/\/avesaguiar.ch\/pt-pt\/wp-json\/wp\/v2\/product\/27945","targetHints":{"allow":["GET"]}}],"collection":[{"href":"https:\/\/avesaguiar.ch\/pt-pt\/wp-json\/wp\/v2\/product"}],"about":[{"href":"https:\/\/avesaguiar.ch\/pt-pt\/wp-json\/wp\/v2\/types\/product"}],"replies":[{"embeddable":true,"href":"https:\/\/avesaguiar.ch\/pt-pt\/wp-json\/wp\/v2\/comments?post=27945"}],"wp:featuredmedia":[{"embeddable":true,"href":"https:\/\/avesaguiar.ch\/pt-pt\/wp-json\/wp\/v2\/media\/22861"}],"wp:attachment":[{"href":"https:\/\/avesaguiar.ch\/pt-pt\/wp-json\/wp\/v2\/media?parent=27945"}],"wp:term":[{"taxonomy":"product_brand","embeddable":true,"href":"https:\/\/avesaguiar.ch\/pt-pt\/wp-json\/wp\/v2\/product_brand?post=27945"},{"taxonomy":"product_cat","embeddable":true,"href":"https:\/\/avesaguiar.ch\/pt-pt\/wp-json\/wp\/v2\/product_cat?post=27945"},{"taxonomy":"product_tag","embeddable":true,"href":"https:\/\/avesaguiar.ch\/pt-pt\/wp-json\/wp\/v2\/product_tag?post=27945"}],"curies":[{"name":"wp","href":"https:\/\/api.w.org\/{rel}","templated":true}]}}