{"id":27953,"date":"2024-12-29T19:47:50","date_gmt":"2024-12-29T19:47:50","guid":{"rendered":"https:\/\/avesaguiar.ch\/produit\/criacao-de-papagaios\/"},"modified":"2024-12-29T19:47:50","modified_gmt":"2024-12-29T19:47:50","slug":"criacao-de-papagaios","status":"publish","type":"product","link":"https:\/\/avesaguiar.ch\/pt-pt\/produit\/criacao-de-papagaios\/","title":{"rendered":"Cria\u00e7\u00e3o de papagaios"},"content":{"rendered":"<h1>62 &#8211; Cria\u00e7\u00e3o de papagaios<\/h1>\n<div class=\"product__content\">\n<ul>\n<li>\u00c9 uma mistura de v\u00e1rias sementes para papagaios como os cinzentos gaboneses, os Eclectus, as araras, etc.<\/li>\n<li>Dispon\u00edvel em 15kg.<\/li>\n<\/ul>\n<\/div>\n<div class=\"product__composition\">\n<div class=\"product__composition-summary\" tabindex=\"0\" role=\"button\" data-groupid=\"composition\" data-target=\"[san-id='open-composition']\" data-state=\"open\" data-classlist=\"open\" aria-expanded=\"false\">Composi\u00e7\u00e3o<\/div>\n<div class=\"product__composition-details open\">Girass\u00f3is riscados, trigo mourisco, c\u00e2nhamo, aveia cortada, girass\u00f3is brancos, cardi, pain\u00e7o branco, erva can\u00e1ria, arroz em casca, trigo, nozes de cedro, sementes de linho, sorgo dari\/branco, sorgo vermelho, sementes de ab\u00f3bora<\/div>\n<\/div>\n","protected":false},"excerpt":{"rendered":"<p>62 &#8211; Cria\u00e7\u00e3o de papagaios \u00c9 uma mistura de v\u00e1rias sementes para papagaios como os cinzentos gaboneses, os Eclectus, as araras, etc. Dispon\u00edvel em 15kg. Composi\u00e7\u00e3o Girass\u00f3is riscados, trigo mourisco, c\u00e2nhamo, aveia cortada, girass\u00f3is brancos, cardi, pain\u00e7o branco, erva can\u00e1ria, arroz em casca, trigo, nozes de cedro, sementes de linho, sorgo dari\/branco, sorgo vermelho, sementes [&hellip;]<\/p>\n","protected":false},"featured_media":22916,"comment_status":"open","ping_status":"closed","template":"","meta":[],"product_brand":[184],"product_cat":[243,251],"product_tag":[],"class_list":{"0":"post-27953","1":"product","2":"type-product","3":"status-publish","4":"has-post-thumbnail","6":"product_brand-deli-nature","7":"product_cat-alimentacao-electrica-2","8":"product_cat-aves","9":"product_shipping_class-postpac-economy-30kg","12":"first","13":"instock","14":"sale","15":"shipping-taxable","16":"purchasable","17":"product-type-simple"},"jetpack_sharing_enabled":true,"_links":{"self":[{"href":"https:\/\/avesaguiar.ch\/pt-pt\/wp-json\/wp\/v2\/product\/27953","targetHints":{"allow":["GET"]}}],"collection":[{"href":"https:\/\/avesaguiar.ch\/pt-pt\/wp-json\/wp\/v2\/product"}],"about":[{"href":"https:\/\/avesaguiar.ch\/pt-pt\/wp-json\/wp\/v2\/types\/product"}],"replies":[{"embeddable":true,"href":"https:\/\/avesaguiar.ch\/pt-pt\/wp-json\/wp\/v2\/comments?post=27953"}],"wp:featuredmedia":[{"embeddable":true,"href":"https:\/\/avesaguiar.ch\/pt-pt\/wp-json\/wp\/v2\/media\/22916"}],"wp:attachment":[{"href":"https:\/\/avesaguiar.ch\/pt-pt\/wp-json\/wp\/v2\/media?parent=27953"}],"wp:term":[{"taxonomy":"product_brand","embeddable":true,"href":"https:\/\/avesaguiar.ch\/pt-pt\/wp-json\/wp\/v2\/product_brand?post=27953"},{"taxonomy":"product_cat","embeddable":true,"href":"https:\/\/avesaguiar.ch\/pt-pt\/wp-json\/wp\/v2\/product_cat?post=27953"},{"taxonomy":"product_tag","embeddable":true,"href":"https:\/\/avesaguiar.ch\/pt-pt\/wp-json\/wp\/v2\/product_tag?post=27953"}],"curies":[{"name":"wp","href":"https:\/\/api.w.org\/{rel}","templated":true}]}}