{"id":27956,"date":"2024-12-29T19:43:10","date_gmt":"2024-12-29T19:43:10","guid":{"rendered":"https:\/\/avesaguiar.ch\/produit\/supreme-papagaios-de-fruto\/"},"modified":"2024-12-29T19:43:10","modified_gmt":"2024-12-29T19:43:10","slug":"supreme-papagaios-de-fruto","status":"publish","type":"product","link":"https:\/\/avesaguiar.ch\/pt-pt\/produit\/supreme-papagaios-de-fruto\/","title":{"rendered":"Supr\u00e8me Papagaios de fruto"},"content":{"rendered":"<h1>64 &#8211; Supr\u00e8me Papagaios de fruto<\/h1>\n<div class=\"product__content\">\n<ul>\n<li>Uma mistura nutritiva que cont\u00e9m uma elevada percentagem de diferentes tipos de fruta (anan\u00e1s, papaia, uvas, etc.).<\/li>\n<li>Mistura com 24% de sementes de girassol, ideal para a maioria das esp\u00e9cies de papagaios.<\/li>\n<li>Uma mistura rica de mais de 25 ingredientes.<\/li>\n<li>N\u00e3o cont\u00e9m milho nem amendoins.<\/li>\n<li>Enriquecido com gr\u00e2nulos extrudidos.<\/li>\n<li>Dispon\u00edvel em 15kg.<\/li>\n<\/ul>\n<\/div>\n<div class=\"product__composition\">\n<div class=\"product__composition-summary\" tabindex=\"0\" role=\"button\" data-groupid=\"composition\" data-target=\"[san-id='open-composition']\" data-state=\"open\" data-classlist=\"open\" aria-expanded=\"false\">Composi\u00e7\u00e3o<\/div>\n<div class=\"product__composition-details open\">Girass\u00f3is brancos, cardi, frutos, trigo mourisco, girass\u00f3is estriados, aveia descascada, c\u00e2nhamo, sorgo vermelho, sorgo dari\/branco, trigo, cevada, pellets extrudidos, sementes de ab\u00f3bora, nozes de cedro<\/div>\n<\/div>\n","protected":false},"excerpt":{"rendered":"<p>64 &#8211; Supr\u00e8me Papagaios de fruto Uma mistura nutritiva que cont\u00e9m uma elevada percentagem de diferentes tipos de fruta (anan\u00e1s, papaia, uvas, etc.). Mistura com 24% de sementes de girassol, ideal para a maioria das esp\u00e9cies de papagaios. Uma mistura rica de mais de 25 ingredientes. N\u00e3o cont\u00e9m milho nem amendoins. Enriquecido com gr\u00e2nulos extrudidos. [&hellip;]<\/p>\n","protected":false},"featured_media":22916,"comment_status":"open","ping_status":"closed","template":"","meta":[],"product_brand":[184],"product_cat":[243,251],"product_tag":[],"class_list":{"0":"post-27956","1":"product","2":"type-product","3":"status-publish","4":"has-post-thumbnail","6":"product_brand-deli-nature","7":"product_cat-alimentacao-electrica-2","8":"product_cat-aves","11":"first","12":"outofstock","13":"shipping-taxable","14":"purchasable","15":"product-type-simple"},"jetpack_sharing_enabled":true,"_links":{"self":[{"href":"https:\/\/avesaguiar.ch\/pt-pt\/wp-json\/wp\/v2\/product\/27956","targetHints":{"allow":["GET"]}}],"collection":[{"href":"https:\/\/avesaguiar.ch\/pt-pt\/wp-json\/wp\/v2\/product"}],"about":[{"href":"https:\/\/avesaguiar.ch\/pt-pt\/wp-json\/wp\/v2\/types\/product"}],"replies":[{"embeddable":true,"href":"https:\/\/avesaguiar.ch\/pt-pt\/wp-json\/wp\/v2\/comments?post=27956"}],"wp:featuredmedia":[{"embeddable":true,"href":"https:\/\/avesaguiar.ch\/pt-pt\/wp-json\/wp\/v2\/media\/22916"}],"wp:attachment":[{"href":"https:\/\/avesaguiar.ch\/pt-pt\/wp-json\/wp\/v2\/media?parent=27956"}],"wp:term":[{"taxonomy":"product_brand","embeddable":true,"href":"https:\/\/avesaguiar.ch\/pt-pt\/wp-json\/wp\/v2\/product_brand?post=27956"},{"taxonomy":"product_cat","embeddable":true,"href":"https:\/\/avesaguiar.ch\/pt-pt\/wp-json\/wp\/v2\/product_cat?post=27956"},{"taxonomy":"product_tag","embeddable":true,"href":"https:\/\/avesaguiar.ch\/pt-pt\/wp-json\/wp\/v2\/product_tag?post=27956"}],"curies":[{"name":"wp","href":"https:\/\/api.w.org\/{rel}","templated":true}]}}