{"id":27966,"date":"2024-12-29T22:20:25","date_gmt":"2024-12-29T22:20:25","guid":{"rendered":"https:\/\/avesaguiar.ch\/produit\/caixa-de-transporte-para-caes-grandes\/"},"modified":"2024-12-29T22:20:25","modified_gmt":"2024-12-29T22:20:25","slug":"caixa-de-transporte-para-caes-grandes","status":"publish","type":"product","link":"https:\/\/avesaguiar.ch\/pt-pt\/produit\/caixa-de-transporte-para-caes-grandes\/","title":{"rendered":"Caixa de transporte para c\u00e3es grandes"},"content":{"rendered":"<div><strong>Caixa de transporte para c\u00e3es grandes<\/strong><\/div>\n<div><\/div>\n<div>A transportadora para c\u00e3es de grande porte \u00e9 um lugar reservado para o teu companheiro de grande porte.<\/div>\n<div>Pode ser instalado na bagageira do teu carro para o proteger eficazmente dos choques ao longo do caminho.<\/div>\n<div>De f\u00e1cil acesso, tem uma porta met\u00e1lica que se dobra em duas.<\/div>\n<div><\/div>\n<div>Uma pr\u00e1tica transportadora para c\u00e3es de grande porte.<br \/>\nTem duas pegas ao longo das duas larguras superiores, para distribuir uniformemente o peso quando o animal estiver l\u00e1 dentro,<\/div>\n<div>facilita o seu transporte. As grelhas de ventila\u00e7\u00e3o est\u00e3o localizadas nos lados para garantir que o interior \u00e9 devidamente oxigenado. <\/div>\n<div>Uma base dupla perfurada amov\u00edvel garante uma melhor higiene.<\/div>\n<div>O material \u00e9 lav\u00e1vel e f\u00e1cil de cuidar.<\/div>\n<div><\/div>\n<div>Uma transportadora de qualidade para c\u00e3es de grande porte.<\/div>\n<div>O porta-c\u00e3es grande tem uma estrutura de polipropileno de alta qualidade que o protege dos raios UV, das pancadas e do gelo.<\/div>\n<div>Com dimens\u00f5es de 88 cm de comprimento, 51 cm de altura e 58 cm de altura, e fabricado na Uni\u00e3o Europeia, o objeto \u00e9 oferecido a um pre\u00e7o acess\u00edvel, tornando-o numa gaiola de transporte econ\u00f3mica, com montagem f\u00e1cil gra\u00e7as \u00e0s instru\u00e7\u00f5es inclu\u00eddas.<\/div>\n","protected":false},"excerpt":{"rendered":"<p>Caixa de transporte para c\u00e3es grandes A transportadora para c\u00e3es de grande porte \u00e9 um lugar reservado para o teu companheiro de grande porte. Pode ser instalado na bagageira do teu carro para o proteger eficazmente dos choques ao longo do caminho. De f\u00e1cil acesso, tem uma porta met\u00e1lica que se dobra em duas. Uma [&hellip;]<\/p>\n","protected":false},"featured_media":23118,"comment_status":"open","ping_status":"closed","template":"","meta":[],"product_brand":[61],"product_cat":[266,264],"product_tag":[],"class_list":{"0":"post-27966","1":"product","2":"type-product","3":"status-publish","4":"has-post-thumbnail","6":"product_brand-2gr","7":"product_cat-acessorios","8":"product_cat-cao","9":"product_shipping_class-postpac-economy-30kg","12":"first","13":"instock","14":"shipping-taxable","15":"purchasable","16":"product-type-simple"},"jetpack_sharing_enabled":true,"_links":{"self":[{"href":"https:\/\/avesaguiar.ch\/pt-pt\/wp-json\/wp\/v2\/product\/27966","targetHints":{"allow":["GET"]}}],"collection":[{"href":"https:\/\/avesaguiar.ch\/pt-pt\/wp-json\/wp\/v2\/product"}],"about":[{"href":"https:\/\/avesaguiar.ch\/pt-pt\/wp-json\/wp\/v2\/types\/product"}],"replies":[{"embeddable":true,"href":"https:\/\/avesaguiar.ch\/pt-pt\/wp-json\/wp\/v2\/comments?post=27966"}],"wp:featuredmedia":[{"embeddable":true,"href":"https:\/\/avesaguiar.ch\/pt-pt\/wp-json\/wp\/v2\/media\/23118"}],"wp:attachment":[{"href":"https:\/\/avesaguiar.ch\/pt-pt\/wp-json\/wp\/v2\/media?parent=27966"}],"wp:term":[{"taxonomy":"product_brand","embeddable":true,"href":"https:\/\/avesaguiar.ch\/pt-pt\/wp-json\/wp\/v2\/product_brand?post=27966"},{"taxonomy":"product_cat","embeddable":true,"href":"https:\/\/avesaguiar.ch\/pt-pt\/wp-json\/wp\/v2\/product_cat?post=27966"},{"taxonomy":"product_tag","embeddable":true,"href":"https:\/\/avesaguiar.ch\/pt-pt\/wp-json\/wp\/v2\/product_tag?post=27966"}],"curies":[{"name":"wp","href":"https:\/\/api.w.org\/{rel}","templated":true}]}}