{"id":27980,"date":"2024-12-16T21:29:27","date_gmt":"2024-12-16T21:29:27","guid":{"rendered":"https:\/\/avesaguiar.ch\/produit\/papagaios-serengeti\/"},"modified":"2024-12-16T21:29:27","modified_gmt":"2024-12-16T21:29:27","slug":"papagaios-serengeti","status":"publish","type":"product","link":"https:\/\/avesaguiar.ch\/pt-pt\/produit\/papagaios-serengeti\/","title":{"rendered":"Papagaios Serengeti"},"content":{"rendered":"<h1>Papagaios Serengeti<\/h1>\n<div class=\"product__content\">\n<ul>\n<li>Uma mistura \u00fanica, ideal para os papagaios africanos.<\/li>\n<li>Com girass\u00f3is pretos (os mais ricos em l\u00edpidos) e cardo mariano.<\/li>\n<li>Enriquecido com cedro, nozes, castanha do Brasil e amendoim.<\/li>\n<li>Com uvas, papaia, anan\u00e1s, peda\u00e7os de ma\u00e7\u00e3, rodelas de banana, peda\u00e7os de cenoura e roseira brava.<\/li>\n<li>Enriquecido com extrudados (contendo vitaminas, amino\u00e1cidos e oligoelementos adicionais).<\/li>\n<li>Enriquecido com gr\u00e3o de aves.<\/li>\n<li>Dispon\u00edvel em 15kg.<\/li>\n<\/ul>\n<\/div>\n<div class=\"product__composition\">\n<div class=\"product__composition-summary\" tabindex=\"0\" role=\"button\" data-groupid=\"composition\" data-target=\"[san-id='open-composition']\" data-state=\"open\" data-classlist=\"open\" aria-expanded=\"false\"><strong>Composi\u00e7\u00e3o<\/strong><\/div>\n<div class=\"product__composition-details open\">Girass\u00f3is pretos, girass\u00f3is estriados, cardi, trigo mourisco, sorgo branco, gr\u00e2nulos extrudidos, arroz paddy, trigo, nozes de cedro, aveia descascada, gr\u00e3o, bagas de zimbro, cevada, uvas, c\u00e2nhamo, rosa mosqueta, peda\u00e7os de cenoura, amendoins descascados, sementes de ab\u00f3bora, cardo de leite, castanhas do Brasil, papaia, anan\u00e1s, banana seca, nozes, bagas de sorveira, malaguetas<\/div>\n<\/div>\n","protected":false},"excerpt":{"rendered":"<p>Alimento completo para papagaios africanos, enriquecido com :<\/p>\n<ul>\n<li>Com produtos extrudidos que fornecem vitaminas e minerais.<\/li>\n<li>Grit para um sistema digestivo saud\u00e1vel.<\/li>\n<li>Frutos secos e sementes silvestres.<\/li>\n<\/ul>\n","protected":false},"featured_media":22871,"comment_status":"open","ping_status":"closed","template":"","meta":[],"product_brand":[182],"product_cat":[243,251],"product_tag":[],"class_list":{"0":"post-27980","1":"product","2":"type-product","3":"status-publish","4":"has-post-thumbnail","6":"product_brand-beyers","7":"product_cat-alimentacao-electrica-2","8":"product_cat-aves","11":"first","12":"instock","13":"shipping-taxable","14":"purchasable","15":"product-type-simple"},"jetpack_sharing_enabled":true,"_links":{"self":[{"href":"https:\/\/avesaguiar.ch\/pt-pt\/wp-json\/wp\/v2\/product\/27980","targetHints":{"allow":["GET"]}}],"collection":[{"href":"https:\/\/avesaguiar.ch\/pt-pt\/wp-json\/wp\/v2\/product"}],"about":[{"href":"https:\/\/avesaguiar.ch\/pt-pt\/wp-json\/wp\/v2\/types\/product"}],"replies":[{"embeddable":true,"href":"https:\/\/avesaguiar.ch\/pt-pt\/wp-json\/wp\/v2\/comments?post=27980"}],"wp:featuredmedia":[{"embeddable":true,"href":"https:\/\/avesaguiar.ch\/pt-pt\/wp-json\/wp\/v2\/media\/22871"}],"wp:attachment":[{"href":"https:\/\/avesaguiar.ch\/pt-pt\/wp-json\/wp\/v2\/media?parent=27980"}],"wp:term":[{"taxonomy":"product_brand","embeddable":true,"href":"https:\/\/avesaguiar.ch\/pt-pt\/wp-json\/wp\/v2\/product_brand?post=27980"},{"taxonomy":"product_cat","embeddable":true,"href":"https:\/\/avesaguiar.ch\/pt-pt\/wp-json\/wp\/v2\/product_cat?post=27980"},{"taxonomy":"product_tag","embeddable":true,"href":"https:\/\/avesaguiar.ch\/pt-pt\/wp-json\/wp\/v2\/product_tag?post=27980"}],"curies":[{"name":"wp","href":"https:\/\/api.w.org\/{rel}","templated":true}]}}