{"id":27993,"date":"2025-01-09T11:24:40","date_gmt":"2025-01-09T11:24:40","guid":{"rendered":"https:\/\/avesaguiar.ch\/produit\/euro-premium-borrego-adulto-grande-sem-gluten\/"},"modified":"2025-01-09T11:24:40","modified_gmt":"2025-01-09T11:24:40","slug":"euro-premium-borrego-adulto-grande-sem-gluten","status":"publish","type":"product","link":"https:\/\/avesaguiar.ch\/pt-pt\/produit\/euro-premium-borrego-adulto-grande-sem-gluten\/","title":{"rendered":"Euro Premium &#8211; Borrego adulto grande (sem gl\u00faten)"},"content":{"rendered":"<p>Euro- Premium &#8211; Borrego e Arroz para Adultos Grandes 12Kg<\/p>\n<p><strong>Prote\u00ednas animais: 74%.<\/strong><\/p>\n<p><strong>Original \u00e9 um alimento de alta qualidade, saboroso e sem gl\u00faten que tu e o teu c\u00e3o v\u00e3o certamente apreciar. O ingrediente b\u00e1sico da gama Original \u00e9 a carne. Nenhum dos produtos cont\u00e9m trigo, milho ou cevada para uma \u00f3ptima digestibilidade. Os alimentos Original s\u00e3o adequados para c\u00e3es de todas as idades e ra\u00e7as.   <\/strong><\/p>\n<p>A carne \u00e9 a melhor fonte de prote\u00ednas para o teu fiel companheiro. Utilizamos principalmente carne seca de frango ou de borrego na prepara\u00e7\u00e3o da comida Original, o que significa que cerca de 80% da prote\u00edna da comida prov\u00e9m destas carnes. <\/p>\n<p>A gama Original tamb\u00e9m cont\u00e9m alecrim e sel\u00e9nio, antioxidantes naturais que apoiam o sistema imunit\u00e1rio do teu c\u00e3o, bem como probi\u00f3ticos como o FOS e o MOS. N\u00e3o h\u00e1 nada como isto para uma digest\u00e3o \u00f3ptima dos alimentos. <\/p>\n<p><strong>Alimento completo super premium para c\u00e3es adultos (&gt;18 meses) de ra\u00e7as grandes (25-45kg).<\/strong> Esta f\u00f3rmula n\u00e3o cont\u00e9m trigo nem gl\u00faten. Adiciona FOS e MOS para uma digest\u00e3o \u00f3ptima. A glucosamina e o sulfato de condroitina ajudam a manter as articula\u00e7\u00f5es fortes e flex\u00edveis. F   <\/p>\n<p>Farinha de borrego (desidratada38%), arroz (gerehidratado 29%), gordura de frango, ervilhas, batatas, baga\u00e7o de batata, polpa de beterraba, f\u00edgado de aves hidrolisado, fosfato dic\u00e1lcico, carbonato de c\u00e1lcio, cloreto de s\u00f3dio, levedura, \u00f3leo de peixe refinado, F.O.S, M.O.S, lecitina, glucosamina, sulfato de condroitina, sementes de uva, alecrim.<\/p>\n<p>Prote\u00edna bruta: 24% &#8211; teor de gordura: 13,5% &#8211; fibra bruta: 2,5% &#8211; cinzas brutas: 7,5% &#8211; c\u00e1lcio: 1,6% &#8211; f\u00f3sforo: 0,9%.<\/p>\n","protected":false},"excerpt":{"rendered":"<p><strong>Alimento completo super premium para c\u00e3es adultos (&gt;18 meses) de ra\u00e7as grandes (25-45kg).<\/strong> Esta f\u00f3rmula n\u00e3o cont\u00e9m trigo nem gl\u00faten. Adiciona FOS e MOS para uma digest\u00e3o \u00f3ptima. A glucosamina e o sulfato de condroitina ajudam a manter as articula\u00e7\u00f5es fortes e flex\u00edveis.  <\/p>\n","protected":false},"featured_media":23637,"comment_status":"open","ping_status":"closed","template":"","meta":[],"product_brand":[182],"product_cat":[345,264],"product_tag":[],"class_list":{"0":"post-27993","1":"product","2":"type-product","3":"status-publish","4":"has-post-thumbnail","6":"product_brand-beyers","7":"product_cat-alimentacao-electrica-3","8":"product_cat-cao","11":"first","12":"instock","13":"shipping-taxable","14":"purchasable","15":"product-type-simple"},"jetpack_sharing_enabled":true,"_links":{"self":[{"href":"https:\/\/avesaguiar.ch\/pt-pt\/wp-json\/wp\/v2\/product\/27993","targetHints":{"allow":["GET"]}}],"collection":[{"href":"https:\/\/avesaguiar.ch\/pt-pt\/wp-json\/wp\/v2\/product"}],"about":[{"href":"https:\/\/avesaguiar.ch\/pt-pt\/wp-json\/wp\/v2\/types\/product"}],"replies":[{"embeddable":true,"href":"https:\/\/avesaguiar.ch\/pt-pt\/wp-json\/wp\/v2\/comments?post=27993"}],"wp:featuredmedia":[{"embeddable":true,"href":"https:\/\/avesaguiar.ch\/pt-pt\/wp-json\/wp\/v2\/media\/23637"}],"wp:attachment":[{"href":"https:\/\/avesaguiar.ch\/pt-pt\/wp-json\/wp\/v2\/media?parent=27993"}],"wp:term":[{"taxonomy":"product_brand","embeddable":true,"href":"https:\/\/avesaguiar.ch\/pt-pt\/wp-json\/wp\/v2\/product_brand?post=27993"},{"taxonomy":"product_cat","embeddable":true,"href":"https:\/\/avesaguiar.ch\/pt-pt\/wp-json\/wp\/v2\/product_cat?post=27993"},{"taxonomy":"product_tag","embeddable":true,"href":"https:\/\/avesaguiar.ch\/pt-pt\/wp-json\/wp\/v2\/product_tag?post=27993"}],"curies":[{"name":"wp","href":"https:\/\/api.w.org\/{rel}","templated":true}]}}