{"id":28019,"date":"2025-01-09T12:59:36","date_gmt":"2025-01-09T12:59:36","guid":{"rendered":"https:\/\/avesaguiar.ch\/produit\/pente-para-desembaracar-e-afinar-18cm\/"},"modified":"2025-01-09T12:59:36","modified_gmt":"2025-01-09T12:59:36","slug":"pente-para-desembaracar-e-afinar-18cm","status":"publish","type":"product","link":"https:\/\/avesaguiar.ch\/pt-pt\/produit\/pente-para-desembaracar-e-afinar-18cm\/","title":{"rendered":"Pente para desembara\u00e7ar e afinar 18CM"},"content":{"rendered":"<p>Pente f\u00e1cil de desembara\u00e7ar e afinar para c\u00e3es e gatos de pelo comprido<\/p>\n<p>com dentes apertados e torcidos<\/p>\n<p>comprimento dos dentes 3,5 cm<\/p>\n<p>cuidado do pelo em cima e em baixo<\/p>\n<p>cabo de pl\u00e1stico com revestimento de borracha antiderrapante<\/p>\n","protected":false},"excerpt":{"rendered":"<p>cuida do cabelo em cima e em baixo<\/p>\n","protected":false},"featured_media":23716,"comment_status":"open","ping_status":"closed","template":"","meta":[],"product_brand":[187],"product_cat":[264,280],"product_tag":[],"class_list":{"0":"post-28019","1":"product","2":"type-product","3":"status-publish","4":"has-post-thumbnail","6":"product_brand-kinlys","7":"product_cat-cao","8":"product_cat-tosquia-higiene","11":"first","12":"instock","13":"shipping-taxable","14":"purchasable","15":"product-type-simple"},"jetpack_sharing_enabled":true,"_links":{"self":[{"href":"https:\/\/avesaguiar.ch\/pt-pt\/wp-json\/wp\/v2\/product\/28019","targetHints":{"allow":["GET"]}}],"collection":[{"href":"https:\/\/avesaguiar.ch\/pt-pt\/wp-json\/wp\/v2\/product"}],"about":[{"href":"https:\/\/avesaguiar.ch\/pt-pt\/wp-json\/wp\/v2\/types\/product"}],"replies":[{"embeddable":true,"href":"https:\/\/avesaguiar.ch\/pt-pt\/wp-json\/wp\/v2\/comments?post=28019"}],"wp:featuredmedia":[{"embeddable":true,"href":"https:\/\/avesaguiar.ch\/pt-pt\/wp-json\/wp\/v2\/media\/23716"}],"wp:attachment":[{"href":"https:\/\/avesaguiar.ch\/pt-pt\/wp-json\/wp\/v2\/media?parent=28019"}],"wp:term":[{"taxonomy":"product_brand","embeddable":true,"href":"https:\/\/avesaguiar.ch\/pt-pt\/wp-json\/wp\/v2\/product_brand?post=28019"},{"taxonomy":"product_cat","embeddable":true,"href":"https:\/\/avesaguiar.ch\/pt-pt\/wp-json\/wp\/v2\/product_cat?post=28019"},{"taxonomy":"product_tag","embeddable":true,"href":"https:\/\/avesaguiar.ch\/pt-pt\/wp-json\/wp\/v2\/product_tag?post=28019"}],"curies":[{"name":"wp","href":"https:\/\/api.w.org\/{rel}","templated":true}]}}