{"id":28023,"date":"2025-01-09T11:31:11","date_gmt":"2025-01-09T11:31:11","guid":{"rendered":"https:\/\/avesaguiar.ch\/produit\/euro-premium-digestion-adultos\/"},"modified":"2025-01-09T11:31:11","modified_gmt":"2025-01-09T11:31:11","slug":"euro-premium-digestion-adultos","status":"publish","type":"product","link":"https:\/\/avesaguiar.ch\/pt-pt\/produit\/euro-premium-digestion-adultos\/","title":{"rendered":"Euro Premium- Digestion+ Adultos"},"content":{"rendered":"<p>Euro-Premium Digestion + (Pato) Adultos Ra\u00e7as Grandes e M\u00e9dias<\/p>\n<p><strong>Prote\u00ednas animais: 79<\/strong><\/p>\n<p>Functional \u00e9 o alimento sem cereais perfeito para c\u00e3es adultos com necessidades especiais, quer estas resultem de uma digest\u00e3o dif\u00edcil, de problemas de pele e de pelagem ou de esteriliza\u00e7\u00e3o\/neutraliza\u00e7\u00e3o.<\/p>\n<p>Como o nome da nossa gama sugere, os alimentos Functionnal cont\u00eam ingredientes funcionais que tratam certos problemas e melhoram a sa\u00fade geral do teu c\u00e3o. Por isso, estes alimentos tamb\u00e9m podem ser dados ao teu animal de estima\u00e7\u00e3o como medida preventiva. <\/p>\n<p>Os produtos Functionnal cont\u00eam antioxidantes naturais e uma mistura \u00fanica de extractos de plantas. Estes antioxidantes, derivados da curcuma, do alecrim, do cravinho, da videira e dos citrinos, ajudam a equilibrar e a fortalecer o sistema imunit\u00e1rio do teu c\u00e3o. <\/p>\n<p>A gama Funcional cont\u00e9m igualmente uma mistura potente de probi\u00f3ticos como FOS, MOS e XOS. Esta mistura de fibras sol\u00faveis e insol\u00faveis garante uma digest\u00e3o \u00f3ptima dos alimentos. <\/p>\n<p>O principal ingrediente dos produtos funcionais? Carne ou peixe, fontes importantes de amino\u00e1cidos que tamb\u00e9m ajudam a digest\u00e3o. <\/p>\n<p>Por \u00faltimo, os alimentos funcionais n\u00e3o cont\u00eam cereais. Estes s\u00e3o substitu\u00eddos por batatas e legumes, que fornecem uma quantidade equivalente de energia. Porqu\u00ea retirar os cereais da nossa alimenta\u00e7\u00e3o? Porque alguns c\u00e3es s\u00e3o intolerantes a eles, ao passo que as batatas e os legumes n\u00e3o representam um risco compar\u00e1vel. Al\u00e9m disso, estes substitutos dos cereais s\u00e3o naturalmente ricos em vitamina C.    <\/p>\n<p>O teu c\u00e3o tem um est\u00f4mago sens\u00edvel ou problemas digestivos? Escolhe Digestion+. <\/p>\n<p>As fibras alimentares probi\u00f3ticas como FOS, MOS e XOS ajudam a garantir o equil\u00edbrio da flora intestinal. Os alimentos Digestion+ tamb\u00e9m cont\u00eam fibras de ps\u00edlio, que se combinam com a \u00e1gua para absorver o excesso de humidade nas fezes. As fibras de polpa de beterraba ajudam a retardar a digest\u00e3o e a melhorar a absor\u00e7\u00e3o dos nutrientes. Digestion+ \u00e9 rico em carne de veado e batatas para satisfazer amplamente as necessidades proteicas e energ\u00e9ticas do teu c\u00e3o.   <\/p>\n<p>Alimento completo super premium com carne de veado e batatas para c\u00e3es adultos (&gt;1 ano) de ra\u00e7as m\u00e9dias e grandes (&gt;10kg) &#8211; recomendado para c\u00e3es com reac\u00e7\u00f5es al\u00e9rgicas, tais como v\u00f3mitos ou diarreia. Alguns c\u00e3es sofrem de problemas estomacais, digestivos e\/ou cut\u00e2neos porque s\u00e3o sens\u00edveis a certos ingredientes. Esta sele\u00e7\u00e3o \u00fanica de ingredientes naturais, ca\u00e7a e batata minimiza o risco de reac\u00e7\u00f5es al\u00e9rgicas. A adi\u00e7\u00e3o de polpa de beterraba e de prebi\u00f3ticos (FOS, MOS e XOS) favorece o desenvolvimento de um sistema digestivo \u00f3timo. Este alimento completo e de alta qualidade \u00e9 enriquecido com extractos de plantas para apoiar o desenvolvimento do sistema imunit\u00e1rio natural. A propor\u00e7\u00e3o ideal de \u00e1cidos gordos \u00f3mega 3 e \u00f3mega 6 devolve o brilho \u00e0 pelagem e refor\u00e7a o sistema imunit\u00e1rio.     <\/p>\n<p>Farinha de carne de aves (reidratada 45%), batatas, carne de veado (desidratada 14%), ervilhas, gordura de frango, f\u00edgado de aves hidrolisado, polpa de beterraba, cloreto de s\u00f3dio, carbonato de c\u00e1lcio, fosfato dic\u00e1lcico, \u00f3leo de peixe refinado, yucca, psyllium, glucosamina, sulfato de condroitina, FOS, MOS, XOS, lecitina, extractos de plantas (Citrus sp. Syzygium sp, Curcuma sp., Alecrim sp. e Vitis sp.).<\/p>\n<p>Prote\u00edna bruta: 24,5% &#8211; teor de gordura: 15% &#8211; fibra bruta: 2,5% &#8211; cinzas brutas: 7,5% &#8211; c\u00e1lcio: 1,50% &#8211; f\u00f3sforo: 0,9%.<\/p>\n<p><strong>DISPON\u00cdVEL EM 10kg<\/strong><\/p>\n","protected":false},"excerpt":{"rendered":"<p>Por \u00faltimo, os alimentos funcionais n\u00e3o cont\u00eam cereais. Estes s\u00e3o substitu\u00eddos por batatas e legumes, que fornecem uma quantidade equivalente de energia. <\/p>\n","protected":false},"featured_media":23649,"comment_status":"open","ping_status":"closed","template":"","meta":[],"product_brand":[182],"product_cat":[345,264],"product_tag":[],"class_list":{"0":"post-28023","1":"product","2":"type-product","3":"status-publish","4":"has-post-thumbnail","6":"product_brand-beyers","7":"product_cat-alimentacao-electrica-3","8":"product_cat-cao","11":"first","12":"onbackorder","13":"shipping-taxable","14":"purchasable","15":"product-type-simple"},"jetpack_sharing_enabled":true,"_links":{"self":[{"href":"https:\/\/avesaguiar.ch\/pt-pt\/wp-json\/wp\/v2\/product\/28023","targetHints":{"allow":["GET"]}}],"collection":[{"href":"https:\/\/avesaguiar.ch\/pt-pt\/wp-json\/wp\/v2\/product"}],"about":[{"href":"https:\/\/avesaguiar.ch\/pt-pt\/wp-json\/wp\/v2\/types\/product"}],"replies":[{"embeddable":true,"href":"https:\/\/avesaguiar.ch\/pt-pt\/wp-json\/wp\/v2\/comments?post=28023"}],"wp:featuredmedia":[{"embeddable":true,"href":"https:\/\/avesaguiar.ch\/pt-pt\/wp-json\/wp\/v2\/media\/23649"}],"wp:attachment":[{"href":"https:\/\/avesaguiar.ch\/pt-pt\/wp-json\/wp\/v2\/media?parent=28023"}],"wp:term":[{"taxonomy":"product_brand","embeddable":true,"href":"https:\/\/avesaguiar.ch\/pt-pt\/wp-json\/wp\/v2\/product_brand?post=28023"},{"taxonomy":"product_cat","embeddable":true,"href":"https:\/\/avesaguiar.ch\/pt-pt\/wp-json\/wp\/v2\/product_cat?post=28023"},{"taxonomy":"product_tag","embeddable":true,"href":"https:\/\/avesaguiar.ch\/pt-pt\/wp-json\/wp\/v2\/product_tag?post=28023"}],"curies":[{"name":"wp","href":"https:\/\/api.w.org\/{rel}","templated":true}]}}