{"id":28024,"date":"2025-01-09T21:40:18","date_gmt":"2025-01-09T21:40:18","guid":{"rendered":"https:\/\/avesaguiar.ch\/produit\/conchas-de-ostras-finas\/"},"modified":"2025-01-09T21:40:18","modified_gmt":"2025-01-09T21:40:18","slug":"conchas-de-ostras-finas","status":"publish","type":"product","link":"https:\/\/avesaguiar.ch\/pt-pt\/produit\/conchas-de-ostras-finas\/","title":{"rendered":"CONCHAS DE OSTRAS FINAS"},"content":{"rendered":"<h3 style=\"font-weight: 400;\">Descri\u00e7\u00e3o<\/h3>\n<p style=\"font-weight: 400;\">As conchas de ostra finas s\u00e3o ideais como cobertura do solo para aves ornamentais ou como alimento complementar para animais.<\/p>\n<p style=\"font-weight: 400;\">Este produto de alta qualidade foi especialmente concebido para satisfazer as necessidades de c\u00e1lcio da tua ave.<\/p>\n<p style=\"font-weight: 400;\">Com um peso de 5 kg, esta cama \u00e9 uma solu\u00e7\u00e3o sustent\u00e1vel para manter um ambiente limpo para as tuas aves ornamentais. As conchas de ostra foram cuidadosamente selecionadas e processadas para garantir a textura e a qualidade certas, contribuindo para o bem-estar dos teus amigos alados. <\/p>\n<p style=\"font-weight: 400;\">Gra\u00e7as \u00e0 sua composi\u00e7\u00e3o natural, as conchas de ostra contribuem para o desgaste do bico das aves e satisfazem as suas necessidades de c\u00e1lcio. Isto torna-as n\u00e3o s\u00f3 uma escolha pr\u00e1tica, mas tamb\u00e9m uma adi\u00e7\u00e3o nutritiva \u00e0 sua dieta. <\/p>\n<p style=\"font-weight: 400;\">As sementes de ostra asseguram um desenvolvimento positivo da estrutura \u00f3ssea da tua ave ornamental.<\/p>\n<p style=\"font-weight: 400;\">D\u00e1 \u00e0s tuas aves ornamentais o melhor com conchas de ostra finas e cria um ambiente saud\u00e1vel e confort\u00e1vel no qual elas podem prosperar.<\/p>\n<p style=\"font-weight: 400;\">Experimenta hoje mesmo as conchas de ostra e d\u00e1 \u00e0s tuas aves ornamentais o ambiente ideal que elas merecem!<\/p>\n","protected":false},"excerpt":{"rendered":"<p>D\u00e1 \u00e0s tuas aves ornamentais o melhor com conchas de ostra finas e cria um ambiente saud\u00e1vel e confort\u00e1vel no qual elas podem prosperar.<\/p>\n","protected":false},"featured_media":23824,"comment_status":"open","ping_status":"closed","template":"","meta":[],"product_brand":[187],"product_cat":[251,320,248],"product_tag":[],"class_list":{"0":"post-28024","1":"product","2":"type-product","3":"status-publish","4":"has-post-thumbnail","6":"product_brand-kinlys","7":"product_cat-aves","8":"product_cat-limpeza-higiene-2","9":"product_cat-suplementos-alimentares-2","12":"first","13":"instock","14":"shipping-taxable","15":"purchasable","16":"product-type-simple"},"jetpack_sharing_enabled":true,"_links":{"self":[{"href":"https:\/\/avesaguiar.ch\/pt-pt\/wp-json\/wp\/v2\/product\/28024","targetHints":{"allow":["GET"]}}],"collection":[{"href":"https:\/\/avesaguiar.ch\/pt-pt\/wp-json\/wp\/v2\/product"}],"about":[{"href":"https:\/\/avesaguiar.ch\/pt-pt\/wp-json\/wp\/v2\/types\/product"}],"replies":[{"embeddable":true,"href":"https:\/\/avesaguiar.ch\/pt-pt\/wp-json\/wp\/v2\/comments?post=28024"}],"wp:featuredmedia":[{"embeddable":true,"href":"https:\/\/avesaguiar.ch\/pt-pt\/wp-json\/wp\/v2\/media\/23824"}],"wp:attachment":[{"href":"https:\/\/avesaguiar.ch\/pt-pt\/wp-json\/wp\/v2\/media?parent=28024"}],"wp:term":[{"taxonomy":"product_brand","embeddable":true,"href":"https:\/\/avesaguiar.ch\/pt-pt\/wp-json\/wp\/v2\/product_brand?post=28024"},{"taxonomy":"product_cat","embeddable":true,"href":"https:\/\/avesaguiar.ch\/pt-pt\/wp-json\/wp\/v2\/product_cat?post=28024"},{"taxonomy":"product_tag","embeddable":true,"href":"https:\/\/avesaguiar.ch\/pt-pt\/wp-json\/wp\/v2\/product_tag?post=28024"}],"curies":[{"name":"wp","href":"https:\/\/api.w.org\/{rel}","templated":true}]}}