{"id":28026,"date":"2025-01-10T08:49:31","date_gmt":"2025-01-10T08:49:31","guid":{"rendered":"https:\/\/avesaguiar.ch\/produit\/grao-de-ave-granivora\/"},"modified":"2025-01-10T08:49:31","modified_gmt":"2025-01-10T08:49:31","slug":"grao-de-ave-granivora","status":"publish","type":"product","link":"https:\/\/avesaguiar.ch\/pt-pt\/produit\/grao-de-ave-granivora\/","title":{"rendered":"Gr\u00e3o de ave gran\u00edvora"},"content":{"rendered":"<p><span class=\"Y2IQFc\" lang=\"fr\">Grit granivori de lign Fly Supporter da Raggio di Sole \u00e9 um granulado feito de conchas de ostras, moluscos, calc\u00e1rio, s\u00edlica e carv\u00e3o vegetal<\/span>que facilita naturalmente a tritura\u00e7\u00e3o dos gr\u00e3os, melhorando a sua digest\u00e3o.<\/p>\n<p><span class=\"Y2IQFc\" lang=\"fr\"> O elevado teor de c\u00e1lcio favorece o desenvolvimento da estrutura esquel\u00e9tica<\/span><\/p>\n<p><span class=\"Y2IQFc\" lang=\"fr\">Alimenta\u00e7\u00e3o complementar e natural <\/span><\/p>\n<p>embalagem; <strong>2Kg<\/strong><\/p>\n","protected":false},"excerpt":{"rendered":"<p><span class=\"Y2IQFc\" lang=\"fr\">o carv\u00e3o vegetal<\/span>, que facilita naturalmente a tritura\u00e7\u00e3o dos gr\u00e3os, melhorando a sua digest\u00e3o<\/p>\n","protected":false},"featured_media":23888,"comment_status":"open","ping_status":"closed","template":"","meta":[],"product_brand":[60],"product_cat":[251,248],"product_tag":[],"class_list":{"0":"post-28026","1":"product","2":"type-product","3":"status-publish","4":"has-post-thumbnail","6":"product_brand-raggio-di-sole","7":"product_cat-aves","8":"product_cat-suplementos-alimentares-2","11":"first","12":"instock","13":"shipping-taxable","14":"purchasable","15":"product-type-simple"},"jetpack_sharing_enabled":true,"_links":{"self":[{"href":"https:\/\/avesaguiar.ch\/pt-pt\/wp-json\/wp\/v2\/product\/28026","targetHints":{"allow":["GET"]}}],"collection":[{"href":"https:\/\/avesaguiar.ch\/pt-pt\/wp-json\/wp\/v2\/product"}],"about":[{"href":"https:\/\/avesaguiar.ch\/pt-pt\/wp-json\/wp\/v2\/types\/product"}],"replies":[{"embeddable":true,"href":"https:\/\/avesaguiar.ch\/pt-pt\/wp-json\/wp\/v2\/comments?post=28026"}],"wp:featuredmedia":[{"embeddable":true,"href":"https:\/\/avesaguiar.ch\/pt-pt\/wp-json\/wp\/v2\/media\/23888"}],"wp:attachment":[{"href":"https:\/\/avesaguiar.ch\/pt-pt\/wp-json\/wp\/v2\/media?parent=28026"}],"wp:term":[{"taxonomy":"product_brand","embeddable":true,"href":"https:\/\/avesaguiar.ch\/pt-pt\/wp-json\/wp\/v2\/product_brand?post=28026"},{"taxonomy":"product_cat","embeddable":true,"href":"https:\/\/avesaguiar.ch\/pt-pt\/wp-json\/wp\/v2\/product_cat?post=28026"},{"taxonomy":"product_tag","embeddable":true,"href":"https:\/\/avesaguiar.ch\/pt-pt\/wp-json\/wp\/v2\/product_tag?post=28026"}],"curies":[{"name":"wp","href":"https:\/\/api.w.org\/{rel}","templated":true}]}}