{"id":28044,"date":"2025-01-06T23:55:10","date_gmt":"2025-01-06T23:55:10","guid":{"rendered":"https:\/\/avesaguiar.ch\/produit\/gaiola-para-periquitos-ancona-de-instalacao-livre\/"},"modified":"2025-01-06T23:55:10","modified_gmt":"2025-01-06T23:55:10","slug":"gaiola-para-periquitos-ancona-de-instalacao-livre","status":"publish","type":"product","link":"https:\/\/avesaguiar.ch\/pt-pt\/produit\/gaiola-para-periquitos-ancona-de-instalacao-livre\/","title":{"rendered":"GAIOLA PARA PERIQUITOS ANCONA DE INSTALA\u00c7\u00c3O LIVRE"},"content":{"rendered":"<p>Dimens\u00f5es: 68 x 51 x 154 cm<\/p>\n<p>Fornecido com 2 poleiros e 3 comedouros<\/p>\n","protected":false},"excerpt":{"rendered":"<p>Dimens\u00f5es: 68 x 51 x 154 cm<\/p>\n","protected":false},"featured_media":23455,"comment_status":"open","ping_status":"closed","template":"","meta":[],"product_brand":[187],"product_cat":[251,329],"product_tag":[],"class_list":{"0":"post-28044","1":"product","2":"type-product","3":"status-publish","4":"has-post-thumbnail","6":"product_brand-kinlys","7":"product_cat-aves","8":"product_cat-gaiolas","9":"product_shipping_class-30kg-plus","12":"first","13":"instock","14":"sale","15":"shipping-taxable","16":"purchasable","17":"product-type-simple"},"jetpack_sharing_enabled":true,"_links":{"self":[{"href":"https:\/\/avesaguiar.ch\/pt-pt\/wp-json\/wp\/v2\/product\/28044","targetHints":{"allow":["GET"]}}],"collection":[{"href":"https:\/\/avesaguiar.ch\/pt-pt\/wp-json\/wp\/v2\/product"}],"about":[{"href":"https:\/\/avesaguiar.ch\/pt-pt\/wp-json\/wp\/v2\/types\/product"}],"replies":[{"embeddable":true,"href":"https:\/\/avesaguiar.ch\/pt-pt\/wp-json\/wp\/v2\/comments?post=28044"}],"wp:featuredmedia":[{"embeddable":true,"href":"https:\/\/avesaguiar.ch\/pt-pt\/wp-json\/wp\/v2\/media\/23455"}],"wp:attachment":[{"href":"https:\/\/avesaguiar.ch\/pt-pt\/wp-json\/wp\/v2\/media?parent=28044"}],"wp:term":[{"taxonomy":"product_brand","embeddable":true,"href":"https:\/\/avesaguiar.ch\/pt-pt\/wp-json\/wp\/v2\/product_brand?post=28044"},{"taxonomy":"product_cat","embeddable":true,"href":"https:\/\/avesaguiar.ch\/pt-pt\/wp-json\/wp\/v2\/product_cat?post=28044"},{"taxonomy":"product_tag","embeddable":true,"href":"https:\/\/avesaguiar.ch\/pt-pt\/wp-json\/wp\/v2\/product_tag?post=28044"}],"curies":[{"name":"wp","href":"https:\/\/api.w.org\/{rel}","templated":true}]}}