{"id":28045,"date":"2025-01-06T23:27:41","date_gmt":"2025-01-06T23:27:41","guid":{"rendered":"https:\/\/avesaguiar.ch\/produit\/brinquedos-de-baloico-30cm\/"},"modified":"2025-01-06T23:27:41","modified_gmt":"2025-01-06T23:27:41","slug":"brinquedos-de-baloico-30cm","status":"publish","type":"product","link":"https:\/\/avesaguiar.ch\/pt-pt\/produit\/brinquedos-de-baloico-30cm\/","title":{"rendered":"BRINQUEDOS DE BALOI\u00c7O 30CM"},"content":{"rendered":"<p class=\"h1\">Brinquedos para p\u00e1ssaros Baloi\u00e7o de algod\u00e3o<\/p>\n","protected":false},"excerpt":{"rendered":"<p>Brinquedos para p\u00e1ssaros Baloi\u00e7o de algod\u00e3o<\/p>\n","protected":false},"featured_media":23430,"comment_status":"open","ping_status":"closed","template":"","meta":[],"product_brand":[187],"product_cat":[251,210],"product_tag":[],"class_list":{"0":"post-28045","1":"product","2":"type-product","3":"status-publish","4":"has-post-thumbnail","6":"product_brand-kinlys","7":"product_cat-aves","8":"product_cat-brinquedos","9":"product_shipping_class-postpac-economia-900g","12":"first","13":"instock","14":"shipping-taxable","15":"purchasable","16":"product-type-simple"},"jetpack_sharing_enabled":true,"_links":{"self":[{"href":"https:\/\/avesaguiar.ch\/pt-pt\/wp-json\/wp\/v2\/product\/28045","targetHints":{"allow":["GET"]}}],"collection":[{"href":"https:\/\/avesaguiar.ch\/pt-pt\/wp-json\/wp\/v2\/product"}],"about":[{"href":"https:\/\/avesaguiar.ch\/pt-pt\/wp-json\/wp\/v2\/types\/product"}],"replies":[{"embeddable":true,"href":"https:\/\/avesaguiar.ch\/pt-pt\/wp-json\/wp\/v2\/comments?post=28045"}],"wp:featuredmedia":[{"embeddable":true,"href":"https:\/\/avesaguiar.ch\/pt-pt\/wp-json\/wp\/v2\/media\/23430"}],"wp:attachment":[{"href":"https:\/\/avesaguiar.ch\/pt-pt\/wp-json\/wp\/v2\/media?parent=28045"}],"wp:term":[{"taxonomy":"product_brand","embeddable":true,"href":"https:\/\/avesaguiar.ch\/pt-pt\/wp-json\/wp\/v2\/product_brand?post=28045"},{"taxonomy":"product_cat","embeddable":true,"href":"https:\/\/avesaguiar.ch\/pt-pt\/wp-json\/wp\/v2\/product_cat?post=28045"},{"taxonomy":"product_tag","embeddable":true,"href":"https:\/\/avesaguiar.ch\/pt-pt\/wp-json\/wp\/v2\/product_tag?post=28045"}],"curies":[{"name":"wp","href":"https:\/\/api.w.org\/{rel}","templated":true}]}}