{"id":28054,"date":"2025-01-09T11:01:22","date_gmt":"2025-01-09T11:01:22","guid":{"rendered":"https:\/\/avesaguiar.ch\/produit\/banho-de-luxo\/"},"modified":"2025-01-09T11:01:22","modified_gmt":"2025-01-09T11:01:22","slug":"banho-de-luxo","status":"publish","type":"product","link":"https:\/\/avesaguiar.ch\/pt-pt\/produit\/banho-de-luxo\/","title":{"rendered":"Banho de luxo"},"content":{"rendered":"<p>Banheira de pl\u00e1stico para p\u00e1ssaros (can\u00e1rios, ex\u00f3ticos).<\/p>\n<p>Adequada para diamantes, can\u00e1rios, tarins, periquitos.<\/p>\n<p>Inclui dois ganchos na parte da frente da banheira para uma f\u00e1cil fixa\u00e7\u00e3o \u00e0s barras da gaiola, al\u00e9m de um rebordo que serve de poleiro.<\/p>\n<p>Dimens\u00f5es: 13 x 13 x 13 cm<\/p>\n","protected":false},"excerpt":{"rendered":"<p>Banheira de pl\u00e1stico para p\u00e1ssaros (can\u00e1rios, ex\u00f3ticos)<\/p>\n","protected":false},"featured_media":23608,"comment_status":"open","ping_status":"closed","template":"","meta":[],"product_brand":[61],"product_cat":[284,251],"product_tag":[],"class_list":{"0":"post-28054","1":"product","2":"type-product","3":"status-publish","4":"has-post-thumbnail","6":"product_brand-2gr","7":"product_cat-acessorios-3","8":"product_cat-aves","11":"first","12":"instock","13":"shipping-taxable","14":"purchasable","15":"product-type-simple"},"jetpack_sharing_enabled":true,"_links":{"self":[{"href":"https:\/\/avesaguiar.ch\/pt-pt\/wp-json\/wp\/v2\/product\/28054","targetHints":{"allow":["GET"]}}],"collection":[{"href":"https:\/\/avesaguiar.ch\/pt-pt\/wp-json\/wp\/v2\/product"}],"about":[{"href":"https:\/\/avesaguiar.ch\/pt-pt\/wp-json\/wp\/v2\/types\/product"}],"replies":[{"embeddable":true,"href":"https:\/\/avesaguiar.ch\/pt-pt\/wp-json\/wp\/v2\/comments?post=28054"}],"wp:featuredmedia":[{"embeddable":true,"href":"https:\/\/avesaguiar.ch\/pt-pt\/wp-json\/wp\/v2\/media\/23608"}],"wp:attachment":[{"href":"https:\/\/avesaguiar.ch\/pt-pt\/wp-json\/wp\/v2\/media?parent=28054"}],"wp:term":[{"taxonomy":"product_brand","embeddable":true,"href":"https:\/\/avesaguiar.ch\/pt-pt\/wp-json\/wp\/v2\/product_brand?post=28054"},{"taxonomy":"product_cat","embeddable":true,"href":"https:\/\/avesaguiar.ch\/pt-pt\/wp-json\/wp\/v2\/product_cat?post=28054"},{"taxonomy":"product_tag","embeddable":true,"href":"https:\/\/avesaguiar.ch\/pt-pt\/wp-json\/wp\/v2\/product_tag?post=28054"}],"curies":[{"name":"wp","href":"https:\/\/api.w.org\/{rel}","templated":true}]}}