{"id":28061,"date":"2025-01-09T22:02:14","date_gmt":"2025-01-09T22:02:14","guid":{"rendered":"https:\/\/avesaguiar.ch\/produit\/tesoura-de-aco-inoxidavel-para-aneis-de-passaros\/"},"modified":"2025-01-09T22:02:14","modified_gmt":"2025-01-09T22:02:14","slug":"tesoura-de-aco-inoxidavel-para-aneis-de-passaros","status":"publish","type":"product","link":"https:\/\/avesaguiar.ch\/pt-pt\/produit\/tesoura-de-aco-inoxidavel-para-aneis-de-passaros\/","title":{"rendered":"Tesoura de a\u00e7o inoxid\u00e1vel para an\u00e9is de p\u00e1ssaros"},"content":{"rendered":"<p>Tesoura de a\u00e7o inoxid\u00e1vel para an\u00e9is de p\u00e1ssaros<\/p>\n","protected":false},"excerpt":{"rendered":"<p>Tesoura de a\u00e7o inoxid\u00e1vel para an\u00e9is de p\u00e1ssaros<\/p>\n","protected":false},"featured_media":23849,"comment_status":"open","ping_status":"closed","template":"","meta":[],"product_brand":[187],"product_cat":[284,251,320],"product_tag":[],"class_list":{"0":"post-28061","1":"product","2":"type-product","3":"status-publish","4":"has-post-thumbnail","6":"product_brand-kinlys","7":"product_cat-acessorios-3","8":"product_cat-aves","9":"product_cat-limpeza-higiene-2","12":"first","13":"onbackorder","14":"shipping-taxable","15":"purchasable","16":"product-type-simple"},"jetpack_sharing_enabled":true,"_links":{"self":[{"href":"https:\/\/avesaguiar.ch\/pt-pt\/wp-json\/wp\/v2\/product\/28061","targetHints":{"allow":["GET"]}}],"collection":[{"href":"https:\/\/avesaguiar.ch\/pt-pt\/wp-json\/wp\/v2\/product"}],"about":[{"href":"https:\/\/avesaguiar.ch\/pt-pt\/wp-json\/wp\/v2\/types\/product"}],"replies":[{"embeddable":true,"href":"https:\/\/avesaguiar.ch\/pt-pt\/wp-json\/wp\/v2\/comments?post=28061"}],"wp:featuredmedia":[{"embeddable":true,"href":"https:\/\/avesaguiar.ch\/pt-pt\/wp-json\/wp\/v2\/media\/23849"}],"wp:attachment":[{"href":"https:\/\/avesaguiar.ch\/pt-pt\/wp-json\/wp\/v2\/media?parent=28061"}],"wp:term":[{"taxonomy":"product_brand","embeddable":true,"href":"https:\/\/avesaguiar.ch\/pt-pt\/wp-json\/wp\/v2\/product_brand?post=28061"},{"taxonomy":"product_cat","embeddable":true,"href":"https:\/\/avesaguiar.ch\/pt-pt\/wp-json\/wp\/v2\/product_cat?post=28061"},{"taxonomy":"product_tag","embeddable":true,"href":"https:\/\/avesaguiar.ch\/pt-pt\/wp-json\/wp\/v2\/product_tag?post=28061"}],"curies":[{"name":"wp","href":"https:\/\/api.w.org\/{rel}","templated":true}]}}