{"id":28065,"date":"2024-12-29T22:06:48","date_gmt":"2024-12-29T22:06:48","guid":{"rendered":"https:\/\/avesaguiar.ch\/produit\/maria-birdcage\/"},"modified":"2024-12-29T22:06:48","modified_gmt":"2024-12-29T22:06:48","slug":"maria-birdcage","status":"publish","type":"product","link":"https:\/\/avesaguiar.ch\/pt-pt\/produit\/maria-birdcage\/","title":{"rendered":"Maria Birdcage"},"content":{"rendered":"<h4><strong>Gaiola Maria sem carrinho<\/strong><\/h4>\n<p>Gaiola de interior atractiva para aves at\u00e9 ao tamanho de Agapornis<\/p>\n<p>Rede de arame resistente (12 mm de dist\u00e2ncia entre barras), equipada com 4 poleiros, 2 bebedouros e comedouros.<\/p>\n<p>Tem uma porta na parte da frente e outra na parte lateral. O fundo tem rebordos altos para evitar a dispers\u00e3o das sementes e um tabuleiro de excrementos amov\u00edvel. <\/p>\n<p><strong>Dimens\u00f5es :<\/strong><\/p>\n<p>&#8211; dimens\u00f5es exteriores (CxLxA): 70x50x62cm<\/p>\n<p>&#8211; dimens\u00f5es interiores (CxLxA): aprox. 68x46x58cm<\/p>\n<p>&#8211; superf\u00edcie: 0<sup>,31m2<\/sup><\/p>\n<p>&#8211; volume: 0<sup>,17m3<\/sup><\/p>\n<p><strong>Regulamentos su\u00ed\u00e7os de prote\u00e7\u00e3o dos animais  <\/strong><\/p>\n<p>De acordo com as normas de prote\u00e7\u00e3o dos animais, esta gaiola \u00e9 adequada para um m\u00e1ximo de 4 can\u00e1rios ou p\u00e1ssaros do tamanho de agapornis. \u00c9 importante ter em conta que esta informa\u00e7\u00e3o representa o m\u00ednimo legal e n\u00e3o representa de forma alguma uma cria\u00e7\u00e3o \u00f3ptima! <\/p>\n<p>Tem em aten\u00e7\u00e3o que os animais devem ser mantidos em grupos de, pelo menos, 2 e assegura que existe uma instala\u00e7\u00e3o de banho dispon\u00edvel. A disposi\u00e7\u00e3o da gaiola deve ser concebida de modo a satisfazer as diferentes necessidades dos respectivos habitantes. \u00c9 favor prever muitos ramos naturais (apenas para psitac\u00eddeos) para as aves roerem e treparem. Os compartimentos deveriam tamb\u00e9m ser estruturados com poleiros flex\u00edveis de diferentes espessuras e orienta\u00e7\u00f5es, com um ter\u00e7o do volume livre de estruturas. A lei su\u00ed\u00e7a sobre a prote\u00e7\u00e3o dos animais cont\u00e9m outras disposi\u00e7\u00f5es legais que regem a cria\u00e7\u00e3o de aves de uma forma que respeite os animais.    <\/p>\n","protected":false},"excerpt":{"rendered":"<p>Gaiola Maria sem carrinho Gaiola de interior atractiva para aves at\u00e9 ao tamanho de Agapornis Rede de arame resistente (12 mm de dist\u00e2ncia entre barras), equipada com 4 poleiros, 2 bebedouros e comedouros. Tem uma porta na parte da frente e outra na parte lateral. O fundo tem rebordos altos para evitar a dispers\u00e3o das [&hellip;]<\/p>\n","protected":false},"featured_media":26359,"comment_status":"open","ping_status":"closed","template":"","meta":[],"product_brand":[61],"product_cat":[251,329],"product_tag":[],"class_list":{"0":"post-28065","1":"product","2":"type-product","3":"status-publish","4":"has-post-thumbnail","6":"product_brand-2gr","7":"product_cat-aves","8":"product_cat-gaiolas","9":"product_shipping_class-postpac-economy-30kg","12":"first","13":"instock","14":"shipping-taxable","15":"purchasable","16":"product-type-simple"},"jetpack_sharing_enabled":true,"_links":{"self":[{"href":"https:\/\/avesaguiar.ch\/pt-pt\/wp-json\/wp\/v2\/product\/28065","targetHints":{"allow":["GET"]}}],"collection":[{"href":"https:\/\/avesaguiar.ch\/pt-pt\/wp-json\/wp\/v2\/product"}],"about":[{"href":"https:\/\/avesaguiar.ch\/pt-pt\/wp-json\/wp\/v2\/types\/product"}],"replies":[{"embeddable":true,"href":"https:\/\/avesaguiar.ch\/pt-pt\/wp-json\/wp\/v2\/comments?post=28065"}],"wp:featuredmedia":[{"embeddable":true,"href":"https:\/\/avesaguiar.ch\/pt-pt\/wp-json\/wp\/v2\/media\/26359"}],"wp:attachment":[{"href":"https:\/\/avesaguiar.ch\/pt-pt\/wp-json\/wp\/v2\/media?parent=28065"}],"wp:term":[{"taxonomy":"product_brand","embeddable":true,"href":"https:\/\/avesaguiar.ch\/pt-pt\/wp-json\/wp\/v2\/product_brand?post=28065"},{"taxonomy":"product_cat","embeddable":true,"href":"https:\/\/avesaguiar.ch\/pt-pt\/wp-json\/wp\/v2\/product_cat?post=28065"},{"taxonomy":"product_tag","embeddable":true,"href":"https:\/\/avesaguiar.ch\/pt-pt\/wp-json\/wp\/v2\/product_tag?post=28065"}],"curies":[{"name":"wp","href":"https:\/\/api.w.org\/{rel}","templated":true}]}}