{"id":28071,"date":"2024-12-28T19:42:55","date_gmt":"2024-12-28T19:42:55","guid":{"rendered":"https:\/\/avesaguiar.ch\/produit\/beyers-galaxy-mue-20kg\/"},"modified":"2024-12-28T19:42:55","modified_gmt":"2024-12-28T19:42:55","slug":"beyers-galaxy-mue-20kg","status":"publish","type":"product","link":"https:\/\/avesaguiar.ch\/pt-pt\/produit\/beyers-galaxy-mue-20kg\/","title":{"rendered":"Beyers-Galaxy Mue 20Kg"},"content":{"rendered":"<p><strong>BEYERS MUE GALAXY. 20Kg <\/strong><\/p>\n<div id=\"tab-description\" class=\"tab-content\">\n<p>Embora ainda subestimado, o per\u00edodo de muda \u00e9 um dos per\u00edodos mais importantes, e tamb\u00e9m dif\u00edceis, para os teus pombos. Os pombos precisam de renovar a maior parte da sua plumagem num curto espa\u00e7o de tempo, certamente se tiverem sido iluminados ou sombreados. Precisam dos amino\u00e1cidos e prote\u00ednas necess\u00e1rios para desenvolver uma plumagem forte e gordura para a manter macia e brilhante. Ao mesmo tempo, tens de encontrar o equil\u00edbrio ideal entre os v\u00e1rios nutrientes e fibra bruta suficiente para que os pombos n\u00e3o se tornem demasiado gordos. Os pombos demasiado pesados t\u00eam uma muda menos eficaz. Galaxy Moult \u00e9 composto por nada menos que 27 ingredientes diferentes. A mistura cont\u00e9m 4 tipos de milho (milho cribbs, milho cribbs pequeno, milho merano e milho bordeaux), ervilhas, katjang idjoe, ervilhaca e lentilhas &#8211; que fornecem as prote\u00ednas e os amino\u00e1cidos necess\u00e1rios &#8211; e muitas sementes pequenas e ricas em gordura que promovem uma renova\u00e7\u00e3o perfeita das penas, tais como c\u00e2nhamo, linha\u00e7a, colza, nabo silvestre e sementes de can\u00e1rio. A cevada, o arroz integral e os girass\u00f3is estriados fornecem as fibras necess\u00e1rias, e o cardo mariano ajuda o f\u00edgado a funcionar corretamente.       <\/p>\n<p>&nbsp;<\/p>\n<p><strong>Composi\u00e7\u00e3o<\/strong><\/p>\n<p>Trigo branco 12%, sorgo branco 11%, cevada 5%, cardi 5%, ervilhas amarelas 5%, ervilhas verdes 5%, milho pequeno com nervuras 5%, milho com nervuras 5%, ervilhaca 5%, milho merano 4%, soja torrada 4%, arroz paddy 4%, milho bordeaux 4%, aveia descascada 3%, arroz de carga 2%, girass\u00f3is estriados 2%, sementes brancas 2%, ervilhas de bordo 2%, nabos 2%, sementes de linho 2%, c\u00e2nhamo 2%, Kadjang Idjoe 2%, colza 2%, lentilhas 2%, pain\u00e7o amarelo 1%, pain\u00e7o branco 1%, cardo mariano 1%.<\/p>\n<p><strong>An\u00e1lise<\/strong><\/p>\n<p>Hidratos de carbono 51,80%, prote\u00edna bruta 15,19%, gordura bruta 8,59%, fibra bruta 6,59%, cinza bruta 2,41%, lisina 0,69%, f\u00f3sforo 0,37%, metionina 0,21%, c\u00e1lcio 0,12%.<\/p>\n<\/div>\n","protected":false},"excerpt":{"rendered":"<p>BEYERS MUE GALAXY. 20Kg Embora ainda subestimado, o per\u00edodo de muda \u00e9 um dos per\u00edodos mais importantes, e tamb\u00e9m dif\u00edceis, para os teus pombos. Os pombos precisam de renovar a maior parte da sua plumagem num curto espa\u00e7o de tempo, certamente se tiverem sido iluminados ou sombreados. Precisam dos amino\u00e1cidos e prote\u00ednas necess\u00e1rios para desenvolver [&hellip;]<\/p>\n","protected":false},"featured_media":25962,"comment_status":"open","ping_status":"closed","template":"","meta":[],"product_brand":[182],"product_cat":[223],"product_tag":[],"class_list":{"0":"post-28071","1":"product","2":"type-product","3":"status-publish","4":"has-post-thumbnail","6":"product_brand-beyers","7":"product_cat-alimentacao-electrica","10":"first","11":"instock","12":"shipping-taxable","13":"purchasable","14":"product-type-simple"},"jetpack_sharing_enabled":true,"_links":{"self":[{"href":"https:\/\/avesaguiar.ch\/pt-pt\/wp-json\/wp\/v2\/product\/28071","targetHints":{"allow":["GET"]}}],"collection":[{"href":"https:\/\/avesaguiar.ch\/pt-pt\/wp-json\/wp\/v2\/product"}],"about":[{"href":"https:\/\/avesaguiar.ch\/pt-pt\/wp-json\/wp\/v2\/types\/product"}],"replies":[{"embeddable":true,"href":"https:\/\/avesaguiar.ch\/pt-pt\/wp-json\/wp\/v2\/comments?post=28071"}],"wp:featuredmedia":[{"embeddable":true,"href":"https:\/\/avesaguiar.ch\/pt-pt\/wp-json\/wp\/v2\/media\/25962"}],"wp:attachment":[{"href":"https:\/\/avesaguiar.ch\/pt-pt\/wp-json\/wp\/v2\/media?parent=28071"}],"wp:term":[{"taxonomy":"product_brand","embeddable":true,"href":"https:\/\/avesaguiar.ch\/pt-pt\/wp-json\/wp\/v2\/product_brand?post=28071"},{"taxonomy":"product_cat","embeddable":true,"href":"https:\/\/avesaguiar.ch\/pt-pt\/wp-json\/wp\/v2\/product_cat?post=28071"},{"taxonomy":"product_tag","embeddable":true,"href":"https:\/\/avesaguiar.ch\/pt-pt\/wp-json\/wp\/v2\/product_tag?post=28071"}],"curies":[{"name":"wp","href":"https:\/\/api.w.org\/{rel}","templated":true}]}}