{"id":28160,"date":"2026-01-11T21:29:17","date_gmt":"2026-01-11T21:29:17","guid":{"rendered":"https:\/\/avesaguiar.ch\/?post_type=product&#038;p=28160"},"modified":"2026-04-20T11:44:45","modified_gmt":"2026-04-20T11:44:45","slug":"beyers-4-saisons-special-25kg","status":"publish","type":"product","link":"https:\/\/avesaguiar.ch\/pt-pt\/produit\/beyers-4-saisons-special-25kg\/","title":{"rendered":"Beyers &#8211; 4 Saisons Sp\u00e9cial 25kg"},"content":{"rendered":"<h4>4 Saisons Sp\u00e9cial 25kg<\/h4>\n<ul>\n<li>Le m\u00e9lange allround sans orge parfait pour vos pigeons.<\/li>\n<li>Une belle composition polyvalente avec 4 sortes du ma\u00efs, 4 sortes de pois et des graines de tournesol stri\u00e9es.<\/li>\n<li>Peut \u00eatre donn\u00e9 chaque jour tout au long de l\u2019ann\u00e9e. En outre, ce m\u00e9lange \u00e0 un prix super comp\u00e9titif.<\/li>\n<\/ul>\n<h2>Composition<\/h2>\n<p>bl\u00e9, pos jaune, ma\u00efs fran\u00e7ais, ma\u00efs cribs, dari blanc, pois dunpeas, sorgho rouge, cardi, ma\u00efs Plata, pois maple peas, ma\u00efs Merano, pois verts, millet blanc, millet jaune, graines de tournesol stri\u00e9es.<\/p>\n<h2>Constituants analytiques<\/h2>\n<p>Glucides 64,50 % \u2013 prot\u00e9ines brutes 13,00 % \u2013 mati\u00e8res grasses brutes 3,90 % \u2013 cellulose brute 4,70 % \u2013 cendres brutes 1,80 % \u2013 lysine 0,60% \u2013 phosphore 0,29% \u2013 methionine 0,16% \u2013 calcium 0,06%<\/p>\n","protected":false},"excerpt":{"rendered":"<p>4 Saisons Sp\u00e9cial 25kg Le m\u00e9lange allround sans orge parfait pour vos pigeons. Une belle composition polyvalente avec 4 sortes du ma\u00efs, 4 sortes de pois et des graines de tournesol stri\u00e9es. Peut \u00eatre donn\u00e9 chaque jour tout au long de l\u2019ann\u00e9e. En outre, ce m\u00e9lange \u00e0 un prix super comp\u00e9titif. Composition bl\u00e9, pos jaune, [&hellip;]<\/p>\n","protected":false},"featured_media":26002,"comment_status":"open","ping_status":"closed","template":"","meta":[],"product_brand":[182],"product_cat":[169,171],"product_tag":[],"class_list":{"0":"post-28160","1":"product","2":"type-product","3":"status-publish","4":"has-post-thumbnail","6":"product_brand-beyers","7":"product_cat-pigeons","8":"product_cat-pigeons-alimentation","11":"first","12":"instock","13":"shipping-taxable","14":"purchasable","15":"product-type-simple"},"jetpack_sharing_enabled":true,"_links":{"self":[{"href":"https:\/\/avesaguiar.ch\/pt-pt\/wp-json\/wp\/v2\/product\/28160","targetHints":{"allow":["GET"]}}],"collection":[{"href":"https:\/\/avesaguiar.ch\/pt-pt\/wp-json\/wp\/v2\/product"}],"about":[{"href":"https:\/\/avesaguiar.ch\/pt-pt\/wp-json\/wp\/v2\/types\/product"}],"replies":[{"embeddable":true,"href":"https:\/\/avesaguiar.ch\/pt-pt\/wp-json\/wp\/v2\/comments?post=28160"}],"wp:featuredmedia":[{"embeddable":true,"href":"https:\/\/avesaguiar.ch\/pt-pt\/wp-json\/wp\/v2\/media\/26002"}],"wp:attachment":[{"href":"https:\/\/avesaguiar.ch\/pt-pt\/wp-json\/wp\/v2\/media?parent=28160"}],"wp:term":[{"taxonomy":"product_brand","embeddable":true,"href":"https:\/\/avesaguiar.ch\/pt-pt\/wp-json\/wp\/v2\/product_brand?post=28160"},{"taxonomy":"product_cat","embeddable":true,"href":"https:\/\/avesaguiar.ch\/pt-pt\/wp-json\/wp\/v2\/product_cat?post=28160"},{"taxonomy":"product_tag","embeddable":true,"href":"https:\/\/avesaguiar.ch\/pt-pt\/wp-json\/wp\/v2\/product_tag?post=28160"}],"curies":[{"name":"wp","href":"https:\/\/api.w.org\/{rel}","templated":true}]}}