{"id":28453,"date":"2026-01-25T10:09:13","date_gmt":"2026-01-25T10:09:13","guid":{"rendered":"https:\/\/avesaguiar.ch\/?post_type=product&#038;p=28453"},"modified":"2026-01-25T10:09:13","modified_gmt":"2026-01-25T10:09:13","slug":"cage-de-transport-oiseaux-a-5-compartiments","status":"publish","type":"product","link":"https:\/\/avesaguiar.ch\/pt-pt\/produit\/cage-de-transport-oiseaux-a-5-compartiments\/","title":{"rendered":"Cage de transport oiseaux a 5 compartiments"},"content":{"rendered":"<section class=\"product-detail-secondary card card-block mb-3\">\n<div class=\"row\">\n<div class=\"col-12\">\n<div class=\"tabs\">\n<div id=\"tab-content\" class=\"tab-content\">\n<div id=\"description\" class=\"tab-pane fade show active\">\n<div class=\"product-description\">\n<p>Cage Sans couvercle 2GR<\/p>\n<p>Cette cage de transport Maxi Tino peut \u00eatre divis\u00e9e en 5 compartiments maximum.<\/p>\n<p>Les s\u00e9parations \u00e9tant amovibles, vous pouvez g\u00e9rer l&#8217;espace comme bon vous semble. Chaque compartiment est munie d&#8217;un abreuvoir et d&#8217;une mangeoire et poss\u00e8de 2 perchoirs.<\/p>\n<p>L&#8217;acc\u00e8s aux oiseaux se fait par les 5 portes\u00a0 sur la grille du dessus.<br \/>\nLes cage peuvent s&#8217;empiler et se rattacher les unes aux autres.<\/p>\n<p>Un seul couvercle est alors n\u00e9cessaire.<br \/>\nDimensions : \u2194 66,8 x 34,3 cm et \u2195\u00a021 cm<br \/>\nContenu : 1 mallette, 5 abreuvoirs, 5 mangeoires, 2 perchoirs. Couvercle fourni.<\/p>\n<\/div>\n<\/div>\n<\/div>\n<\/div>\n<\/div>\n<div class=\"col-lg-5\">\n<div id=\"product-details\"><\/div>\n<\/div>\n<\/div>\n<\/section>\n","protected":false},"excerpt":{"rendered":"<p>Cage Sans couvercle 2GR Cette cage de transport Maxi Tino peut \u00eatre divis\u00e9e en 5 compartiments maximum. Les s\u00e9parations \u00e9tant amovibles, vous pouvez g\u00e9rer l&#8217;espace comme bon vous semble. Chaque compartiment est munie d&#8217;un abreuvoir et d&#8217;une mangeoire et poss\u00e8de 2 perchoirs. L&#8217;acc\u00e8s aux oiseaux se fait par les 5 portes\u00a0 sur la grille du [&hellip;]<\/p>\n","protected":false},"featured_media":28454,"comment_status":"open","ping_status":"closed","template":"","meta":[],"product_brand":[61],"product_cat":[103,174],"product_tag":[],"class_list":{"0":"post-28453","1":"product","2":"type-product","3":"status-publish","4":"has-post-thumbnail","6":"product_brand-2gr","7":"product_cat-oiseaux","8":"product_cat-oiseaux-cages","11":"first","12":"instock","13":"shipping-taxable","14":"purchasable","15":"product-type-simple"},"jetpack_sharing_enabled":true,"_links":{"self":[{"href":"https:\/\/avesaguiar.ch\/pt-pt\/wp-json\/wp\/v2\/product\/28453","targetHints":{"allow":["GET"]}}],"collection":[{"href":"https:\/\/avesaguiar.ch\/pt-pt\/wp-json\/wp\/v2\/product"}],"about":[{"href":"https:\/\/avesaguiar.ch\/pt-pt\/wp-json\/wp\/v2\/types\/product"}],"replies":[{"embeddable":true,"href":"https:\/\/avesaguiar.ch\/pt-pt\/wp-json\/wp\/v2\/comments?post=28453"}],"wp:featuredmedia":[{"embeddable":true,"href":"https:\/\/avesaguiar.ch\/pt-pt\/wp-json\/wp\/v2\/media\/28454"}],"wp:attachment":[{"href":"https:\/\/avesaguiar.ch\/pt-pt\/wp-json\/wp\/v2\/media?parent=28453"}],"wp:term":[{"taxonomy":"product_brand","embeddable":true,"href":"https:\/\/avesaguiar.ch\/pt-pt\/wp-json\/wp\/v2\/product_brand?post=28453"},{"taxonomy":"product_cat","embeddable":true,"href":"https:\/\/avesaguiar.ch\/pt-pt\/wp-json\/wp\/v2\/product_cat?post=28453"},{"taxonomy":"product_tag","embeddable":true,"href":"https:\/\/avesaguiar.ch\/pt-pt\/wp-json\/wp\/v2\/product_tag?post=28453"}],"curies":[{"name":"wp","href":"https:\/\/api.w.org\/{rel}","templated":true}]}}