{"id":28545,"date":"2026-01-31T21:20:16","date_gmt":"2026-01-31T21:20:16","guid":{"rendered":"https:\/\/avesaguiar.ch\/?post_type=product&#038;p=28545"},"modified":"2026-01-31T21:38:54","modified_gmt":"2026-01-31T21:38:54","slug":"cage-delevage-galvanisee","status":"publish","type":"product","link":"https:\/\/avesaguiar.ch\/pt-pt\/produit\/cage-delevage-galvanisee\/","title":{"rendered":"Cage- d\u2018\u00e9levage galvanis\u00e9e"},"content":{"rendered":"<p>La face avant de la cage est compos\u00e9e de 4 portes ( 2 portes d&#8217;acc\u00e8s et 2 portes con\u00e7ues pour mettre un nid), de 4 mangeoires transparentes et de 2 longues mangeoires lin\u00e9aires.<\/p>\n<p>Il y a \u00e9galement 1 porte de chaque cot\u00e9 de la cage.<\/p>\n<p>Ce mod\u00e8le est con\u00e7u sp\u00e9cialement pour l&#8217;\u00e9levage mais peut servir \u00e9galement de cage de vol.<\/p>\n<p>La cage est fournie avec 4 mangeoires transparentes 2 pi\u00e8ces, 2 mangeoires lin\u00e9aires, 4 perchoirs, 1 s\u00e9paration grillag\u00e9e blanche, 2grilles de fond, 2 tiroirs et 2 clapets.<\/p>\n<p>Dimensions :120x50x58cm<\/p>\n","protected":false},"excerpt":{"rendered":"<p>La face avant de la cage est compos\u00e9e de 4 portes ( 2 portes d&#8217;acc\u00e8s et 2 portes con\u00e7ues pour mettre un nid), de 4 mangeoires transparentes et de 2 longues mangeoires lin\u00e9aires. Il y a \u00e9galement 1 porte de chaque cot\u00e9 de la cage. Ce mod\u00e8le est con\u00e7u sp\u00e9cialement pour l&#8217;\u00e9levage mais peut servir [&hellip;]<\/p>\n","protected":false},"featured_media":28568,"comment_status":"open","ping_status":"closed","template":"","meta":[],"product_brand":[62],"product_cat":[103,174],"product_tag":[],"class_list":{"0":"post-28545","1":"product","2":"type-product","3":"status-publish","4":"has-post-thumbnail","6":"product_brand-benelux","7":"product_cat-oiseaux","8":"product_cat-oiseaux-cages","11":"first","12":"instock","13":"featured","14":"shipping-taxable","15":"purchasable","16":"product-type-simple"},"jetpack_sharing_enabled":true,"_links":{"self":[{"href":"https:\/\/avesaguiar.ch\/pt-pt\/wp-json\/wp\/v2\/product\/28545","targetHints":{"allow":["GET"]}}],"collection":[{"href":"https:\/\/avesaguiar.ch\/pt-pt\/wp-json\/wp\/v2\/product"}],"about":[{"href":"https:\/\/avesaguiar.ch\/pt-pt\/wp-json\/wp\/v2\/types\/product"}],"replies":[{"embeddable":true,"href":"https:\/\/avesaguiar.ch\/pt-pt\/wp-json\/wp\/v2\/comments?post=28545"}],"wp:featuredmedia":[{"embeddable":true,"href":"https:\/\/avesaguiar.ch\/pt-pt\/wp-json\/wp\/v2\/media\/28568"}],"wp:attachment":[{"href":"https:\/\/avesaguiar.ch\/pt-pt\/wp-json\/wp\/v2\/media?parent=28545"}],"wp:term":[{"taxonomy":"product_brand","embeddable":true,"href":"https:\/\/avesaguiar.ch\/pt-pt\/wp-json\/wp\/v2\/product_brand?post=28545"},{"taxonomy":"product_cat","embeddable":true,"href":"https:\/\/avesaguiar.ch\/pt-pt\/wp-json\/wp\/v2\/product_cat?post=28545"},{"taxonomy":"product_tag","embeddable":true,"href":"https:\/\/avesaguiar.ch\/pt-pt\/wp-json\/wp\/v2\/product_tag?post=28545"}],"curies":[{"name":"wp","href":"https:\/\/api.w.org\/{rel}","templated":true}]}}