{"id":28574,"date":"2026-02-01T10:25:21","date_gmt":"2026-02-01T10:25:21","guid":{"rendered":"https:\/\/avesaguiar.ch\/?post_type=product&#038;p=28574"},"modified":"2026-02-22T14:06:52","modified_gmt":"2026-02-22T14:06:52","slug":"alpistes-extra-premium-5kg","status":"publish","type":"product","link":"https:\/\/avesaguiar.ch\/pt-pt\/produit\/alpistes-extra-premium-5kg\/","title":{"rendered":"Alpistes Extra Premium 5Kg"},"content":{"rendered":"<p>Alpistes Extra Premium 5Kg<\/p>\n<p>L\u2019alpiste est une gramin\u00e9e, plante annuelle pouvant atteindre 1m de haut, les graines se trouvant dans les inflorescences. Ces graines repr\u00e9sentent une fraction importante de la majorit\u00e9 des m\u00e9langes pour oiseaux.<\/p>\n<p>\u2022 Excellents pour canaris, oiseaux europ\u00e9ens et exotiques, perruches ondul\u00e9es et grandes perruches.<br \/>\n\u2022 Les graines d\u2019alpiste EXTRA de Beyers ont subi un nettoyage suppl\u00e9mentaire et sont d\u2019une qualit\u00e9 exceptionnelle. Uniques sur le march\u00e9 !<\/p>\n<p>Lors de la vente de ce produit, l`emballage peut \u00eatre diff\u00e9rent.<\/p>\n<p>Valeur estim\u00e9e de sa composition :<\/p>\n<ul>\n<li>Lipide 5%<\/li>\n<li>Glucides 55%<\/li>\n<li>Protides 15%<\/li>\n<li>Vitamines B , E<\/li>\n<\/ul>\n","protected":false},"excerpt":{"rendered":"<p>Alpistes Extra Premium 5Kg L\u2019alpiste est une gramin\u00e9e, plante annuelle pouvant atteindre 1m de haut, les graines se trouvant dans les inflorescences. Ces graines repr\u00e9sentent une fraction importante de la majorit\u00e9 des m\u00e9langes pour oiseaux. \u2022 Excellents pour canaris, oiseaux europ\u00e9ens et exotiques, perruches ondul\u00e9es et grandes perruches. \u2022 Les graines d\u2019alpiste EXTRA de Beyers [&hellip;]<\/p>\n","protected":false},"featured_media":28575,"comment_status":"open","ping_status":"closed","template":"","meta":[],"product_brand":[182],"product_cat":[103,173],"product_tag":[],"class_list":{"0":"post-28574","1":"product","2":"type-product","3":"status-publish","4":"has-post-thumbnail","6":"product_brand-beyers","7":"product_cat-oiseaux","8":"product_cat-oiseaux-alimentation","11":"first","12":"instock","13":"shipping-taxable","14":"purchasable","15":"product-type-simple"},"jetpack_sharing_enabled":true,"_links":{"self":[{"href":"https:\/\/avesaguiar.ch\/pt-pt\/wp-json\/wp\/v2\/product\/28574","targetHints":{"allow":["GET"]}}],"collection":[{"href":"https:\/\/avesaguiar.ch\/pt-pt\/wp-json\/wp\/v2\/product"}],"about":[{"href":"https:\/\/avesaguiar.ch\/pt-pt\/wp-json\/wp\/v2\/types\/product"}],"replies":[{"embeddable":true,"href":"https:\/\/avesaguiar.ch\/pt-pt\/wp-json\/wp\/v2\/comments?post=28574"}],"wp:featuredmedia":[{"embeddable":true,"href":"https:\/\/avesaguiar.ch\/pt-pt\/wp-json\/wp\/v2\/media\/28575"}],"wp:attachment":[{"href":"https:\/\/avesaguiar.ch\/pt-pt\/wp-json\/wp\/v2\/media?parent=28574"}],"wp:term":[{"taxonomy":"product_brand","embeddable":true,"href":"https:\/\/avesaguiar.ch\/pt-pt\/wp-json\/wp\/v2\/product_brand?post=28574"},{"taxonomy":"product_cat","embeddable":true,"href":"https:\/\/avesaguiar.ch\/pt-pt\/wp-json\/wp\/v2\/product_cat?post=28574"},{"taxonomy":"product_tag","embeddable":true,"href":"https:\/\/avesaguiar.ch\/pt-pt\/wp-json\/wp\/v2\/product_tag?post=28574"}],"curies":[{"name":"wp","href":"https:\/\/api.w.org\/{rel}","templated":true}]}}