{"id":28674,"date":"2026-02-01T14:44:13","date_gmt":"2026-02-01T14:44:13","guid":{"rendered":"https:\/\/avesaguiar.ch\/?post_type=product&#038;p=28674"},"modified":"2026-03-06T19:45:45","modified_gmt":"2026-03-06T19:45:45","slug":"beyers-electrolyt-500-gr","status":"publish","type":"product","link":"https:\/\/avesaguiar.ch\/pt-pt\/produit\/beyers-electrolyt-500-gr\/","title":{"rendered":"BEYERS-Electrolyt &#8211; 500 GR"},"content":{"rendered":"<p><strong>\u00c9LEKTROLYTES<\/strong><\/p>\n<ul>\n<li>Les \u00e9lectrolytes am\u00e9liorent la r\u00e9cup\u00e9ration apr\u00e8s le vol.<\/li>\n<li>Acc\u00e9l\u00e8re la r\u00e9cup\u00e9ration de vos pigeons en \u00e9liminant les d\u00e9chets du corps et en compensant les sels (chlorure de potassium, chlorure de sodium) et les min\u00e9raux (calcium, magn\u00e9sium) utilis\u00e9s.<\/li>\n<li>Riche en vitamines B (B1, B2, B3 et B6) et en m\u00e9thionine, un acide amin\u00e9 essentiel.<\/li>\n<li>Contient des sucres rapides (dextrose, sorbitol) pour un pic d\u2019\u00e9nergie.<\/li>\n<\/ul>\n<p><strong>MODE D\u2019EMPLOI<\/strong><\/p>\n<ul>\n<li>5 gr \/ 2 l d\u2019eau potable.<\/li>\n<li><em>Pendant la saison sportive<\/em>: le jour du retour au colombier et le lendemain (surtout en cas de temp\u00e9ratures \u00e9lev\u00e9es).<\/li>\n<\/ul>\n<p id=\"ignorePDF\"><b>Cat\u00e9gorie<\/b><\/p>\n<div id=\"ignorePDF\" class=\"symbols\"><img decoding=\"async\" class=\"symbol ls-is-cached lazyloaded\" src=\"https:\/\/beyersbelgium.be\/wp-content\/themes\/wpbase_v2.0\/assets\/images\/symbol-Recovery.svg\" alt=\"Recovery\" width=\"80px\" height=\"80px\" data-src=\"\/wp-content\/themes\/wpbase_v2.0\/assets\/images\/symbol-Recovery.svg\" \/><b>Recovery<\/b><img decoding=\"async\" class=\"symbol ls-is-cached lazyloaded\" src=\"https:\/\/beyersbelgium.be\/wp-content\/themes\/wpbase_v2.0\/assets\/images\/symbol-Sport.svg\" alt=\"Sport\" width=\"80px\" height=\"80px\" data-src=\"\/wp-content\/themes\/wpbase_v2.0\/assets\/images\/symbol-Sport.svg\" \/><b>Sport<\/b><\/div>\n","protected":false},"excerpt":{"rendered":"<p>\u00c9LEKTROLYTES Les \u00e9lectrolytes am\u00e9liorent la r\u00e9cup\u00e9ration apr\u00e8s le vol. Acc\u00e9l\u00e8re la r\u00e9cup\u00e9ration de vos pigeons en \u00e9liminant les d\u00e9chets du corps et en compensant les sels (chlorure de potassium, chlorure de sodium) et les min\u00e9raux (calcium, magn\u00e9sium) utilis\u00e9s. Riche en vitamines B (B1, B2, B3 et B6) et en m\u00e9thionine, un acide amin\u00e9 essentiel. Contient [&hellip;]<\/p>\n","protected":false},"featured_media":28675,"comment_status":"open","ping_status":"closed","template":"","meta":[],"product_brand":[182],"product_cat":[169,100],"product_tag":[],"class_list":{"0":"post-28674","1":"product","2":"type-product","3":"status-publish","4":"has-post-thumbnail","6":"product_brand-beyers","7":"product_cat-pigeons","8":"product_cat-pigeons-complements-alimentaires","11":"first","12":"instock","13":"shipping-taxable","14":"purchasable","15":"product-type-simple"},"jetpack_sharing_enabled":true,"_links":{"self":[{"href":"https:\/\/avesaguiar.ch\/pt-pt\/wp-json\/wp\/v2\/product\/28674","targetHints":{"allow":["GET"]}}],"collection":[{"href":"https:\/\/avesaguiar.ch\/pt-pt\/wp-json\/wp\/v2\/product"}],"about":[{"href":"https:\/\/avesaguiar.ch\/pt-pt\/wp-json\/wp\/v2\/types\/product"}],"replies":[{"embeddable":true,"href":"https:\/\/avesaguiar.ch\/pt-pt\/wp-json\/wp\/v2\/comments?post=28674"}],"wp:featuredmedia":[{"embeddable":true,"href":"https:\/\/avesaguiar.ch\/pt-pt\/wp-json\/wp\/v2\/media\/28675"}],"wp:attachment":[{"href":"https:\/\/avesaguiar.ch\/pt-pt\/wp-json\/wp\/v2\/media?parent=28674"}],"wp:term":[{"taxonomy":"product_brand","embeddable":true,"href":"https:\/\/avesaguiar.ch\/pt-pt\/wp-json\/wp\/v2\/product_brand?post=28674"},{"taxonomy":"product_cat","embeddable":true,"href":"https:\/\/avesaguiar.ch\/pt-pt\/wp-json\/wp\/v2\/product_cat?post=28674"},{"taxonomy":"product_tag","embeddable":true,"href":"https:\/\/avesaguiar.ch\/pt-pt\/wp-json\/wp\/v2\/product_tag?post=28674"}],"curies":[{"name":"wp","href":"https:\/\/api.w.org\/{rel}","templated":true}]}}