{"id":28706,"date":"2026-02-01T15:15:54","date_gmt":"2026-02-01T15:15:54","guid":{"rendered":"https:\/\/avesaguiar.ch\/?post_type=product&#038;p=28706"},"modified":"2026-03-06T19:41:42","modified_gmt":"2026-03-06T19:41:42","slug":"electrolyt-3plus-electrolytes-pour-apres-leffort-en-le-vol-600gr","status":"publish","type":"product","link":"https:\/\/avesaguiar.ch\/pt-pt\/produit\/electrolyt-3plus-electrolytes-pour-apres-leffort-en-le-vol-600gr\/","title":{"rendered":"Rohnfried-Electrolyt 3Plus (\u00e9lectrolytes pour apr\u00e8s l&#8217;effort en le vol) 600gr"},"content":{"rendered":"<p>Electrolytes pour apr\u00e8s l&#8217;exercice et le vol<\/p>\n<p>Electrolyte 3 Plus est une excellente combinaison d\u2019\u00e9lectrolytes et de glucides, qui assure une normalisation rapide du fluide corporel en cas de perte de liquide. Electrolyte 3 Plus doit en principe \u00eatre administr\u00e9 avant et apr\u00e8s des efforts importants.<\/p>\n<p>Il favorise une gestion \u00e9quilibr\u00e9e de l\u2019eau et raccourcit consid\u00e9rablement la phase de r\u00e9cup\u00e9ration. Le magn\u00e9sium et le potassium absorb\u00e9s sont importants pour la fonction musculaire et cardiaque.<\/p>\n<p>-G\u00e9rer longtemps apr\u00e8s l&#8217;effort physique.<br \/>\n-Acc\u00e9l\u00e8re le processus de r\u00e9cup\u00e9ration apr\u00e8s la lib\u00e9ration.<br \/>\n-Fournit le corps avec des \u00e9lectrolytes et min\u00e9raux perdus pendant le vol.<br \/>\n-Il est recommand\u00e9 d&#8217;antibiotiques, de la diarrh\u00e9e.-Ils prennent en charge la fonction cardiaque et le tissu musculaire, car ils contiennent du magn\u00e9sium et du potassium.<\/p>\n<p>&nbsp;<\/p>\n<p>Les instructions : 1 cuill\u00e8re \u00e0 mesurer (10 g) pour1 litre d&#8217;eau de boisson.<\/p>\n<p>Stockage : Restez au frais et au sec.<\/p>\n<p>La composition: Maltodextrine, dextrose, fructose, sels de sodium.<\/p>\n","protected":false},"excerpt":{"rendered":"<p>Electrolytes pour apr\u00e8s l&#8217;exercice et le vol Electrolyte 3 Plus est une excellente combinaison d\u2019\u00e9lectrolytes et de glucides, qui assure une normalisation rapide du fluide corporel en cas de perte de liquide. Electrolyte 3 Plus doit en principe \u00eatre administr\u00e9 avant et apr\u00e8s des efforts importants. Il favorise une gestion \u00e9quilibr\u00e9e de l\u2019eau et raccourcit [&hellip;]<\/p>\n","protected":false},"featured_media":28707,"comment_status":"open","ping_status":"closed","template":"","meta":[],"product_brand":[63],"product_cat":[169,100],"product_tag":[],"class_list":{"0":"post-28706","1":"product","2":"type-product","3":"status-publish","4":"has-post-thumbnail","6":"product_brand-roehnfried","7":"product_cat-pigeons","8":"product_cat-pigeons-complements-alimentaires","11":"first","12":"instock","13":"shipping-taxable","14":"purchasable","15":"product-type-simple"},"jetpack_sharing_enabled":true,"_links":{"self":[{"href":"https:\/\/avesaguiar.ch\/pt-pt\/wp-json\/wp\/v2\/product\/28706","targetHints":{"allow":["GET"]}}],"collection":[{"href":"https:\/\/avesaguiar.ch\/pt-pt\/wp-json\/wp\/v2\/product"}],"about":[{"href":"https:\/\/avesaguiar.ch\/pt-pt\/wp-json\/wp\/v2\/types\/product"}],"replies":[{"embeddable":true,"href":"https:\/\/avesaguiar.ch\/pt-pt\/wp-json\/wp\/v2\/comments?post=28706"}],"wp:featuredmedia":[{"embeddable":true,"href":"https:\/\/avesaguiar.ch\/pt-pt\/wp-json\/wp\/v2\/media\/28707"}],"wp:attachment":[{"href":"https:\/\/avesaguiar.ch\/pt-pt\/wp-json\/wp\/v2\/media?parent=28706"}],"wp:term":[{"taxonomy":"product_brand","embeddable":true,"href":"https:\/\/avesaguiar.ch\/pt-pt\/wp-json\/wp\/v2\/product_brand?post=28706"},{"taxonomy":"product_cat","embeddable":true,"href":"https:\/\/avesaguiar.ch\/pt-pt\/wp-json\/wp\/v2\/product_cat?post=28706"},{"taxonomy":"product_tag","embeddable":true,"href":"https:\/\/avesaguiar.ch\/pt-pt\/wp-json\/wp\/v2\/product_tag?post=28706"}],"curies":[{"name":"wp","href":"https:\/\/api.w.org\/{rel}","templated":true}]}}