{"id":28724,"date":"2026-02-01T15:32:37","date_gmt":"2026-02-01T15:32:37","guid":{"rendered":"https:\/\/avesaguiar.ch\/?post_type=product&#038;p=28724"},"modified":"2026-03-06T19:40:25","modified_gmt":"2026-03-06T19:40:25","slug":"rohnfrierd-k-k-protein-3000-concentre-de-proteines-500gr","status":"publish","type":"product","link":"https:\/\/avesaguiar.ch\/pt-pt\/produit\/rohnfrierd-k-k-protein-3000-concentre-de-proteines-500gr\/","title":{"rendered":"Rohnfrierd-K + K Protein 3000 (concentr\u00e9 de prot\u00e9ines) 500gr"},"content":{"rendered":"<p>K + K Protein 3000 (concentr\u00e9 de prot\u00e9ines) 500gr<\/p>\n<p>K + K prot\u00e9ine 3000 est un concentr\u00e9 de prot\u00e9ine facile \u00e0 dig\u00e9rer dans les prot\u00e9ines animales et v\u00e9g\u00e9tales.<br \/>\nEn plus du muscle K+K soutient la digestion des prot\u00e9ines par 3000, le silex et l&#8217;argile, les immunoglobulines de plasma et le syst\u00e8me immunitaire par le fer li\u00e9 organiquement (actif de fer) le H\u00e4matogrit et la formation du sang.<\/p>\n<p><strong>MODE D\u00b4EMPLOI:<\/strong><br \/>\n2 cuill\u00e8res \u00e0 caf\u00e9 (20 g) \u00e0 500 g d&#8217;aliment.<br \/>\n-Saison: 4 repas, \u00e0 partir du lendemain du retour<br \/>\n-Elevage et mue saison: 4 repas par semaine<\/p>\n","protected":false},"excerpt":{"rendered":"<p>K + K Protein 3000 (concentr\u00e9 de prot\u00e9ines) 500gr K + K prot\u00e9ine 3000 est un concentr\u00e9 de prot\u00e9ine facile \u00e0 dig\u00e9rer dans les prot\u00e9ines animales et v\u00e9g\u00e9tales. En plus du muscle K+K soutient la digestion des prot\u00e9ines par 3000, le silex et l&#8217;argile, les immunoglobulines de plasma et le syst\u00e8me immunitaire par le fer [&hellip;]<\/p>\n","protected":false},"featured_media":28725,"comment_status":"open","ping_status":"closed","template":"","meta":[],"product_brand":[63],"product_cat":[193,169,100],"product_tag":[],"class_list":{"0":"post-28724","1":"product","2":"type-product","3":"status-publish","4":"has-post-thumbnail","6":"product_brand-roehnfried","7":"product_cat-oiseaux-complements-alimentaires","8":"product_cat-pigeons","9":"product_cat-pigeons-complements-alimentaires","12":"first","13":"instock","14":"shipping-taxable","15":"purchasable","16":"product-type-simple"},"jetpack_sharing_enabled":true,"_links":{"self":[{"href":"https:\/\/avesaguiar.ch\/pt-pt\/wp-json\/wp\/v2\/product\/28724","targetHints":{"allow":["GET"]}}],"collection":[{"href":"https:\/\/avesaguiar.ch\/pt-pt\/wp-json\/wp\/v2\/product"}],"about":[{"href":"https:\/\/avesaguiar.ch\/pt-pt\/wp-json\/wp\/v2\/types\/product"}],"replies":[{"embeddable":true,"href":"https:\/\/avesaguiar.ch\/pt-pt\/wp-json\/wp\/v2\/comments?post=28724"}],"wp:featuredmedia":[{"embeddable":true,"href":"https:\/\/avesaguiar.ch\/pt-pt\/wp-json\/wp\/v2\/media\/28725"}],"wp:attachment":[{"href":"https:\/\/avesaguiar.ch\/pt-pt\/wp-json\/wp\/v2\/media?parent=28724"}],"wp:term":[{"taxonomy":"product_brand","embeddable":true,"href":"https:\/\/avesaguiar.ch\/pt-pt\/wp-json\/wp\/v2\/product_brand?post=28724"},{"taxonomy":"product_cat","embeddable":true,"href":"https:\/\/avesaguiar.ch\/pt-pt\/wp-json\/wp\/v2\/product_cat?post=28724"},{"taxonomy":"product_tag","embeddable":true,"href":"https:\/\/avesaguiar.ch\/pt-pt\/wp-json\/wp\/v2\/product_tag?post=28724"}],"curies":[{"name":"wp","href":"https:\/\/api.w.org\/{rel}","templated":true}]}}