{"id":28915,"date":"2026-02-08T16:27:14","date_gmt":"2026-02-08T16:27:14","guid":{"rendered":"https:\/\/avesaguiar.ch\/?post_type=product&#038;p=28915"},"modified":"2026-03-24T11:21:50","modified_gmt":"2026-03-24T11:21:50","slug":"high-protein-psittacus-extrudes-pour-perroquet","status":"publish","type":"product","link":"https:\/\/avesaguiar.ch\/pt-pt\/produit\/high-protein-psittacus-extrudes-pour-perroquet\/","title":{"rendered":"Psittacus-High Protein"},"content":{"rendered":"<p>High Protein &#8211; Psittacus &#8211; Extrud\u00e9s pour perroquet<\/p>\n<p>Sac de-3Kg 12 kg<\/p>\n<p>Le granul\u00e9 extrud\u00e9 Psittacus Elevage Haute Prot\u00e9ine est indiqu\u00e9 pour les esp\u00e8ces qui, \u00e0 l&#8217;\u00e9tat sauvage, consomment des semences, des fruits et des l\u00e9gumes (amazones, perruches, eclectus, cacato\u00e8s&#8230;).<\/p>\n<p>Ce granul\u00e9 est con\u00e7u pour stimuler la reproduction. Il contient un taux \u00e9lev\u00e9 de prot\u00e9ine avec un niveau d&#8217;acides amin\u00e9s appropri\u00e9 \u00e0 cette \u00e9tape. La concentration en vitamines et antioxydants de ces granul\u00e9s est beaucoup plus \u00e9lev\u00e9e que dans le cas des granul\u00e9s de maintien, afin de couvrir les besoins de l&#8217;\u00e9levage. Ce produit est indiqu\u00e9 pour toutes les esp\u00e8ces qui, en plus d&#8217;exiger<br \/>\nune di\u00e8te riche en prot\u00e9ine de haute qualit\u00e9, b\u00e9n\u00e9ficient des bienfaits des acides gras riches en palmitique.<\/p>\n<p>La consommation quotidienne :<br \/>\nLa consommation par jour oscille entre 5 et 8% du poids de l&#8217;animal. Les esp\u00e8ces de dimensions moyennes (par exemple les amazones) consomment autour de 20-30 g par jour.<\/p>\n<p>Recommandations :<br \/>\nPsittacus est formul\u00e9 pour constituer 100% de l&#8217;alimentation du perroquet. Il est cependant possible d&#8217;ajouter d&#8217;autres aliments \u00e0 la di\u00e8te, en particulier des fruits et des l\u00e9gumes frais. Dans ce cas, nous recommandons que Psittacus ne repr\u00e9sente pas moins de 70-80% du total de la di\u00e8te. Il est d\u00e9conseill\u00e9 d&#8217;ajouter des suppl\u00e9ments vitaminique-min\u00e9ral aux perroquets qui se nourrissent avec Psittacus. Il est conseill\u00e9 de renouveler le granul\u00e9 et l&#8217;eau quotidiennement.<\/p>\n<p>Composition :<br \/>\nGraines c\u00e9r\u00e9ales \/ produits et sous-produits de semences et de fruits ol\u00e9agineux \/ huiles v\u00e9g\u00e9taux \/ semences de l\u00e9gumineux \/ fructose (3,5%)\/ oeuf d\u00e9shydrat\u00e9 \/ min\u00e9raux \/ levure de bi\u00e8re.<\/p>\n<p>Additifs :<br \/>\nAcides amin\u00e9s, leurs sels et analogues \/ Inuline (0,05%) \/ M\u00e9langes d&#8217;aromatisants (extrait de yucca 0.015%) \/ S\u00e9piolite \/ Substances antioxydantes \/ Oligo-\u00e9l\u00e9ments ou compos\u00e9s d&#8217;oligo \u00e9l\u00e9ments (ch\u00e9lates de fer, cuivre, mangan\u00e8se et zinc, iodate de calcium et s\u00e9l\u00e9nite sodique) \/ Vitamines et provitamines (A, D3, E, K3, B1, B2, B6, B12, C, Ac. Nicotinique, Ac. Folique, Biotine, Chlorure de choline, B-carot\u00e8ne).<\/p>\n<p>Constituants analytiques :<br \/>\nHumidit\u00e9 7,0%, Prot\u00e9ine brute 24,5%, Huiles et graisses brutes 13,0%, Fibres brutes 5,7%, Cendre brute 5,5%<\/p>\n<p>&nbsp;<\/p>\n","protected":false},"excerpt":{"rendered":"<p><img decoding=\"async\" class=\"alignnone size-full wp-image-29155\" src=\"https:\/\/avesaguiar.ch\/wp-content\/uploads\/2026\/02\/public-copie.png\" alt=\"\" width=\"260\" height=\"54\" \/><\/p>\n","protected":false},"featured_media":28918,"comment_status":"open","ping_status":"closed","template":"","meta":[],"product_brand":[386],"product_cat":[103,173],"product_tag":[],"class_list":{"0":"post-28915","1":"product","2":"type-product","3":"status-publish","4":"has-post-thumbnail","6":"product_brand-psittacus","7":"product_cat-oiseaux","8":"product_cat-oiseaux-alimentation","11":"first","12":"instock","13":"shipping-taxable","14":"purchasable","15":"product-type-variable"},"jetpack_sharing_enabled":true,"_links":{"self":[{"href":"https:\/\/avesaguiar.ch\/pt-pt\/wp-json\/wp\/v2\/product\/28915","targetHints":{"allow":["GET"]}}],"collection":[{"href":"https:\/\/avesaguiar.ch\/pt-pt\/wp-json\/wp\/v2\/product"}],"about":[{"href":"https:\/\/avesaguiar.ch\/pt-pt\/wp-json\/wp\/v2\/types\/product"}],"replies":[{"embeddable":true,"href":"https:\/\/avesaguiar.ch\/pt-pt\/wp-json\/wp\/v2\/comments?post=28915"}],"wp:featuredmedia":[{"embeddable":true,"href":"https:\/\/avesaguiar.ch\/pt-pt\/wp-json\/wp\/v2\/media\/28918"}],"wp:attachment":[{"href":"https:\/\/avesaguiar.ch\/pt-pt\/wp-json\/wp\/v2\/media?parent=28915"}],"wp:term":[{"taxonomy":"product_brand","embeddable":true,"href":"https:\/\/avesaguiar.ch\/pt-pt\/wp-json\/wp\/v2\/product_brand?post=28915"},{"taxonomy":"product_cat","embeddable":true,"href":"https:\/\/avesaguiar.ch\/pt-pt\/wp-json\/wp\/v2\/product_cat?post=28915"},{"taxonomy":"product_tag","embeddable":true,"href":"https:\/\/avesaguiar.ch\/pt-pt\/wp-json\/wp\/v2\/product_tag?post=28915"}],"curies":[{"name":"wp","href":"https:\/\/api.w.org\/{rel}","templated":true}]}}