{"id":28938,"date":"2026-02-08T19:21:01","date_gmt":"2026-02-08T19:21:01","guid":{"rendered":"https:\/\/avesaguiar.ch\/?post_type=product&#038;p=28938"},"modified":"2026-02-22T14:52:58","modified_gmt":"2026-02-22T14:52:58","slug":"psittacus-parrots-maintenance","status":"publish","type":"product","link":"https:\/\/avesaguiar.ch\/pt-pt\/produit\/psittacus-parrots-maintenance\/","title":{"rendered":"Psittacus- Parrots Maintenance"},"content":{"rendered":"<h3>Psittacus- Parrots Maintenance<\/h3>\n<p>Formule g\u00e9n\u00e9rique pour les psittacid\u00e9s de taille moyenne et grande (Psittacus, Ara, Amazona, Cacatua). Il s&#8217;agit d&#8217;une formule d&#8217;entretien, adapt\u00e9e aux p\u00e9riodes non reproductives.<br \/>\nCe produit est une formule polyvalente adapt\u00e9e aux oiseaux de taille moyenne et grande de la famille des psittacid\u00e9s pendant leur<br \/>\nphase non reproductive. Il a \u00e9t\u00e9 formul\u00e9 pour r\u00e9pondre aux besoins nutritionnels de base des oiseaux pendant<br \/>\ncette phase.<\/p>\n<p>RECOMMANDATIONS ALIMENTAIRES<br \/>\nIl est con\u00e7u pour constituer 100 % de l&#8217;alimentation des perroquets. Cependant, si des fruits et l\u00e9gumes frais sont propos\u00e9s quotidiennement pour<br \/>\nvarier leur alimentation, nous recommandons que Psittacus ne constitue pas moins de 70 \u00e0 80 % de l&#8217;alimentation totale en<br \/>\npoids.<br \/>\nAucun suppl\u00e9ment vitaminique ou min\u00e9ral ne doit \u00eatre donn\u00e9 aux perroquets dont l&#8217;alimentation de base est Psittacus Parrot Maintenance.<br \/>\nLes oiseaux doivent toujours avoir \u00e0 leur disposition de l&#8217;eau fra\u00eeche et propre en quantit\u00e9 suffisante.<br \/>\nUne fois l&#8217;emballage ouvert, conservez le produit dans un r\u00e9cipient herm\u00e9tique, dans un endroit sec et frais.<\/p>\n<p>APPORT QUOTIDIEN<br \/>\nL&#8217;apport quotidien des oiseaux varie entre 5 et 12 % du poids corporel par jour pour les esp\u00e8ces de taille moyenne (par exemple,<br \/>\nle gris d&#8217;Afrique).<\/p>\n<p>COMPOSITION :<br \/>\nC\u00e9r\u00e9ales et produits d\u00e9riv\u00e9s, graines ol\u00e9agineuses, fruits ol\u00e9agineux et produits d\u00e9riv\u00e9s, graines de l\u00e9gumineuses et produits<br \/>\nd\u00e9riv\u00e9s, huiles v\u00e9g\u00e9tales (tournesol \u00e0 haute teneur en acide ol\u00e9ique, lin raffin\u00e9), levure de bi\u00e8re s\u00e9ch\u00e9e, min\u00e9raux et produits d\u00e9riv\u00e9s,<br \/>\ninuline (Cichorium intybus), yucca de Mojave.<\/p>\n<p>ADDITIVES:<br \/>\nVitamins:3a672aVitaminA:4,000IU\/kg;3a671VitaminD3:1,500IU\/kg;3a700VitaminE:190mg\/kg;3a300VitaminC:100<br \/>\nmg\/kg;3a710VitaminK3:4mg\/kg;3a820VitaminB1:20mg\/kg;3a825iVitaminB2:16mg\/kg;3a831VitaminB6\/Pyridoxine<br \/>\nhydrochloride:20mg\/kg;VitaminB12\/Cyanocobalamin:80\u03bcg\/kg;3a841CalciumD-pantothenate:16mg\/kg;3a314Niacin:100<br \/>\nmg\/kg;3a316Folicacid:4mg\/kg;3a880Biotin:700\u03bcg\/kg;3a890Cholinechloride:1,400mg\/kg;3a160(a)Beta-carotene:10<br \/>\nmg\/kg;3a920Betaineanhydrous:200mg\/kg.Traceelements:3b106Iron(iron(II)chelateofaminoacidshydrate):23mg\/kg;<br \/>\n3b406Copper(copper(II)chelateofaminoacidshydrate):1mg\/kg;3b504Manganese(manganesechelateofaminoacids<br \/>\nhydrate):55mg\/kg;3b606Zinc(zincchelateofaminoacidshydrate):18mg\/kg;3b202Iodine(calciumiodateanhydrous):0.8<br \/>\nmg\/kg;3b814Selenium(hydroxy-analogueofselenomethionine):270\u03bcg\/kg.Antioxidants:1b306(ii)Extractofvegetableoils<br \/>\nrichintocopherols(richindelta-tocopherol):83mg\/kg;1b304Ascorbylpalmitate:23mg\/kg.Flavourings:1.02g\/kg.<br \/>\nANALYTICALCONSTITUENTS:<br \/>\nMoisture8.0%,Crudeprotein15.5%,Crudefat7.0%,Crudefibre4.5%,Crudeash5.2%.<\/p>\n","protected":false},"excerpt":{"rendered":"<p><img decoding=\"async\" class=\"alignnone size-full wp-image-29155\" src=\"https:\/\/avesaguiar.ch\/wp-content\/uploads\/2026\/02\/public-copie.png\" alt=\"\" width=\"260\" height=\"54\" \/><img fetchpriority=\"high\" decoding=\"async\" class=\"alignnone size-medium wp-image-28928\" src=\"https:\/\/avesaguiar.ch\/wp-content\/uploads\/2026\/02\/public-210x300.jpg\" alt=\"\" width=\"210\" height=\"300\" \/><\/p>\n","protected":false},"featured_media":28941,"comment_status":"open","ping_status":"closed","template":"","meta":[],"product_brand":[386],"product_cat":[103,173],"product_tag":[],"class_list":{"0":"post-28938","1":"product","2":"type-product","3":"status-publish","4":"has-post-thumbnail","6":"product_brand-psittacus","7":"product_cat-oiseaux","8":"product_cat-oiseaux-alimentation","11":"first","12":"instock","13":"shipping-taxable","14":"purchasable","15":"product-type-variable"},"jetpack_sharing_enabled":true,"_links":{"self":[{"href":"https:\/\/avesaguiar.ch\/pt-pt\/wp-json\/wp\/v2\/product\/28938","targetHints":{"allow":["GET"]}}],"collection":[{"href":"https:\/\/avesaguiar.ch\/pt-pt\/wp-json\/wp\/v2\/product"}],"about":[{"href":"https:\/\/avesaguiar.ch\/pt-pt\/wp-json\/wp\/v2\/types\/product"}],"replies":[{"embeddable":true,"href":"https:\/\/avesaguiar.ch\/pt-pt\/wp-json\/wp\/v2\/comments?post=28938"}],"wp:featuredmedia":[{"embeddable":true,"href":"https:\/\/avesaguiar.ch\/pt-pt\/wp-json\/wp\/v2\/media\/28941"}],"wp:attachment":[{"href":"https:\/\/avesaguiar.ch\/pt-pt\/wp-json\/wp\/v2\/media?parent=28938"}],"wp:term":[{"taxonomy":"product_brand","embeddable":true,"href":"https:\/\/avesaguiar.ch\/pt-pt\/wp-json\/wp\/v2\/product_brand?post=28938"},{"taxonomy":"product_cat","embeddable":true,"href":"https:\/\/avesaguiar.ch\/pt-pt\/wp-json\/wp\/v2\/product_cat?post=28938"},{"taxonomy":"product_tag","embeddable":true,"href":"https:\/\/avesaguiar.ch\/pt-pt\/wp-json\/wp\/v2\/product_tag?post=28938"}],"curies":[{"name":"wp","href":"https:\/\/api.w.org\/{rel}","templated":true}]}}