{"id":28969,"date":"2026-02-08T20:00:57","date_gmt":"2026-02-08T20:00:57","guid":{"rendered":"https:\/\/avesaguiar.ch\/?post_type=product&#038;p=28969"},"modified":"2026-02-08T20:00:57","modified_gmt":"2026-02-08T20:00:57","slug":"psittacus-mini","status":"publish","type":"product","link":"https:\/\/avesaguiar.ch\/pt-pt\/produit\/psittacus-mini\/","title":{"rendered":"Psittacus &#8211; MiNi"},"content":{"rendered":"<p>MINI<br \/>\nCon\u00e7u pour les petites esp\u00e8ces (genres Nymphicus, Eolophus, Platycercus, Aratinga) qui, dans la nature, consomment principalement des graines \u00e0 faible teneur en mati\u00e8res grasses. Il s&#8217;agit d&#8217;un aliment d&#8217;entretien formul\u00e9 pour la p\u00e9riode hors reproduction.<\/p>\n<p>DESCRIPTION<br \/>\nUne formule indiqu\u00e9e pour les esp\u00e8ces de taille moyenne et petite (genres Nymphicus, Eolophus, Aratinga, Platycercus&#8230;), qui, dans la nature, consomment principalement des graines \u00e0 faible teneur en mati\u00e8res grasses.<br \/>\nIl s&#8217;agit d&#8217;un aliment d&#8217;entretien indiqu\u00e9 pour l&#8217;alimentation des animaux de compagnie et des \u00e9leveurs pendant les p\u00e9riodes d&#8217;inactivit\u00e9 reproductive. Sa formulation lui permet de r\u00e9pondre pleinement aux besoins nutritionnels de cette p\u00e9riode.<\/p>\n<p>RECOMMANDATIONS<br \/>\nPsittacus Mini est formul\u00e9 pour constituer 100 % de l&#8217;alimentation d&#8217;un perroquet. Toutefois, il est conseill\u00e9 d&#8217;ajouter des fruits et l\u00e9gumes frais pour varier l&#8217;alimentation, \u00e0 condition que la proportion de Mininose ne soit pas inf\u00e9rieure \u00e0 70-80 % du poids total de l&#8217;alimentation.<br \/>\nPendant la saison de reproduction, les oiseaux doivent toujours disposer de SoftEggfood, SoftEggfood Premium,<br \/>\nWet&amp;DryMicrospheres20\/10etCalciumGritFine.<br \/>\nIl est recommand\u00e9 de mettre du Silex Grit \u00e0 la disposition des oiseaux afin de r\u00e9pondre aux besoins m\u00e9caniques de leur tube digestif.<br \/>\nIl n&#8217;est pas conseill\u00e9 d&#8217;ajouter des compl\u00e9ments vitaminiques et\/ou min\u00e9raux aux oiseaux nourris principalement avec Mini.<br \/>\nIl est conseill\u00e9 de renouveler quotidiennement la nourriture et l&#8217;eau.<br \/>\nUne fois le paquet ouvert, il doit \u00eatre conserv\u00e9 dans un r\u00e9cipient herm\u00e9tique, dans un endroit frais et sec.<\/p>\n<p>CONSOMMATION QUOTIDIENNE<br \/>\nLa consommation quotidienne varie entre 9 et 15 % du poids corporel de l&#8217;animal. Une perruche de Caroline consomme environ 10 g par jour.<br \/>\nLa temp\u00e9rature ambiante a une influence notable sur la consommation.<\/p>\n<p>INFORMATIONS NUTRITIONNELLES<br \/>\nCOMPOSITION :<br \/>\nC\u00e9r\u00e9ales et leurs d\u00e9riv\u00e9s, graines ol\u00e9agineuses, graines de fruits et leurs d\u00e9riv\u00e9s, huiles v\u00e9g\u00e9tales (tournesol \u00e0 haute teneur en acide ol\u00e9ique, lin raffin\u00e9), \u0153ufs entiers d\u00e9shydrat\u00e9s, levure de bi\u00e8re s\u00e9ch\u00e9e, tubercules, racines et<br \/>\nleurs d\u00e9riv\u00e9s, min\u00e9raux et leurs d\u00e9riv\u00e9s, inuline (Cichorium intybus), yucca de Mojave.<\/p>\n<p>COMPOSITION :<br \/>\nC\u00e9r\u00e9ales et leurs d\u00e9riv\u00e9s, graines ol\u00e9agineuses, graines de fruits et leurs d\u00e9riv\u00e9s, huiles v\u00e9g\u00e9tales (tournesol \u00e0 haute teneur en acide ol\u00e9ique, lin raffin\u00e9), \u0153ufs entiers d\u00e9shydrat\u00e9s, levure de bi\u00e8re s\u00e9ch\u00e9e, tubercules, racines et<br \/>\nproduits d\u00e9riv\u00e9s, min\u00e9raux et leurs d\u00e9riv\u00e9s, inuline (Cichorium intybus), yucca de Mojave.<\/p>\n<p>ADDITIFS :<br \/>\nVitamines : 3a672a Vitamine A : 4000 UI\/kg ; 3a671 Vitamine D3 : 1100 UI\/kg ; 3a700 Vitamine E : 300 mg\/kg ; 3a300 Vitamine C :<br \/>\n100 mg\/kg ; 3a710 Vitamine K3 : 4 mg\/kg ; 3a820 Vitamine B1 : 20 mg\/kg ; 3a825 Vitamine B2 : 16 mg\/kg ; 3a831 Vitamine<br \/>\nB6\/chlorhydrate de pyridoxine : 20 mg\/kg ; Vitamine B12\/cyanocobalamine : 80 \u03bcg\/kg ; 3a841 D-pantoth\u00e9nate de calcium : 16 mg\/kg ;<br \/>\n3a314 Niacine : 100 mg\/kg ; 3a316 Acide folique : 4 mg\/kg ; 3a880 Biotine : 700 \u03bcg\/kg ; 3a890 Chlorure de choline : 1400 mg\/kg ; 3a160<br \/>\n(a) B\u00eata-carot\u00e8ne : 10 mg\/kg ; 3a920 B\u00e9ta\u00efne anhydre : 200 mg\/kg. Oligo-\u00e9l\u00e9ments : 3b106 Fer (ch\u00e9late d&#8217;acide amin\u00e9 de fer (II) hydrat\u00e9) : 23 mg\/kg ; 3b406 Cuivre (ch\u00e9late d&#8217;acide amin\u00e9 de cuivre (II) hydrat\u00e9) : 1 mg\/kg ; 3b504 Mangan\u00e8se<br \/>\n(ch\u00e9late d&#8217;acide amin\u00e9 hydrat\u00e9 de mangan\u00e8se (II)) : 55 mg\/kg ; 3b606 Zinc (ch\u00e9late d&#8217;acide amin\u00e9 hydrat\u00e9 de zinc) : 18<br \/>\nmg\/kg ; 3b202 Iode (iodate de calcium anhydre) : 0,8 mg\/kg ; 3b814 S\u00e9l\u00e9nium (analogue hydroxy de la s\u00e9l\u00e9nom\u00e9thionine) : 270 \u03bcg\/kg. Antioxydants : 1b306 (ii) Extraits d&#8217;huiles v\u00e9g\u00e9tales riches en tocoph\u00e9rols (riches en delta-tocoph\u00e9rol) : 84 mg\/kg ; 1b304<br \/>\nPalmitate d&#8217;ascorbyle : 24 mg\/kg. Ar\u00f4mes : 1,02 g\/kg.<\/p>\n<p>CONSTITUANTS ANALYTIQUES :<br \/>\nHumidit\u00e9 8,0 %, prot\u00e9ines brutes 15,1 %, mati\u00e8res grasses brutes 7,5 %, fibres brutes 4,3 %, cendres brutes 4,3 %.<\/p>\n","protected":false},"excerpt":{"rendered":"<p>MINI Con\u00e7u pour les petites esp\u00e8ces (genres Nymphicus, Eolophus, Platycercus, Aratinga) qui, dans la nature, consomment principalement des graines \u00e0 faible teneur en mati\u00e8res grasses. Il s&#8217;agit d&#8217;un aliment d&#8217;entretien formul\u00e9 pour la p\u00e9riode hors reproduction. DESCRIPTION Une formule indiqu\u00e9e pour les esp\u00e8ces de taille moyenne et petite (genres Nymphicus, Eolophus, Aratinga, Platycercus&#8230;), qui, dans [&hellip;]<\/p>\n","protected":false},"featured_media":28973,"comment_status":"open","ping_status":"closed","template":"","meta":[],"product_brand":[386],"product_cat":[103,173],"product_tag":[],"class_list":{"0":"post-28969","1":"product","2":"type-product","3":"status-publish","4":"has-post-thumbnail","6":"product_brand-psittacus","7":"product_cat-oiseaux","8":"product_cat-oiseaux-alimentation","11":"first","12":"instock","13":"shipping-taxable","14":"purchasable","15":"product-type-variable"},"jetpack_sharing_enabled":true,"_links":{"self":[{"href":"https:\/\/avesaguiar.ch\/pt-pt\/wp-json\/wp\/v2\/product\/28969","targetHints":{"allow":["GET"]}}],"collection":[{"href":"https:\/\/avesaguiar.ch\/pt-pt\/wp-json\/wp\/v2\/product"}],"about":[{"href":"https:\/\/avesaguiar.ch\/pt-pt\/wp-json\/wp\/v2\/types\/product"}],"replies":[{"embeddable":true,"href":"https:\/\/avesaguiar.ch\/pt-pt\/wp-json\/wp\/v2\/comments?post=28969"}],"wp:featuredmedia":[{"embeddable":true,"href":"https:\/\/avesaguiar.ch\/pt-pt\/wp-json\/wp\/v2\/media\/28973"}],"wp:attachment":[{"href":"https:\/\/avesaguiar.ch\/pt-pt\/wp-json\/wp\/v2\/media?parent=28969"}],"wp:term":[{"taxonomy":"product_brand","embeddable":true,"href":"https:\/\/avesaguiar.ch\/pt-pt\/wp-json\/wp\/v2\/product_brand?post=28969"},{"taxonomy":"product_cat","embeddable":true,"href":"https:\/\/avesaguiar.ch\/pt-pt\/wp-json\/wp\/v2\/product_cat?post=28969"},{"taxonomy":"product_tag","embeddable":true,"href":"https:\/\/avesaguiar.ch\/pt-pt\/wp-json\/wp\/v2\/product_tag?post=28969"}],"curies":[{"name":"wp","href":"https:\/\/api.w.org\/{rel}","templated":true}]}}