{"id":29006,"date":"2026-02-08T20:52:24","date_gmt":"2026-02-08T20:52:24","guid":{"rendered":"https:\/\/avesaguiar.ch\/?post_type=product&#038;p=29006"},"modified":"2026-02-22T14:49:28","modified_gmt":"2026-02-22T14:49:28","slug":"psittacus-parrot-breeder","status":"publish","type":"product","link":"https:\/\/avesaguiar.ch\/pt-pt\/produit\/psittacus-parrot-breeder\/","title":{"rendered":"Psittacus &#8211; Parrot Breeder"},"content":{"rendered":"<p>PARROT BREEDER &#8211; 3Kg &#8211; 15Kg<\/p>\n<p>Aliment g\u00e9n\u00e9rique pour oiseaux de la famille des Psittacidae (Psittacus, Ara, Amazona, Cacatua). Convient \u00e0 l&#8217;alimentation des \u00e9leveurs pendant la saison de reproduction. Son objectif est de stimuler et de faciliter la reproduction.<br \/>\nDESCRIPTION<br \/>\nIl s&#8217;agit d&#8217;une formule polyvalente destin\u00e9e aux graines des oiseaux psittacid\u00e9s pendant leur p\u00e9riode de reproduction. Son objectif est de stimuler et de faciliter la reproduction et de r\u00e9pondre aux besoins accrus des oiseaux pendant cette p\u00e9riode.<br \/>\nElle contient des niveaux \u00e9lev\u00e9s de prot\u00e9ines avec un profil ad\u00e9quat en acides amin\u00e9s et une concentration plus \u00e9lev\u00e9e en vitamines et antioxydants.<br \/>\nRECOMMANDATIONS<br \/>\nElle est formul\u00e9e pour constituer 100 % de l&#8217;alimentation du perroquet. Cependant, il est recommand\u00e9 d&#8217;ajouter des fruits et l\u00e9gumes frais pour varier l&#8217;alimentation, \u00e0 condition que la proportion de ParrotBreeder ne soit pas inf\u00e9rieure \u00e0 70-80 % du poids total de l&#8217;alimentation.<br \/>\nIl n&#8217;est pas conseill\u00e9 d&#8217;ajouter des compl\u00e9ments vitaminiques et\/ou min\u00e9raux aux oiseaux nourris principalement avec ParrotBreeder. Dans le cas de nombreux couples mixtes, il est recommand\u00e9 de mettre \u00e0 la disposition des oiseaux du Calcium Grit Coarse comme source de calcium. Les oiseaux peuvent ainsi r\u00e9guler leur apport en calcium en fonction de leurs besoins.<br \/>\nIl est conseill\u00e9 de renouveler quotidiennement la nourriture et l&#8217;eau.<br \/>\nUne fois le paquet ouvert, il doit \u00eatre conserv\u00e9 dans un endroit frais et sec, dans un r\u00e9cipient herm\u00e9tique.<br \/>\nCONSOMMATION QUOTIDIENNE<br \/>\nLa consommation quotidienne varie entre 5 et 12 % du poids corporel des esp\u00e8ces de taille moyenne (comme le loup gris).<br \/>\nINFORMATIONS NUTRITIONNELLES<br \/>\nCOMPOSITION :<br \/>\nC\u00e9r\u00e9ales et sous-produits de c\u00e9r\u00e9ales, graines ol\u00e9agineuses, graines de fruits et sous-produits de fruits, huiles v\u00e9g\u00e9tales (tournesol \u00e0 haute teneur en acide ol\u00e9ique, lin raffin\u00e9), graines de l\u00e9gumineuses et sous-produits de l\u00e9gumineuses, \u0153ufs entiers d\u00e9shydrat\u00e9s,<br \/>\nlevure de bi\u00e8re s\u00e9ch\u00e9e, min\u00e9raux et leurs d\u00e9riv\u00e9s, inuline (Cichorium intybus), yucca de Mojave.<br \/>\nADDITIFS :<br \/>\nVitamines : 3a672a Vitamine A : 4000 UI\/kg ; 3a671 Vitamine D3 : 1500 UI\/kg ; 3a700 Vitamine E : 350 mg\/kg ; 3a300 Vitamine C :<br \/>\n150 mg\/kg ; 3a710 Vitamine K3 : 5 mg\/kg ; 3a820 Vitamine B1 : 25 mg\/kg ; 3a825 Vitamine B2 : 20 mg\/kg ; 3a831 Vitamine<br \/>\nB6\/chlorhydrate de pyridoxine : 25 mg\/kg ; Vitamine B12\/cyanocobalamine : 100 \u03bcg\/kg ; 3a841 D-pantoth\u00e9nate de calcium : 20 mg\/kg ;<br \/>\n3a314 Niacine : 125 mg\/kg ; 3a316 Acide folique : 5 mg\/kg ; 3a880 Biotine : 800 \u03bcg\/kg ; 3a890 Chlorure de choline : 1500 mg\/kg ; 3a160<br \/>\n(a) B\u00eata-carot\u00e8ne : 12 mg\/kg ; 3a920 B\u00e9ta\u00efne anhydre : 250 mg\/kg. Oligo-\u00e9l\u00e9ments : 3b106 Fer (ch\u00e9late d&#8217;acide amin\u00e9 de fer (II) hydrat\u00e9) : 23 mg\/kg ; 3b406 Cuivre (ch\u00e9late d&#8217;acide amin\u00e9 de cuivre (II) hydrat\u00e9) : 1 mg\/kg ; 3b504 Mangan\u00e8se<br \/>\n(ch\u00e9late d&#8217;acide amin\u00e9 hydrat\u00e9 de mangan\u00e8se (II)) : 55 mg\/kg ; 3b606 Zinc (ch\u00e9late d&#8217;acide amin\u00e9 hydrat\u00e9 de zinc) : 18<br \/>\nmg\/kg ; 3b202 Iode (iodate de calcium anhydre) : 0,8 mg\/kg ; 3b814 S\u00e9l\u00e9nium (analogue hydroxy de la s\u00e9l\u00e9nom\u00e9thionine) : 280 \u03bcg\/kg. Antioxydants : 1b306 (ii) Extraits d&#8217;huile v\u00e9g\u00e9tale riches en tocoph\u00e9rol (riches en delta-tocoph\u00e9rol) : 125 mg\/kg ; 1b304 Palmitate d&#8217;ascorbyle : 34 mg\/kg. Ar\u00f4mes : 1,02 g\/kg.<br \/>\nCOMPONENTESANAL\u00cdTICOS:<br \/>\nHumedad8,0%,Prote\u00ednabruta21,6%,Grasabruta11,0%,Fibrabruta4,9%,Cenizabruta5,7%.<\/p>\n","protected":false},"excerpt":{"rendered":"<p><img decoding=\"async\" class=\"alignnone size-full wp-image-29155\" src=\"https:\/\/avesaguiar.ch\/wp-content\/uploads\/2026\/02\/public-copie.png\" alt=\"\" width=\"260\" height=\"54\" \/><img fetchpriority=\"high\" decoding=\"async\" class=\"alignnone size-medium wp-image-29014\" src=\"https:\/\/avesaguiar.ch\/wp-content\/uploads\/2026\/02\/public-10-210x300.jpg\" alt=\"\" width=\"210\" height=\"300\" \/><\/p>\n","protected":false},"featured_media":29009,"comment_status":"open","ping_status":"closed","template":"","meta":[],"product_brand":[386],"product_cat":[103,173],"product_tag":[],"class_list":{"0":"post-29006","1":"product","2":"type-product","3":"status-publish","4":"has-post-thumbnail","6":"product_brand-psittacus","7":"product_cat-oiseaux","8":"product_cat-oiseaux-alimentation","11":"first","12":"instock","13":"shipping-taxable","14":"purchasable","15":"product-type-variable"},"jetpack_sharing_enabled":true,"_links":{"self":[{"href":"https:\/\/avesaguiar.ch\/pt-pt\/wp-json\/wp\/v2\/product\/29006","targetHints":{"allow":["GET"]}}],"collection":[{"href":"https:\/\/avesaguiar.ch\/pt-pt\/wp-json\/wp\/v2\/product"}],"about":[{"href":"https:\/\/avesaguiar.ch\/pt-pt\/wp-json\/wp\/v2\/types\/product"}],"replies":[{"embeddable":true,"href":"https:\/\/avesaguiar.ch\/pt-pt\/wp-json\/wp\/v2\/comments?post=29006"}],"wp:featuredmedia":[{"embeddable":true,"href":"https:\/\/avesaguiar.ch\/pt-pt\/wp-json\/wp\/v2\/media\/29009"}],"wp:attachment":[{"href":"https:\/\/avesaguiar.ch\/pt-pt\/wp-json\/wp\/v2\/media?parent=29006"}],"wp:term":[{"taxonomy":"product_brand","embeddable":true,"href":"https:\/\/avesaguiar.ch\/pt-pt\/wp-json\/wp\/v2\/product_brand?post=29006"},{"taxonomy":"product_cat","embeddable":true,"href":"https:\/\/avesaguiar.ch\/pt-pt\/wp-json\/wp\/v2\/product_cat?post=29006"},{"taxonomy":"product_tag","embeddable":true,"href":"https:\/\/avesaguiar.ch\/pt-pt\/wp-json\/wp\/v2\/product_tag?post=29006"}],"curies":[{"name":"wp","href":"https:\/\/api.w.org\/{rel}","templated":true}]}}